{"id":14151,"date":"2025-07-15T12:52:16","date_gmt":"2025-07-15T10:52:16","guid":{"rendered":"https:\/\/uj.adatbank.ro\/lexikon\/termek\/lukacs-jozsef\/"},"modified":"2025-07-15T12:52:16","modified_gmt":"2025-07-15T10:52:16","slug":"lukacs-jozsef","status":"publish","type":"product","link":"https:\/\/uj.adatbank.ro\/lexikon\/termek\/lukacs-jozsef\/","title":{"rendered":"LUK\u00c1CS J\u00f3zsef"},"content":{"rendered":"<p>Gyergy\u00f3csomafalva,1884. jan. 4., \u2020 S\u00e1romberke, v. Mv., 1974. \u00e1pr. 1.: r. k. pap. \u2013 Gyulafeh\u00e9rv\u00e1ron v\u00e9gezte a f\u0151gimn.-ot \u00e9s a teol\u00f3gi\u00e1t, itt szentelt\u00e9k papp\u00e1 (1907. j\u00fan. 26.). A kv.-i egyetemen jog- \u00e9s \u00e1llamtudom\u00e1nyb\u00f3l szerzett doktor\u00e1tust. K\u00e1pl\u00e1n Cs\u00edktusn\u00e1don, Sz\u00e1szr\u00e9genben (1907\u201308), Gyergy\u00f3szentmikl\u00f3son (1911). Pl\u00e9b\u00e1nos Ditr\u00f3ban (1915\u201332), ahol a kat. algimn\u00e1zium igazgat\u00f3ja, \u00e9s az Alkoholellenes Sz\u00f6vets\u00e9g titk\u00e1ra, az Absztinens Pap c. lapnak a felel\u0151s szerk.-je (1913). Pl\u00e9b\u00e1nos Sz\u00e9kelyk\u00e1lon (1932\u201335). Nagyerny\u00e9ben szolg\u00e1lt (1936\u201344), B\u00e1lv\u00e1nyosv\u00e1ralj\u00e1n (1945\u2013), majd Ny\u00e1r\u00e1dsely\u00e9ben. Nyugd\u00edjaz\u00e1sa ut\u00e1n S\u00e1romberk\u00e9re k\u00f6lt\u00f6z\u00f6tt. <br \/><strong>Irod.:<\/strong> Ferenczi S\u00e1ndor 2009; Maros-k\u00fck\u00fcll\u0151i f\u0151esp.; Nagyernye; Sz\u00e9kelyk\u00e1l<\/br><\/p>\n","protected":false},"excerpt":{"rendered":"<p>Gyergy\u00f3csomafalva,1884. jan. 4., \u2020 S\u00e1romberke, v. Mv., 1974. \u00e1pr. 1.: r. k. pap. \u2013 Gyulafeh\u00e9rv\u00e1ron v\u00e9gezte a f\u0151gimn.-ot \u00e9s a teol\u00f3gi\u00e1t, itt szentelt\u00e9k papp\u00e1 (1907. j\u00fan. 26.). A kv.-i egyetemen jog- \u00e9s \u00e1llamtudom\u00e1nyb\u00f3l szerzett doktor\u00e1tust. K\u00e1pl\u00e1n Cs\u00edktusn\u00e1don, Sz\u00e1szr\u00e9genben (1907\u201308), Gyergy\u00f3szentmikl\u00f3son (1911). Pl\u00e9b\u00e1nos Ditr\u00f3ban (1915\u201332), ahol a kat. algimn\u00e1zium igazgat\u00f3ja, \u00e9s az Alkoholellenes Sz\u00f6vets\u00e9g titk\u00e1ra, az [&hellip;]<\/p>\n","protected":false},"featured_media":0,"comment_status":"open","ping_status":"closed","template":"","meta":[],"product_brand":[],"product_cat":[137],"product_tag":[],"class_list":{"0":"post-14151","1":"product","2":"type-product","3":"status-publish","5":"product_cat-maros-megyei-eletrajzi-lexikon","7":"first","8":"instock","9":"shipping-taxable","10":"product-type-simple"},"_links":{"self":[{"href":"https:\/\/uj.adatbank.ro\/lexikon\/wp-json\/wp\/v2\/product\/14151","targetHints":{"allow":["GET"]}}],"collection":[{"href":"https:\/\/uj.adatbank.ro\/lexikon\/wp-json\/wp\/v2\/product"}],"about":[{"href":"https:\/\/uj.adatbank.ro\/lexikon\/wp-json\/wp\/v2\/types\/product"}],"replies":[{"embeddable":true,"href":"https:\/\/uj.adatbank.ro\/lexikon\/wp-json\/wp\/v2\/comments?post=14151"}],"wp:attachment":[{"href":"https:\/\/uj.adatbank.ro\/lexikon\/wp-json\/wp\/v2\/media?parent=14151"}],"wp:term":[{"taxonomy":"product_brand","embeddable":true,"href":"https:\/\/uj.adatbank.ro\/lexikon\/wp-json\/wp\/v2\/product_brand?post=14151"},{"taxonomy":"product_cat","embeddable":true,"href":"https:\/\/uj.adatbank.ro\/lexikon\/wp-json\/wp\/v2\/product_cat?post=14151"},{"taxonomy":"product_tag","embeddable":true,"href":"https:\/\/uj.adatbank.ro\/lexikon\/wp-json\/wp\/v2\/product_tag?post=14151"}],"curies":[{"name":"wp","href":"https:\/\/api.w.org\/{rel}","templated":true}]}}