{"id":14154,"date":"2025-07-15T12:52:22","date_gmt":"2025-07-15T10:52:22","guid":{"rendered":"https:\/\/uj.adatbank.ro\/lexikon\/termek\/lukacs-laszlo\/"},"modified":"2025-07-15T12:52:22","modified_gmt":"2025-07-15T10:52:22","slug":"lukacs-laszlo","status":"publish","type":"product","link":"https:\/\/uj.adatbank.ro\/lexikon\/termek\/lukacs-laszlo\/","title":{"rendered":"LUK\u00c1CS L\u00e1szl\u00f3"},"content":{"rendered":"<p>?, \u2020\u00a0?\u00a0:miniszter. \u2013 Magyarorsz\u00e1g p\u00e9nz\u00fcgyminisztere, majd minisztereln\u00f6k (1912\u20131913). <br \/><strong>Irod.:<\/strong> Nagy- Bod\u00f3 Tibor. Per\u00e9nyi Luk\u00e1csok a t\u00f6rt\u00e9nelem sodr\u00e1s\u00e1ban (N\u00fa., 2022.j\u00fan.24., p.15.)<\/br><\/p>\n","protected":false},"excerpt":{"rendered":"<p>?, \u2020\u00a0?\u00a0:miniszter. \u2013 Magyarorsz\u00e1g p\u00e9nz\u00fcgyminisztere, majd minisztereln\u00f6k (1912\u20131913). Irod.: Nagy- Bod\u00f3 Tibor. Per\u00e9nyi Luk\u00e1csok a t\u00f6rt\u00e9nelem sodr\u00e1s\u00e1ban (N\u00fa., 2022.j\u00fan.24., p.15.)<\/p>\n","protected":false},"featured_media":0,"comment_status":"open","ping_status":"closed","template":"","meta":[],"product_brand":[],"product_cat":[137],"product_tag":[],"class_list":{"0":"post-14154","1":"product","2":"type-product","3":"status-publish","5":"product_cat-maros-megyei-eletrajzi-lexikon","7":"first","8":"instock","9":"shipping-taxable","10":"product-type-simple"},"_links":{"self":[{"href":"https:\/\/uj.adatbank.ro\/lexikon\/wp-json\/wp\/v2\/product\/14154","targetHints":{"allow":["GET"]}}],"collection":[{"href":"https:\/\/uj.adatbank.ro\/lexikon\/wp-json\/wp\/v2\/product"}],"about":[{"href":"https:\/\/uj.adatbank.ro\/lexikon\/wp-json\/wp\/v2\/types\/product"}],"replies":[{"embeddable":true,"href":"https:\/\/uj.adatbank.ro\/lexikon\/wp-json\/wp\/v2\/comments?post=14154"}],"wp:attachment":[{"href":"https:\/\/uj.adatbank.ro\/lexikon\/wp-json\/wp\/v2\/media?parent=14154"}],"wp:term":[{"taxonomy":"product_brand","embeddable":true,"href":"https:\/\/uj.adatbank.ro\/lexikon\/wp-json\/wp\/v2\/product_brand?post=14154"},{"taxonomy":"product_cat","embeddable":true,"href":"https:\/\/uj.adatbank.ro\/lexikon\/wp-json\/wp\/v2\/product_cat?post=14154"},{"taxonomy":"product_tag","embeddable":true,"href":"https:\/\/uj.adatbank.ro\/lexikon\/wp-json\/wp\/v2\/product_tag?post=14154"}],"curies":[{"name":"wp","href":"https:\/\/api.w.org\/{rel}","templated":true}]}}