{"id":14157,"date":"2025-07-15T12:52:27","date_gmt":"2025-07-15T10:52:27","guid":{"rendered":"https:\/\/uj.adatbank.ro\/lexikon\/termek\/lukacs-marton\/"},"modified":"2025-07-15T12:52:27","modified_gmt":"2025-07-15T10:52:27","slug":"lukacs-marton","status":"publish","type":"product","link":"https:\/\/uj.adatbank.ro\/lexikon\/termek\/lukacs-marton\/","title":{"rendered":"LUK\u00c1CS M\u00e1rton"},"content":{"rendered":"<p>Atyha, ? \u2020 Szov\u00e1ta, 1732 : r.k. pap. \u2013 Kv.-on tanult. Szov\u00e1t\u00e1n pl\u00e9b\u00e1nos (1731\u201334). Az utols\u00f3 licenci\u00e1tus aki pl\u00e9b\u00e1ni\u00e1t vezetett, latinul is besz\u00e9lt Halm\u00e1gyi M\u00f3zes felszentelt pap v\u00e1ltotta fel (1733). <br \/><strong>Irod.:<\/strong> Ferenczi S\u00e1ndor 2009; Ferenczi S\u00e1ndor 2012 ; Maros \u2013 m\u0171eml\u00e9kek<\/br><\/p>\n","protected":false},"excerpt":{"rendered":"<p>Atyha, ? \u2020 Szov\u00e1ta, 1732 : r.k. pap. \u2013 Kv.-on tanult. Szov\u00e1t\u00e1n pl\u00e9b\u00e1nos (1731\u201334). Az utols\u00f3 licenci\u00e1tus aki pl\u00e9b\u00e1ni\u00e1t vezetett, latinul is besz\u00e9lt Halm\u00e1gyi M\u00f3zes felszentelt pap v\u00e1ltotta fel (1733). Irod.: Ferenczi S\u00e1ndor 2009; Ferenczi S\u00e1ndor 2012 ; Maros \u2013 m\u0171eml\u00e9kek<\/p>\n","protected":false},"featured_media":0,"comment_status":"open","ping_status":"closed","template":"","meta":[],"product_brand":[],"product_cat":[137],"product_tag":[],"class_list":{"0":"post-14157","1":"product","2":"type-product","3":"status-publish","5":"product_cat-maros-megyei-eletrajzi-lexikon","7":"first","8":"instock","9":"shipping-taxable","10":"product-type-simple"},"_links":{"self":[{"href":"https:\/\/uj.adatbank.ro\/lexikon\/wp-json\/wp\/v2\/product\/14157","targetHints":{"allow":["GET"]}}],"collection":[{"href":"https:\/\/uj.adatbank.ro\/lexikon\/wp-json\/wp\/v2\/product"}],"about":[{"href":"https:\/\/uj.adatbank.ro\/lexikon\/wp-json\/wp\/v2\/types\/product"}],"replies":[{"embeddable":true,"href":"https:\/\/uj.adatbank.ro\/lexikon\/wp-json\/wp\/v2\/comments?post=14157"}],"wp:attachment":[{"href":"https:\/\/uj.adatbank.ro\/lexikon\/wp-json\/wp\/v2\/media?parent=14157"}],"wp:term":[{"taxonomy":"product_brand","embeddable":true,"href":"https:\/\/uj.adatbank.ro\/lexikon\/wp-json\/wp\/v2\/product_brand?post=14157"},{"taxonomy":"product_cat","embeddable":true,"href":"https:\/\/uj.adatbank.ro\/lexikon\/wp-json\/wp\/v2\/product_cat?post=14157"},{"taxonomy":"product_tag","embeddable":true,"href":"https:\/\/uj.adatbank.ro\/lexikon\/wp-json\/wp\/v2\/product_tag?post=14157"}],"curies":[{"name":"wp","href":"https:\/\/api.w.org\/{rel}","templated":true}]}}