{"id":14160,"date":"2025-07-15T12:52:33","date_gmt":"2025-07-15T10:52:33","guid":{"rendered":"https:\/\/uj.adatbank.ro\/lexikon\/termek\/lukacs-pal\/"},"modified":"2025-07-15T12:52:33","modified_gmt":"2025-07-15T10:52:33","slug":"lukacs-pal","status":"publish","type":"product","link":"https:\/\/uj.adatbank.ro\/lexikon\/termek\/lukacs-pal\/","title":{"rendered":"LUK\u00c1CS P\u00e1l"},"content":{"rendered":"<p>1905 \u2020\u00a0?: \u00f6rm\u00e9ny keresked\u0151. \u2013 \u00c1brah\u00e1m P\u00e1l, szint\u00e9n \u00f6rm\u00e9ny keresked\u0151vel Mv.-en \u00e1rus\u00edt\u00e1si jogot kaptak a magisztr\u00e1tust\u00f3l (1767). Addig Patrub\u00e1ny Luk\u00e1ccsal egy\u00fctt voltak, de mivel megk\u00fcl\u00f6nb\u00f6ztek saj\u00e1t boltot nyitottak Sokadalmi s\u00e1torhelyet biztos\u00edtott nekik a v\u00e1ros Patrub\u00e1ny\u00e9val szemben. A v\u00e1rosban tev\u00e9kenyked\u0151 5 \u00f6rm\u00e9ny keresked\u0151 egyike Mv.-en (1778). <br \/><strong>Irod.:<\/strong> Mv.-i \u00f6rm\u00e9nyek; P\u00e1l-Antal 2009; P\u00e1l-Antal S\u00e1ndor:\u00d6rm\u00e9nyek Mv.-en 1848 el\u0151tt=Pusk\u00e1s-Sz\u00e1sz \u00c1v\u00e9d<\/br><\/p>\n","protected":false},"excerpt":{"rendered":"<p>1905 \u2020\u00a0?: \u00f6rm\u00e9ny keresked\u0151. \u2013 \u00c1brah\u00e1m P\u00e1l, szint\u00e9n \u00f6rm\u00e9ny keresked\u0151vel Mv.-en \u00e1rus\u00edt\u00e1si jogot kaptak a magisztr\u00e1tust\u00f3l (1767). Addig Patrub\u00e1ny Luk\u00e1ccsal egy\u00fctt voltak, de mivel megk\u00fcl\u00f6nb\u00f6ztek saj\u00e1t boltot nyitottak Sokadalmi s\u00e1torhelyet biztos\u00edtott nekik a v\u00e1ros Patrub\u00e1ny\u00e9val szemben. A v\u00e1rosban tev\u00e9kenyked\u0151 5 \u00f6rm\u00e9ny keresked\u0151 egyike Mv.-en (1778). Irod.: Mv.-i \u00f6rm\u00e9nyek; P\u00e1l-Antal 2009; P\u00e1l-Antal S\u00e1ndor:\u00d6rm\u00e9nyek Mv.-en 1848 el\u0151tt=Pusk\u00e1s-Sz\u00e1sz [&hellip;]<\/p>\n","protected":false},"featured_media":0,"comment_status":"open","ping_status":"closed","template":"","meta":[],"product_brand":[],"product_cat":[137],"product_tag":[],"class_list":{"0":"post-14160","1":"product","2":"type-product","3":"status-publish","5":"product_cat-maros-megyei-eletrajzi-lexikon","7":"first","8":"instock","9":"shipping-taxable","10":"product-type-simple"},"_links":{"self":[{"href":"https:\/\/uj.adatbank.ro\/lexikon\/wp-json\/wp\/v2\/product\/14160","targetHints":{"allow":["GET"]}}],"collection":[{"href":"https:\/\/uj.adatbank.ro\/lexikon\/wp-json\/wp\/v2\/product"}],"about":[{"href":"https:\/\/uj.adatbank.ro\/lexikon\/wp-json\/wp\/v2\/types\/product"}],"replies":[{"embeddable":true,"href":"https:\/\/uj.adatbank.ro\/lexikon\/wp-json\/wp\/v2\/comments?post=14160"}],"wp:attachment":[{"href":"https:\/\/uj.adatbank.ro\/lexikon\/wp-json\/wp\/v2\/media?parent=14160"}],"wp:term":[{"taxonomy":"product_brand","embeddable":true,"href":"https:\/\/uj.adatbank.ro\/lexikon\/wp-json\/wp\/v2\/product_brand?post=14160"},{"taxonomy":"product_cat","embeddable":true,"href":"https:\/\/uj.adatbank.ro\/lexikon\/wp-json\/wp\/v2\/product_cat?post=14160"},{"taxonomy":"product_tag","embeddable":true,"href":"https:\/\/uj.adatbank.ro\/lexikon\/wp-json\/wp\/v2\/product_tag?post=14160"}],"curies":[{"name":"wp","href":"https:\/\/api.w.org\/{rel}","templated":true}]}}