{"id":14161,"date":"2025-07-15T12:52:34","date_gmt":"2025-07-15T10:52:34","guid":{"rendered":"https:\/\/uj.adatbank.ro\/lexikon\/termek\/lukacs-peter\/"},"modified":"2025-07-15T12:52:34","modified_gmt":"2025-07-15T10:52:34","slug":"lukacs-peter","status":"publish","type":"product","link":"https:\/\/uj.adatbank.ro\/lexikon\/termek\/lukacs-peter\/","title":{"rendered":"LUK\u00c1CS P\u00e9ter"},"content":{"rendered":"<p>Sz\u00e9kelyk\u00f6vesd, 1910.,\u2020\u00a0?: ref. k\u00e1ntor. \u2013 Iskol\u00e1it Sz\u00e9kelykereszt\u00faron v\u00e9gezte \u00e9s Nagyenyeden tett k\u00e1ntori vizsg\u00e1t. T\u00f6bb \u00e1llom\u00e1shelye ut\u00e1n Mez\u0151m\u00e9nsre (1938), majd Marosszentkir\u00e1lyra ker\u00fclt k\u00e1ntornak (1939\u2013). <br \/><strong>Irod.:<\/strong> Sz\u00e9kelyf\u00f6ld \u00ed.k.<\/br><\/p>\n","protected":false},"excerpt":{"rendered":"<p>Sz\u00e9kelyk\u00f6vesd, 1910.,\u2020\u00a0?: ref. k\u00e1ntor. \u2013 Iskol\u00e1it Sz\u00e9kelykereszt\u00faron v\u00e9gezte \u00e9s Nagyenyeden tett k\u00e1ntori vizsg\u00e1t. T\u00f6bb \u00e1llom\u00e1shelye ut\u00e1n Mez\u0151m\u00e9nsre (1938), majd Marosszentkir\u00e1lyra ker\u00fclt k\u00e1ntornak (1939\u2013). Irod.: Sz\u00e9kelyf\u00f6ld \u00ed.k.<\/p>\n","protected":false},"featured_media":0,"comment_status":"open","ping_status":"closed","template":"","meta":[],"product_brand":[],"product_cat":[137],"product_tag":[],"class_list":{"0":"post-14161","1":"product","2":"type-product","3":"status-publish","5":"product_cat-maros-megyei-eletrajzi-lexikon","7":"first","8":"instock","9":"shipping-taxable","10":"product-type-simple"},"_links":{"self":[{"href":"https:\/\/uj.adatbank.ro\/lexikon\/wp-json\/wp\/v2\/product\/14161","targetHints":{"allow":["GET"]}}],"collection":[{"href":"https:\/\/uj.adatbank.ro\/lexikon\/wp-json\/wp\/v2\/product"}],"about":[{"href":"https:\/\/uj.adatbank.ro\/lexikon\/wp-json\/wp\/v2\/types\/product"}],"replies":[{"embeddable":true,"href":"https:\/\/uj.adatbank.ro\/lexikon\/wp-json\/wp\/v2\/comments?post=14161"}],"wp:attachment":[{"href":"https:\/\/uj.adatbank.ro\/lexikon\/wp-json\/wp\/v2\/media?parent=14161"}],"wp:term":[{"taxonomy":"product_brand","embeddable":true,"href":"https:\/\/uj.adatbank.ro\/lexikon\/wp-json\/wp\/v2\/product_brand?post=14161"},{"taxonomy":"product_cat","embeddable":true,"href":"https:\/\/uj.adatbank.ro\/lexikon\/wp-json\/wp\/v2\/product_cat?post=14161"},{"taxonomy":"product_tag","embeddable":true,"href":"https:\/\/uj.adatbank.ro\/lexikon\/wp-json\/wp\/v2\/product_tag?post=14161"}],"curies":[{"name":"wp","href":"https:\/\/api.w.org\/{rel}","templated":true}]}}