{"id":14163,"date":"2025-07-15T12:52:37","date_gmt":"2025-07-15T10:52:37","guid":{"rendered":"https:\/\/uj.adatbank.ro\/lexikon\/termek\/lukacs-sandor\/"},"modified":"2025-07-15T12:52:37","modified_gmt":"2025-07-15T10:52:37","slug":"lukacs-sandor","status":"publish","type":"product","link":"https:\/\/uj.adatbank.ro\/lexikon\/termek\/lukacs-sandor\/","title":{"rendered":"LUK\u00c1CS S\u00e1ndor"},"content":{"rendered":"<p>? \u2020\u00a0?: cip\u00e9sz \u00e9s csizmadia mester. \u2013 \u00d6n\u00e1ll\u00f3 m\u0171helyt nyitott Mv.-en (1905). Az els\u0151 vh.-ban frontszolg\u00e1latot teljes\u00edtett (1914\u201318), a K\u00e1roly Csapatkereszt kit\u00fcntet\u00e9ssel szerelt le. Tagja volt a M. N\u00e1pk\u00f6z\u00f6ss\u00e9g P\u00e1rtj\u00e1nak, a M. Iparos Egyes\u00fcletnek \u00e9s a Csizmadia Temetkez\u00e9si T\u00e1rsulatnak. <br \/><strong>Irod.:<\/strong> Visnai<\/br><\/p>\n","protected":false},"excerpt":{"rendered":"<p>? \u2020\u00a0?: cip\u00e9sz \u00e9s csizmadia mester. \u2013 \u00d6n\u00e1ll\u00f3 m\u0171helyt nyitott Mv.-en (1905). Az els\u0151 vh.-ban frontszolg\u00e1latot teljes\u00edtett (1914\u201318), a K\u00e1roly Csapatkereszt kit\u00fcntet\u00e9ssel szerelt le. Tagja volt a M. N\u00e1pk\u00f6z\u00f6ss\u00e9g P\u00e1rtj\u00e1nak, a M. Iparos Egyes\u00fcletnek \u00e9s a Csizmadia Temetkez\u00e9si T\u00e1rsulatnak. Irod.: Visnai<\/p>\n","protected":false},"featured_media":0,"comment_status":"open","ping_status":"closed","template":"","meta":[],"product_brand":[],"product_cat":[137],"product_tag":[],"class_list":{"0":"post-14163","1":"product","2":"type-product","3":"status-publish","5":"product_cat-maros-megyei-eletrajzi-lexikon","7":"first","8":"instock","9":"shipping-taxable","10":"product-type-simple"},"_links":{"self":[{"href":"https:\/\/uj.adatbank.ro\/lexikon\/wp-json\/wp\/v2\/product\/14163","targetHints":{"allow":["GET"]}}],"collection":[{"href":"https:\/\/uj.adatbank.ro\/lexikon\/wp-json\/wp\/v2\/product"}],"about":[{"href":"https:\/\/uj.adatbank.ro\/lexikon\/wp-json\/wp\/v2\/types\/product"}],"replies":[{"embeddable":true,"href":"https:\/\/uj.adatbank.ro\/lexikon\/wp-json\/wp\/v2\/comments?post=14163"}],"wp:attachment":[{"href":"https:\/\/uj.adatbank.ro\/lexikon\/wp-json\/wp\/v2\/media?parent=14163"}],"wp:term":[{"taxonomy":"product_brand","embeddable":true,"href":"https:\/\/uj.adatbank.ro\/lexikon\/wp-json\/wp\/v2\/product_brand?post=14163"},{"taxonomy":"product_cat","embeddable":true,"href":"https:\/\/uj.adatbank.ro\/lexikon\/wp-json\/wp\/v2\/product_cat?post=14163"},{"taxonomy":"product_tag","embeddable":true,"href":"https:\/\/uj.adatbank.ro\/lexikon\/wp-json\/wp\/v2\/product_tag?post=14163"}],"curies":[{"name":"wp","href":"https:\/\/api.w.org\/{rel}","templated":true}]}}