{"id":14165,"date":"2025-07-15T12:52:43","date_gmt":"2025-07-15T10:52:43","guid":{"rendered":"https:\/\/uj.adatbank.ro\/lexikon\/termek\/lukacs-sandor-3\/"},"modified":"2025-07-15T12:52:43","modified_gmt":"2025-07-15T10:52:43","slug":"lukacs-sandor-3","status":"publish","type":"product","link":"https:\/\/uj.adatbank.ro\/lexikon\/termek\/lukacs-sandor-3\/","title":{"rendered":"LUK\u00c1CS S\u00e1ndor"},"content":{"rendered":"<p>1909.\u2020 ?: tisztvisel\u0151. \u2013 Feles\u00e9ge:Anka \u00c9va. \u2013 A Magyar P\u00e9nzint\u00e9zeti K\u00f6zpont tisztvisel\u0151je. A n\u00e9metek elleni szervezked\u00e9sben vett r\u00e9szt (1945). K\u00fcl\u00f6nb\u00f6z\u0151 eur\u00f3pai orsz\u00e1gokban, majd Peruba emigr\u00e1lt. <br \/><strong>Irod.:<\/strong> Nagy-Bod\u00f3 Tibor. Per\u00e9nyi Luk\u00e1csok a t\u00f6rt\u00e9nelem sodr\u00e1s\u00e1ban (N\u00fa., 2022.j\u00fan.24., p.15.)<\/br><\/p>\n","protected":false},"excerpt":{"rendered":"<p>1909.\u2020 ?: tisztvisel\u0151. \u2013 Feles\u00e9ge:Anka \u00c9va. \u2013 A Magyar P\u00e9nzint\u00e9zeti K\u00f6zpont tisztvisel\u0151je. A n\u00e9metek elleni szervezked\u00e9sben vett r\u00e9szt (1945). K\u00fcl\u00f6nb\u00f6z\u0151 eur\u00f3pai orsz\u00e1gokban, majd Peruba emigr\u00e1lt. Irod.: Nagy-Bod\u00f3 Tibor. Per\u00e9nyi Luk\u00e1csok a t\u00f6rt\u00e9nelem sodr\u00e1s\u00e1ban (N\u00fa., 2022.j\u00fan.24., p.15.)<\/p>\n","protected":false},"featured_media":0,"comment_status":"open","ping_status":"closed","template":"","meta":[],"product_brand":[],"product_cat":[137],"product_tag":[],"class_list":{"0":"post-14165","1":"product","2":"type-product","3":"status-publish","5":"product_cat-maros-megyei-eletrajzi-lexikon","7":"first","8":"instock","9":"shipping-taxable","10":"product-type-simple"},"_links":{"self":[{"href":"https:\/\/uj.adatbank.ro\/lexikon\/wp-json\/wp\/v2\/product\/14165","targetHints":{"allow":["GET"]}}],"collection":[{"href":"https:\/\/uj.adatbank.ro\/lexikon\/wp-json\/wp\/v2\/product"}],"about":[{"href":"https:\/\/uj.adatbank.ro\/lexikon\/wp-json\/wp\/v2\/types\/product"}],"replies":[{"embeddable":true,"href":"https:\/\/uj.adatbank.ro\/lexikon\/wp-json\/wp\/v2\/comments?post=14165"}],"wp:attachment":[{"href":"https:\/\/uj.adatbank.ro\/lexikon\/wp-json\/wp\/v2\/media?parent=14165"}],"wp:term":[{"taxonomy":"product_brand","embeddable":true,"href":"https:\/\/uj.adatbank.ro\/lexikon\/wp-json\/wp\/v2\/product_brand?post=14165"},{"taxonomy":"product_cat","embeddable":true,"href":"https:\/\/uj.adatbank.ro\/lexikon\/wp-json\/wp\/v2\/product_cat?post=14165"},{"taxonomy":"product_tag","embeddable":true,"href":"https:\/\/uj.adatbank.ro\/lexikon\/wp-json\/wp\/v2\/product_tag?post=14165"}],"curies":[{"name":"wp","href":"https:\/\/api.w.org\/{rel}","templated":true}]}}