{"id":14166,"date":"2025-07-15T12:52:45","date_gmt":"2025-07-15T10:52:45","guid":{"rendered":"https:\/\/uj.adatbank.ro\/lexikon\/termek\/lukacs-sandorne-anka-eva\/"},"modified":"2025-07-15T12:52:45","modified_gmt":"2025-07-15T10:52:45","slug":"lukacs-sandorne-anka-eva","status":"publish","type":"product","link":"https:\/\/uj.adatbank.ro\/lexikon\/termek\/lukacs-sandorne-anka-eva\/","title":{"rendered":"LUK\u00c1CS S\u00e1ndorn\u00e9, Anka \u00c9va"},"content":{"rendered":"<p>Dics\u0151szentm\u00e1rton,1909.\u2020 ?: \u00edr\u00f3. \u2013 Anka J\u00e1nos \u00e9s Dobay M\u00e1ria le\u00e1nya. \u2013 <strong>F. m.:<\/strong> \u00cdme az ember (versek) (1941) \u00e9s 2. kiad.a Mv.-i \u00d6rm\u00e9ny-Magyar Kultur\u00e1lis     Egyes\u00fclet (2021); Erd\u0151n, mez\u0151n j\u00e1rtam:novell\u00e1k (1944).  <br \/><strong>Irod.:<\/strong> Nagy-Bod\u00f3 Tibor. Per\u00e9nyi Luk\u00e1csok a t\u00f6rt\u00e9nelem sodr\u00e1s\u00e1ban (N\u00fa., 2022.j\u00fan.24., p.15.)<\/br><\/p>\n","protected":false},"excerpt":{"rendered":"<p>Dics\u0151szentm\u00e1rton,1909.\u2020 ?: \u00edr\u00f3. \u2013 Anka J\u00e1nos \u00e9s Dobay M\u00e1ria le\u00e1nya. \u2013 F. m.: \u00cdme az ember (versek) (1941) \u00e9s 2. kiad.a Mv.-i \u00d6rm\u00e9ny-Magyar Kultur\u00e1lis Egyes\u00fclet (2021); Erd\u0151n, mez\u0151n j\u00e1rtam:novell\u00e1k (1944). Irod.: Nagy-Bod\u00f3 Tibor. Per\u00e9nyi Luk\u00e1csok a t\u00f6rt\u00e9nelem sodr\u00e1s\u00e1ban (N\u00fa., 2022.j\u00fan.24., p.15.)<\/p>\n","protected":false},"featured_media":0,"comment_status":"open","ping_status":"closed","template":"","meta":[],"product_brand":[],"product_cat":[137],"product_tag":[],"class_list":{"0":"post-14166","1":"product","2":"type-product","3":"status-publish","5":"product_cat-maros-megyei-eletrajzi-lexikon","7":"first","8":"instock","9":"shipping-taxable","10":"product-type-simple"},"_links":{"self":[{"href":"https:\/\/uj.adatbank.ro\/lexikon\/wp-json\/wp\/v2\/product\/14166","targetHints":{"allow":["GET"]}}],"collection":[{"href":"https:\/\/uj.adatbank.ro\/lexikon\/wp-json\/wp\/v2\/product"}],"about":[{"href":"https:\/\/uj.adatbank.ro\/lexikon\/wp-json\/wp\/v2\/types\/product"}],"replies":[{"embeddable":true,"href":"https:\/\/uj.adatbank.ro\/lexikon\/wp-json\/wp\/v2\/comments?post=14166"}],"wp:attachment":[{"href":"https:\/\/uj.adatbank.ro\/lexikon\/wp-json\/wp\/v2\/media?parent=14166"}],"wp:term":[{"taxonomy":"product_brand","embeddable":true,"href":"https:\/\/uj.adatbank.ro\/lexikon\/wp-json\/wp\/v2\/product_brand?post=14166"},{"taxonomy":"product_cat","embeddable":true,"href":"https:\/\/uj.adatbank.ro\/lexikon\/wp-json\/wp\/v2\/product_cat?post=14166"},{"taxonomy":"product_tag","embeddable":true,"href":"https:\/\/uj.adatbank.ro\/lexikon\/wp-json\/wp\/v2\/product_tag?post=14166"}],"curies":[{"name":"wp","href":"https:\/\/api.w.org\/{rel}","templated":true}]}}