{"id":14167,"date":"2025-07-15T12:52:46","date_gmt":"2025-07-15T10:52:46","guid":{"rendered":"https:\/\/uj.adatbank.ro\/lexikon\/termek\/lukacs-teofil-p\/"},"modified":"2025-07-15T12:52:46","modified_gmt":"2025-07-15T10:52:46","slug":"lukacs-teofil-p","status":"publish","type":"product","link":"https:\/\/uj.adatbank.ro\/lexikon\/termek\/lukacs-teofil-p\/","title":{"rendered":"LUK\u00c1CS Teofil P."},"content":{"rendered":"<p>Gyergy\u00f3sz\u00e1rhegy,1907.,\u2020\u00a0?: szerzetes. \u2013 K\u00f6z\u00e9piskol\u00e1it Gyergy\u00f3szentmikl\u00f3son \u00e9s Udvarhelyen, teol\u00f3giai tanulm\u00e1nyait Vajdahunyadon v\u00e9gezte, papp\u00e1 szentelt\u00e9k Gyulafeh\u00e9rv\u00e1ron (1930). Papi p\u00e1lyafut\u00e1s\u00e1t Vajdahunyadon kezdte, majd Szatm\u00e1r, D\u00e9s, Mv. ut\u00e1n Mikh\u00e1z\u00e1ra ker\u00fclt (1940), ahol mint rendh\u00e1zf\u00f6n\u00f6k tejes\u00edtett szolg\u00e1latot. <br \/><strong>Irod.:<\/strong> Sz\u00e9kelyf\u00f6ld \u00ed.k.<\/br><\/p>\n","protected":false},"excerpt":{"rendered":"<p>Gyergy\u00f3sz\u00e1rhegy,1907.,\u2020\u00a0?: szerzetes. \u2013 K\u00f6z\u00e9piskol\u00e1it Gyergy\u00f3szentmikl\u00f3son \u00e9s Udvarhelyen, teol\u00f3giai tanulm\u00e1nyait Vajdahunyadon v\u00e9gezte, papp\u00e1 szentelt\u00e9k Gyulafeh\u00e9rv\u00e1ron (1930). Papi p\u00e1lyafut\u00e1s\u00e1t Vajdahunyadon kezdte, majd Szatm\u00e1r, D\u00e9s, Mv. ut\u00e1n Mikh\u00e1z\u00e1ra ker\u00fclt (1940), ahol mint rendh\u00e1zf\u00f6n\u00f6k tejes\u00edtett szolg\u00e1latot. Irod.: Sz\u00e9kelyf\u00f6ld \u00ed.k.<\/p>\n","protected":false},"featured_media":0,"comment_status":"open","ping_status":"closed","template":"","meta":[],"product_brand":[],"product_cat":[137],"product_tag":[],"class_list":{"0":"post-14167","1":"product","2":"type-product","3":"status-publish","5":"product_cat-maros-megyei-eletrajzi-lexikon","7":"first","8":"instock","9":"shipping-taxable","10":"product-type-simple"},"_links":{"self":[{"href":"https:\/\/uj.adatbank.ro\/lexikon\/wp-json\/wp\/v2\/product\/14167","targetHints":{"allow":["GET"]}}],"collection":[{"href":"https:\/\/uj.adatbank.ro\/lexikon\/wp-json\/wp\/v2\/product"}],"about":[{"href":"https:\/\/uj.adatbank.ro\/lexikon\/wp-json\/wp\/v2\/types\/product"}],"replies":[{"embeddable":true,"href":"https:\/\/uj.adatbank.ro\/lexikon\/wp-json\/wp\/v2\/comments?post=14167"}],"wp:attachment":[{"href":"https:\/\/uj.adatbank.ro\/lexikon\/wp-json\/wp\/v2\/media?parent=14167"}],"wp:term":[{"taxonomy":"product_brand","embeddable":true,"href":"https:\/\/uj.adatbank.ro\/lexikon\/wp-json\/wp\/v2\/product_brand?post=14167"},{"taxonomy":"product_cat","embeddable":true,"href":"https:\/\/uj.adatbank.ro\/lexikon\/wp-json\/wp\/v2\/product_cat?post=14167"},{"taxonomy":"product_tag","embeddable":true,"href":"https:\/\/uj.adatbank.ro\/lexikon\/wp-json\/wp\/v2\/product_tag?post=14167"}],"curies":[{"name":"wp","href":"https:\/\/api.w.org\/{rel}","templated":true}]}}