{"id":14171,"date":"2025-07-15T12:52:54","date_gmt":"2025-07-15T10:52:54","guid":{"rendered":"https:\/\/uj.adatbank.ro\/lexikon\/termek\/lukacsy-istvan\/"},"modified":"2025-07-15T12:52:54","modified_gmt":"2025-07-15T10:52:54","slug":"lukacsy-istvan","status":"publish","type":"product","link":"https:\/\/uj.adatbank.ro\/lexikon\/termek\/lukacsy-istvan\/","title":{"rendered":"LUK\u00c1CSY Istv\u00e1n"},"content":{"rendered":"<p>? \u2020\u00a0?: sz\u00edn\u00e9sz. \u2013 A mv.-i Sz\u00e9kely Sz\u00ednh\u00e1zban j\u00e1tszott (1950\u2013). \u2013 <strong>F. sz.:<\/strong> Lungu Mircea (Baranga: Dudva), Vologya (K. Szimonov: Leg\u00e9ny a talp\u00e1n); Fot\u00f3riporter (Tur testv\u00e9rk: Villa a mell\u00e9kutc\u00e1ban); Szab\u00f3 Ern\u0151: Vid\u00e1m vak\u00e1ci\u00f3 = Vid\u00e1m ny\u00e1ri m\u0171sor (1950); L\u00e9ingel (Tur testv\u00e9rek-Seinin: Kinek kedvez az id\u0151), Gora tervez\u0151 (Burjakovszkij: \u00dczenet az \u00e9l\u0151knek); Vasile Ponoran (Davidoglu: T\u0171zer\u0151d), J\u00f3 mulat\u00e1st (1953); Miska szolga (Gogoly: A revizor), Pintea J\u00f3ska fav\u00e1g\u00f3 (Kiss-Kov\u00e1ts: Vihar a havason), Jaszom k\u00f6zhusz\u00e1r (M\u00f3ricz Zs.: Uri muri); 2. komszomolista (A. Grigulis: Agyag \u00e9s porcel\u00e1n); Szobafest\u0151 inas (M. Gorkij: Kispolg\u00e1rok); Petruska inas (Gribojedov: Az \u00e9sz bajjal j\u00e1r); Nyomd\u00e1szinas (Nusics: A kegyelmes asszony); Hajdu (Horv\u00e1th \u00c1goston: Varga Katalin); Galeotto Marzio (Heltai Jen\u0151: A n\u00e9ma levente), Nicolas, Petruchio szolg\u00e1ja (Shakespeare: A makrancos h\u00f6lgy); S A. leg\u00e9ny (Wolf F.: Mamlock professzor). <br \/><strong>Irod.:<\/strong> Horv\u00e1th Bea<\/br><\/p>\n","protected":false},"excerpt":{"rendered":"<p>? \u2020\u00a0?: sz\u00edn\u00e9sz. \u2013 A mv.-i Sz\u00e9kely Sz\u00ednh\u00e1zban j\u00e1tszott (1950\u2013). \u2013 F. sz.: Lungu Mircea (Baranga: Dudva), Vologya (K. Szimonov: Leg\u00e9ny a talp\u00e1n); Fot\u00f3riporter (Tur testv\u00e9rk: Villa a mell\u00e9kutc\u00e1ban); Szab\u00f3 Ern\u0151: Vid\u00e1m vak\u00e1ci\u00f3 = Vid\u00e1m ny\u00e1ri m\u0171sor (1950); L\u00e9ingel (Tur testv\u00e9rek-Seinin: Kinek kedvez az id\u0151), Gora tervez\u0151 (Burjakovszkij: \u00dczenet az \u00e9l\u0151knek); Vasile Ponoran (Davidoglu: T\u0171zer\u0151d), [&hellip;]<\/p>\n","protected":false},"featured_media":0,"comment_status":"open","ping_status":"closed","template":"","meta":[],"product_brand":[],"product_cat":[137],"product_tag":[],"class_list":{"0":"post-14171","1":"product","2":"type-product","3":"status-publish","5":"product_cat-maros-megyei-eletrajzi-lexikon","7":"first","8":"instock","9":"shipping-taxable","10":"product-type-simple"},"_links":{"self":[{"href":"https:\/\/uj.adatbank.ro\/lexikon\/wp-json\/wp\/v2\/product\/14171","targetHints":{"allow":["GET"]}}],"collection":[{"href":"https:\/\/uj.adatbank.ro\/lexikon\/wp-json\/wp\/v2\/product"}],"about":[{"href":"https:\/\/uj.adatbank.ro\/lexikon\/wp-json\/wp\/v2\/types\/product"}],"replies":[{"embeddable":true,"href":"https:\/\/uj.adatbank.ro\/lexikon\/wp-json\/wp\/v2\/comments?post=14171"}],"wp:attachment":[{"href":"https:\/\/uj.adatbank.ro\/lexikon\/wp-json\/wp\/v2\/media?parent=14171"}],"wp:term":[{"taxonomy":"product_brand","embeddable":true,"href":"https:\/\/uj.adatbank.ro\/lexikon\/wp-json\/wp\/v2\/product_brand?post=14171"},{"taxonomy":"product_cat","embeddable":true,"href":"https:\/\/uj.adatbank.ro\/lexikon\/wp-json\/wp\/v2\/product_cat?post=14171"},{"taxonomy":"product_tag","embeddable":true,"href":"https:\/\/uj.adatbank.ro\/lexikon\/wp-json\/wp\/v2\/product_tag?post=14171"}],"curies":[{"name":"wp","href":"https:\/\/api.w.org\/{rel}","templated":true}]}}