{"id":14173,"date":"2025-07-15T12:52:57","date_gmt":"2025-07-15T10:52:57","guid":{"rendered":"https:\/\/uj.adatbank.ro\/lexikon\/termek\/lukacsy-jozsef\/"},"modified":"2025-07-15T12:52:57","modified_gmt":"2025-07-15T10:52:57","slug":"lukacsy-jozsef","status":"publish","type":"product","link":"https:\/\/uj.adatbank.ro\/lexikon\/termek\/lukacsy-jozsef\/","title":{"rendered":"LUK\u00c1CSY J\u00f3zsef"},"content":{"rendered":"<p>? \u2020\u00a0?: orvos. \u2013 Feles\u00e9ge dr. Luk\u00e1csyn\u00e9 Szilveszter Ibolya, (Kib\u00e9d, \u2020\u00a0Sz\u00e9kesfeh\u00e9rv\u00e1r, 2018.\u00e1pr.8.), gyermekgy\u00f3gy\u00e1sz k\u00f6rorvos a mv.-i Nov.7. \u00e9s a K\u00e1rp\u00e1tok s\u00e9t\u00e1ny lak\u00f3negyedben. F\u00e9rje belgy\u00f3gy\u00e1sz f\u0151orvos, dr. Mv.-en a 2.sz. Poliklinika tisztelt f\u0151orvosa.A fi\u00fak dr. Luk\u00e1csy J\u00f3zsef Foszter (\u2020Sz\u00e9kesfeh\u00e9rv\u00e1r, 2022.okt.8.) <br \/><strong>Irod.:<\/strong>.Nekrol\u00f3g (N\u00fa.,2018. \u00e1pr.21.); Elhal\u00e1loz\u00e1s (N\u00fa.,2022.okt.19.)<\/br><\/p>\n","protected":false},"excerpt":{"rendered":"<p>? \u2020\u00a0?: orvos. \u2013 Feles\u00e9ge dr. Luk\u00e1csyn\u00e9 Szilveszter Ibolya, (Kib\u00e9d, \u2020\u00a0Sz\u00e9kesfeh\u00e9rv\u00e1r, 2018.\u00e1pr.8.), gyermekgy\u00f3gy\u00e1sz k\u00f6rorvos a mv.-i Nov.7. \u00e9s a K\u00e1rp\u00e1tok s\u00e9t\u00e1ny lak\u00f3negyedben. F\u00e9rje belgy\u00f3gy\u00e1sz f\u0151orvos, dr. Mv.-en a 2.sz. Poliklinika tisztelt f\u0151orvosa.A fi\u00fak dr. Luk\u00e1csy J\u00f3zsef Foszter (\u2020Sz\u00e9kesfeh\u00e9rv\u00e1r, 2022.okt.8.) Irod.:.Nekrol\u00f3g (N\u00fa.,2018. \u00e1pr.21.); Elhal\u00e1loz\u00e1s (N\u00fa.,2022.okt.19.)<\/p>\n","protected":false},"featured_media":0,"comment_status":"open","ping_status":"closed","template":"","meta":[],"product_brand":[],"product_cat":[137],"product_tag":[],"class_list":{"0":"post-14173","1":"product","2":"type-product","3":"status-publish","5":"product_cat-maros-megyei-eletrajzi-lexikon","7":"first","8":"instock","9":"shipping-taxable","10":"product-type-simple"},"_links":{"self":[{"href":"https:\/\/uj.adatbank.ro\/lexikon\/wp-json\/wp\/v2\/product\/14173","targetHints":{"allow":["GET"]}}],"collection":[{"href":"https:\/\/uj.adatbank.ro\/lexikon\/wp-json\/wp\/v2\/product"}],"about":[{"href":"https:\/\/uj.adatbank.ro\/lexikon\/wp-json\/wp\/v2\/types\/product"}],"replies":[{"embeddable":true,"href":"https:\/\/uj.adatbank.ro\/lexikon\/wp-json\/wp\/v2\/comments?post=14173"}],"wp:attachment":[{"href":"https:\/\/uj.adatbank.ro\/lexikon\/wp-json\/wp\/v2\/media?parent=14173"}],"wp:term":[{"taxonomy":"product_brand","embeddable":true,"href":"https:\/\/uj.adatbank.ro\/lexikon\/wp-json\/wp\/v2\/product_brand?post=14173"},{"taxonomy":"product_cat","embeddable":true,"href":"https:\/\/uj.adatbank.ro\/lexikon\/wp-json\/wp\/v2\/product_cat?post=14173"},{"taxonomy":"product_tag","embeddable":true,"href":"https:\/\/uj.adatbank.ro\/lexikon\/wp-json\/wp\/v2\/product_tag?post=14173"}],"curies":[{"name":"wp","href":"https:\/\/api.w.org\/{rel}","templated":true}]}}