{"id":14174,"date":"2025-07-15T12:52:59","date_gmt":"2025-07-15T10:52:59","guid":{"rendered":"https:\/\/uj.adatbank.ro\/lexikon\/termek\/lukatsffy-aurel-kukullofalvi\/"},"modified":"2025-07-15T12:52:59","modified_gmt":"2025-07-15T10:52:59","slug":"lukatsffy-aurel-kukullofalvi","status":"publish","type":"product","link":"https:\/\/uj.adatbank.ro\/lexikon\/termek\/lukatsffy-aurel-kukullofalvi\/","title":{"rendered":"LUK\u00c1TSFFY Aur\u00e9l, k\u00fck\u00fcll\u0151falvi"},"content":{"rendered":"<p>1840.?, \u2020 Mv., 1874. m\u00e1j. 28.: kir. al\u00fcgy\u00e9sz \u00e9s hites \u00fcgyv\u00e9d. \u2013 Testv\u00e9rei: L. Viktor, orvos; L. \u00d6d\u00f6n, \u00fcgyv\u00e9d; L. Emma. Feles\u00e9ge: T\u00e9gl\u00e1ssy Vilma (\u2020 Mv., 1874. m\u00e1rc. 6.). \u2013 Cikkeket irt erd\u00e9lyi lapokba, k\u00fcl\u00f6n\u00f6sen a K. Papp Mikl\u00f3s \u00e1ltal szerkesztett Jon\u00e1s Lapj\u00e1ba, a M. Polg\u00e1rba, a Haz\u00e1nk \u00e9s K\u00fclf\u00f6ldben (1870: Kazinczy levele Cserey Mikl\u00f3shoz (1812. j\u00fan. 14); 1872.: A term\u00e9szetf\u00f6l\u00f6tti a k\u00f6lt\u00e9szetben \u00e9s tudom\u00e1nyban); elbesz\u00e9l\u00e9sei az erd\u00e9lyi lapokban; Levele K. Papp Mikl\u00f3shoz (Marosv\u00e1s\u00e1rhely, 1873. m\u00e1rc. 3). \u2013 <strong>F. m.:<\/strong> <strong>antol\u00f3g.:<\/strong> R\u00e9szv\u00e9t-album a kv.-i \u00e9s mv.-i \u00e1rvah\u00e1zak jav\u00e1ra (Kv., 1872). <br \/><strong>Irod.:<\/strong> Gy\u00e1szjelent\u0151; Rugonfalvi Kiss; Szinnyei, Szinnyei J.<\/br><\/p>\n","protected":false},"excerpt":{"rendered":"<p>1840.?, \u2020 Mv., 1874. m\u00e1j. 28.: kir. al\u00fcgy\u00e9sz \u00e9s hites \u00fcgyv\u00e9d. \u2013 Testv\u00e9rei: L. Viktor, orvos; L. \u00d6d\u00f6n, \u00fcgyv\u00e9d; L. Emma. Feles\u00e9ge: T\u00e9gl\u00e1ssy Vilma (\u2020 Mv., 1874. m\u00e1rc. 6.). \u2013 Cikkeket irt erd\u00e9lyi lapokba, k\u00fcl\u00f6n\u00f6sen a K. Papp Mikl\u00f3s \u00e1ltal szerkesztett Jon\u00e1s Lapj\u00e1ba, a M. Polg\u00e1rba, a Haz\u00e1nk \u00e9s K\u00fclf\u00f6ldben (1870: Kazinczy levele Cserey Mikl\u00f3shoz [&hellip;]<\/p>\n","protected":false},"featured_media":0,"comment_status":"open","ping_status":"closed","template":"","meta":[],"product_brand":[],"product_cat":[137],"product_tag":[],"class_list":{"0":"post-14174","1":"product","2":"type-product","3":"status-publish","5":"product_cat-maros-megyei-eletrajzi-lexikon","7":"first","8":"instock","9":"shipping-taxable","10":"product-type-simple"},"_links":{"self":[{"href":"https:\/\/uj.adatbank.ro\/lexikon\/wp-json\/wp\/v2\/product\/14174","targetHints":{"allow":["GET"]}}],"collection":[{"href":"https:\/\/uj.adatbank.ro\/lexikon\/wp-json\/wp\/v2\/product"}],"about":[{"href":"https:\/\/uj.adatbank.ro\/lexikon\/wp-json\/wp\/v2\/types\/product"}],"replies":[{"embeddable":true,"href":"https:\/\/uj.adatbank.ro\/lexikon\/wp-json\/wp\/v2\/comments?post=14174"}],"wp:attachment":[{"href":"https:\/\/uj.adatbank.ro\/lexikon\/wp-json\/wp\/v2\/media?parent=14174"}],"wp:term":[{"taxonomy":"product_brand","embeddable":true,"href":"https:\/\/uj.adatbank.ro\/lexikon\/wp-json\/wp\/v2\/product_brand?post=14174"},{"taxonomy":"product_cat","embeddable":true,"href":"https:\/\/uj.adatbank.ro\/lexikon\/wp-json\/wp\/v2\/product_cat?post=14174"},{"taxonomy":"product_tag","embeddable":true,"href":"https:\/\/uj.adatbank.ro\/lexikon\/wp-json\/wp\/v2\/product_tag?post=14174"}],"curies":[{"name":"wp","href":"https:\/\/api.w.org\/{rel}","templated":true}]}}