{"id":14176,"date":"2025-07-15T12:53:05","date_gmt":"2025-07-15T10:53:05","guid":{"rendered":"https:\/\/uj.adatbank.ro\/lexikon\/termek\/lung-toader\/"},"modified":"2025-07-15T12:53:05","modified_gmt":"2025-07-15T10:53:05","slug":"lung-toader","status":"publish","type":"product","link":"https:\/\/uj.adatbank.ro\/lexikon\/termek\/lung-toader\/","title":{"rendered":"LUNG, Toader"},"content":{"rendered":"<p>? \u2020\u00a0?: gy\u00e1ros. \u2013 B\u00f6rgy\u00e1rat l\u00e9tes\u00edtett Sz\u00e1szr\u00e9genben. <br \/><strong>Irod.:<\/strong> B\u00edr\u00f3 Don\u00e1t; <\/br><\/p>\n","protected":false},"excerpt":{"rendered":"<p>? \u2020\u00a0?: gy\u00e1ros. \u2013 B\u00f6rgy\u00e1rat l\u00e9tes\u00edtett Sz\u00e1szr\u00e9genben. Irod.: B\u00edr\u00f3 Don\u00e1t;<\/p>\n","protected":false},"featured_media":0,"comment_status":"open","ping_status":"closed","template":"","meta":[],"product_brand":[],"product_cat":[137],"product_tag":[],"class_list":{"0":"post-14176","1":"product","2":"type-product","3":"status-publish","5":"product_cat-maros-megyei-eletrajzi-lexikon","7":"first","8":"instock","9":"shipping-taxable","10":"product-type-simple"},"_links":{"self":[{"href":"https:\/\/uj.adatbank.ro\/lexikon\/wp-json\/wp\/v2\/product\/14176","targetHints":{"allow":["GET"]}}],"collection":[{"href":"https:\/\/uj.adatbank.ro\/lexikon\/wp-json\/wp\/v2\/product"}],"about":[{"href":"https:\/\/uj.adatbank.ro\/lexikon\/wp-json\/wp\/v2\/types\/product"}],"replies":[{"embeddable":true,"href":"https:\/\/uj.adatbank.ro\/lexikon\/wp-json\/wp\/v2\/comments?post=14176"}],"wp:attachment":[{"href":"https:\/\/uj.adatbank.ro\/lexikon\/wp-json\/wp\/v2\/media?parent=14176"}],"wp:term":[{"taxonomy":"product_brand","embeddable":true,"href":"https:\/\/uj.adatbank.ro\/lexikon\/wp-json\/wp\/v2\/product_brand?post=14176"},{"taxonomy":"product_cat","embeddable":true,"href":"https:\/\/uj.adatbank.ro\/lexikon\/wp-json\/wp\/v2\/product_cat?post=14176"},{"taxonomy":"product_tag","embeddable":true,"href":"https:\/\/uj.adatbank.ro\/lexikon\/wp-json\/wp\/v2\/product_tag?post=14176"}],"curies":[{"name":"wp","href":"https:\/\/api.w.org\/{rel}","templated":true}]}}