{"id":14178,"date":"2025-07-15T12:53:07","date_gmt":"2025-07-15T10:53:07","guid":{"rendered":"https:\/\/uj.adatbank.ro\/lexikon\/termek\/lunguleac-sava\/"},"modified":"2025-07-15T12:53:07","modified_gmt":"2025-07-15T10:53:07","slug":"lunguleac-sava","status":"publish","type":"product","link":"https:\/\/uj.adatbank.ro\/lexikon\/termek\/lunguleac-sava\/","title":{"rendered":"LUNGULEAC, Sava"},"content":{"rendered":"<p>? \u2020\u00a0?: hadnagy. \u2013 A sz\u00e1szr\u00e9geni Securitate-n hadnagy (1952), MAT Mv.-en a Securitate Tartom\u00e1nyi Igazgat\u00f3s\u00e1g\u00e1n sz\u00e1zados (1958\u2013), \u0151rnagy (1959), kih\u00e1g\u00e1sok miatt \u00e1thelyezt\u00e9k a Milici\u00e1ra. <br \/><strong>Irod.:<\/strong> Bartos 2012<\/br><\/p>\n","protected":false},"excerpt":{"rendered":"<p>? \u2020\u00a0?: hadnagy. \u2013 A sz\u00e1szr\u00e9geni Securitate-n hadnagy (1952), MAT Mv.-en a Securitate Tartom\u00e1nyi Igazgat\u00f3s\u00e1g\u00e1n sz\u00e1zados (1958\u2013), \u0151rnagy (1959), kih\u00e1g\u00e1sok miatt \u00e1thelyezt\u00e9k a Milici\u00e1ra. Irod.: Bartos 2012<\/p>\n","protected":false},"featured_media":0,"comment_status":"open","ping_status":"closed","template":"","meta":[],"product_brand":[],"product_cat":[137],"product_tag":[],"class_list":{"0":"post-14178","1":"product","2":"type-product","3":"status-publish","5":"product_cat-maros-megyei-eletrajzi-lexikon","7":"first","8":"instock","9":"shipping-taxable","10":"product-type-simple"},"_links":{"self":[{"href":"https:\/\/uj.adatbank.ro\/lexikon\/wp-json\/wp\/v2\/product\/14178","targetHints":{"allow":["GET"]}}],"collection":[{"href":"https:\/\/uj.adatbank.ro\/lexikon\/wp-json\/wp\/v2\/product"}],"about":[{"href":"https:\/\/uj.adatbank.ro\/lexikon\/wp-json\/wp\/v2\/types\/product"}],"replies":[{"embeddable":true,"href":"https:\/\/uj.adatbank.ro\/lexikon\/wp-json\/wp\/v2\/comments?post=14178"}],"wp:attachment":[{"href":"https:\/\/uj.adatbank.ro\/lexikon\/wp-json\/wp\/v2\/media?parent=14178"}],"wp:term":[{"taxonomy":"product_brand","embeddable":true,"href":"https:\/\/uj.adatbank.ro\/lexikon\/wp-json\/wp\/v2\/product_brand?post=14178"},{"taxonomy":"product_cat","embeddable":true,"href":"https:\/\/uj.adatbank.ro\/lexikon\/wp-json\/wp\/v2\/product_cat?post=14178"},{"taxonomy":"product_tag","embeddable":true,"href":"https:\/\/uj.adatbank.ro\/lexikon\/wp-json\/wp\/v2\/product_tag?post=14178"}],"curies":[{"name":"wp","href":"https:\/\/api.w.org\/{rel}","templated":true}]}}