{"id":14179,"date":"2025-07-15T12:53:10","date_gmt":"2025-07-15T10:53:10","guid":{"rendered":"https:\/\/uj.adatbank.ro\/lexikon\/termek\/lunzer-henrik\/"},"modified":"2025-07-15T12:53:10","modified_gmt":"2025-07-15T10:53:10","slug":"lunzer-henrik","status":"publish","type":"product","link":"https:\/\/uj.adatbank.ro\/lexikon\/termek\/lunzer-henrik\/","title":{"rendered":"LUNZER Henrik"},"content":{"rendered":"<p>Temesv\u00e1r, 1892.,\u2020 ?: vend\u00e9gl\u0151s. \u2013 A mv.-i Vend\u00e9gl\u0151s Ipart\u00e1rsulat aleln\u00f6ke, a New-York sz\u00e1ll\u00f3, \u00e9tterem, k\u00e1v\u00e9h\u00e1z \u00e9s b\u00e1r tulajdonosa (1929). <br \/><strong>Irod.:<\/strong> Id\u0151t\u00e1r 3; Ki kicsoda?<\/br><\/p>\n","protected":false},"excerpt":{"rendered":"<p>Temesv\u00e1r, 1892.,\u2020 ?: vend\u00e9gl\u0151s. \u2013 A mv.-i Vend\u00e9gl\u0151s Ipart\u00e1rsulat aleln\u00f6ke, a New-York sz\u00e1ll\u00f3, \u00e9tterem, k\u00e1v\u00e9h\u00e1z \u00e9s b\u00e1r tulajdonosa (1929). Irod.: Id\u0151t\u00e1r 3; Ki kicsoda?<\/p>\n","protected":false},"featured_media":0,"comment_status":"open","ping_status":"closed","template":"","meta":[],"product_brand":[],"product_cat":[137],"product_tag":[],"class_list":{"0":"post-14179","1":"product","2":"type-product","3":"status-publish","5":"product_cat-maros-megyei-eletrajzi-lexikon","7":"first","8":"instock","9":"shipping-taxable","10":"product-type-simple"},"_links":{"self":[{"href":"https:\/\/uj.adatbank.ro\/lexikon\/wp-json\/wp\/v2\/product\/14179","targetHints":{"allow":["GET"]}}],"collection":[{"href":"https:\/\/uj.adatbank.ro\/lexikon\/wp-json\/wp\/v2\/product"}],"about":[{"href":"https:\/\/uj.adatbank.ro\/lexikon\/wp-json\/wp\/v2\/types\/product"}],"replies":[{"embeddable":true,"href":"https:\/\/uj.adatbank.ro\/lexikon\/wp-json\/wp\/v2\/comments?post=14179"}],"wp:attachment":[{"href":"https:\/\/uj.adatbank.ro\/lexikon\/wp-json\/wp\/v2\/media?parent=14179"}],"wp:term":[{"taxonomy":"product_brand","embeddable":true,"href":"https:\/\/uj.adatbank.ro\/lexikon\/wp-json\/wp\/v2\/product_brand?post=14179"},{"taxonomy":"product_cat","embeddable":true,"href":"https:\/\/uj.adatbank.ro\/lexikon\/wp-json\/wp\/v2\/product_cat?post=14179"},{"taxonomy":"product_tag","embeddable":true,"href":"https:\/\/uj.adatbank.ro\/lexikon\/wp-json\/wp\/v2\/product_tag?post=14179"}],"curies":[{"name":"wp","href":"https:\/\/api.w.org\/{rel}","templated":true}]}}