{"id":14181,"date":"2025-07-15T12:53:15","date_gmt":"2025-07-15T10:53:15","guid":{"rendered":"https:\/\/uj.adatbank.ro\/lexikon\/termek\/lup-z\/"},"modified":"2025-07-15T12:53:15","modified_gmt":"2025-07-15T10:53:15","slug":"lup-z","status":"publish","type":"product","link":"https:\/\/uj.adatbank.ro\/lexikon\/termek\/lup-z\/","title":{"rendered":"LUP, Z"},"content":{"rendered":"<p>? \u2020\u00a0?\u00a0: g. k. pap Hod\u00e1kon. \u2013 Rudolf tr\u00f3n\u00f6r\u00f6k\u00f6s hal\u00e1la alkalm\u00e1val megeml\u00e9kez\u0151 mis\u00e9t tartott. <br \/><strong>Irod.:<\/strong> 24 ore Mure\u015fene (1997. j\u00fal. 24)<\/br><\/p>\n","protected":false},"excerpt":{"rendered":"<p>? \u2020\u00a0?\u00a0: g. k. pap Hod\u00e1kon. \u2013 Rudolf tr\u00f3n\u00f6r\u00f6k\u00f6s hal\u00e1la alkalm\u00e1val megeml\u00e9kez\u0151 mis\u00e9t tartott. Irod.: 24 ore Mure\u015fene (1997. j\u00fal. 24)<\/p>\n","protected":false},"featured_media":0,"comment_status":"open","ping_status":"closed","template":"","meta":[],"product_brand":[],"product_cat":[137],"product_tag":[],"class_list":{"0":"post-14181","1":"product","2":"type-product","3":"status-publish","5":"product_cat-maros-megyei-eletrajzi-lexikon","7":"first","8":"instock","9":"shipping-taxable","10":"product-type-simple"},"_links":{"self":[{"href":"https:\/\/uj.adatbank.ro\/lexikon\/wp-json\/wp\/v2\/product\/14181","targetHints":{"allow":["GET"]}}],"collection":[{"href":"https:\/\/uj.adatbank.ro\/lexikon\/wp-json\/wp\/v2\/product"}],"about":[{"href":"https:\/\/uj.adatbank.ro\/lexikon\/wp-json\/wp\/v2\/types\/product"}],"replies":[{"embeddable":true,"href":"https:\/\/uj.adatbank.ro\/lexikon\/wp-json\/wp\/v2\/comments?post=14181"}],"wp:attachment":[{"href":"https:\/\/uj.adatbank.ro\/lexikon\/wp-json\/wp\/v2\/media?parent=14181"}],"wp:term":[{"taxonomy":"product_brand","embeddable":true,"href":"https:\/\/uj.adatbank.ro\/lexikon\/wp-json\/wp\/v2\/product_brand?post=14181"},{"taxonomy":"product_cat","embeddable":true,"href":"https:\/\/uj.adatbank.ro\/lexikon\/wp-json\/wp\/v2\/product_cat?post=14181"},{"taxonomy":"product_tag","embeddable":true,"href":"https:\/\/uj.adatbank.ro\/lexikon\/wp-json\/wp\/v2\/product_tag?post=14181"}],"curies":[{"name":"wp","href":"https:\/\/api.w.org\/{rel}","templated":true}]}}