{"id":14183,"date":"2025-07-15T12:53:18","date_gmt":"2025-07-15T10:53:18","guid":{"rendered":"https:\/\/uj.adatbank.ro\/lexikon\/termek\/lupescu-leon\/"},"modified":"2025-07-15T12:53:18","modified_gmt":"2025-07-15T10:53:18","slug":"lupescu-leon","status":"publish","type":"product","link":"https:\/\/uj.adatbank.ro\/lexikon\/termek\/lupescu-leon\/","title":{"rendered":"LUPESCU, Leon"},"content":{"rendered":"<p>? \u2020 ?: ort. pap, tan\u00edt\u00f3. \u2013 D\u00e9d\u00e1n szolg\u00e1lata idej\u00e9ben \u00e9p\u00fclt az \u00faj iskola (1904), amelyet kora k\u00f6vetelm\u00e9nyei szerint szereltetett fel. Az iskola k\u00e9t taner\u0151s lett. <br \/><strong>Irod.:<\/strong> Deda \u00een spa\u0163iu<\/br><\/p>\n","protected":false},"excerpt":{"rendered":"<p>? \u2020 ?: ort. pap, tan\u00edt\u00f3. \u2013 D\u00e9d\u00e1n szolg\u00e1lata idej\u00e9ben \u00e9p\u00fclt az \u00faj iskola (1904), amelyet kora k\u00f6vetelm\u00e9nyei szerint szereltetett fel. Az iskola k\u00e9t taner\u0151s lett. Irod.: Deda \u00een spa\u0163iu<\/p>\n","protected":false},"featured_media":0,"comment_status":"open","ping_status":"closed","template":"","meta":[],"product_brand":[],"product_cat":[137],"product_tag":[],"class_list":{"0":"post-14183","1":"product","2":"type-product","3":"status-publish","5":"product_cat-maros-megyei-eletrajzi-lexikon","7":"first","8":"instock","9":"shipping-taxable","10":"product-type-simple"},"_links":{"self":[{"href":"https:\/\/uj.adatbank.ro\/lexikon\/wp-json\/wp\/v2\/product\/14183","targetHints":{"allow":["GET"]}}],"collection":[{"href":"https:\/\/uj.adatbank.ro\/lexikon\/wp-json\/wp\/v2\/product"}],"about":[{"href":"https:\/\/uj.adatbank.ro\/lexikon\/wp-json\/wp\/v2\/types\/product"}],"replies":[{"embeddable":true,"href":"https:\/\/uj.adatbank.ro\/lexikon\/wp-json\/wp\/v2\/comments?post=14183"}],"wp:attachment":[{"href":"https:\/\/uj.adatbank.ro\/lexikon\/wp-json\/wp\/v2\/media?parent=14183"}],"wp:term":[{"taxonomy":"product_brand","embeddable":true,"href":"https:\/\/uj.adatbank.ro\/lexikon\/wp-json\/wp\/v2\/product_brand?post=14183"},{"taxonomy":"product_cat","embeddable":true,"href":"https:\/\/uj.adatbank.ro\/lexikon\/wp-json\/wp\/v2\/product_cat?post=14183"},{"taxonomy":"product_tag","embeddable":true,"href":"https:\/\/uj.adatbank.ro\/lexikon\/wp-json\/wp\/v2\/product_tag?post=14183"}],"curies":[{"name":"wp","href":"https:\/\/api.w.org\/{rel}","templated":true}]}}