{"id":14187,"date":"2025-07-15T12:53:27","date_gmt":"2025-07-15T10:53:27","guid":{"rendered":"https:\/\/uj.adatbank.ro\/lexikon\/termek\/lupu-aron\/"},"modified":"2025-07-15T12:53:27","modified_gmt":"2025-07-15T10:53:27","slug":"lupu-aron","status":"publish","type":"product","link":"https:\/\/uj.adatbank.ro\/lexikon\/termek\/lupu-aron\/","title":{"rendered":"LUPU, Aron"},"content":{"rendered":"<p>? \u2020 1881. dec.: ort. pap. \u2013 Andrei \u015eaguna szentelte papp\u00e1 (1852. iun. 4). Hod\u00e1kban szolg\u00e1lt. <br \/><strong>Irod.:<\/strong> Dobozi<\/br><\/p>\n","protected":false},"excerpt":{"rendered":"<p>? \u2020 1881. dec.: ort. pap. \u2013 Andrei \u015eaguna szentelte papp\u00e1 (1852. iun. 4). Hod\u00e1kban szolg\u00e1lt. Irod.: Dobozi<\/p>\n","protected":false},"featured_media":0,"comment_status":"open","ping_status":"closed","template":"","meta":[],"product_brand":[],"product_cat":[137],"product_tag":[],"class_list":{"0":"post-14187","1":"product","2":"type-product","3":"status-publish","5":"product_cat-maros-megyei-eletrajzi-lexikon","7":"first","8":"instock","9":"shipping-taxable","10":"product-type-simple"},"_links":{"self":[{"href":"https:\/\/uj.adatbank.ro\/lexikon\/wp-json\/wp\/v2\/product\/14187","targetHints":{"allow":["GET"]}}],"collection":[{"href":"https:\/\/uj.adatbank.ro\/lexikon\/wp-json\/wp\/v2\/product"}],"about":[{"href":"https:\/\/uj.adatbank.ro\/lexikon\/wp-json\/wp\/v2\/types\/product"}],"replies":[{"embeddable":true,"href":"https:\/\/uj.adatbank.ro\/lexikon\/wp-json\/wp\/v2\/comments?post=14187"}],"wp:attachment":[{"href":"https:\/\/uj.adatbank.ro\/lexikon\/wp-json\/wp\/v2\/media?parent=14187"}],"wp:term":[{"taxonomy":"product_brand","embeddable":true,"href":"https:\/\/uj.adatbank.ro\/lexikon\/wp-json\/wp\/v2\/product_brand?post=14187"},{"taxonomy":"product_cat","embeddable":true,"href":"https:\/\/uj.adatbank.ro\/lexikon\/wp-json\/wp\/v2\/product_cat?post=14187"},{"taxonomy":"product_tag","embeddable":true,"href":"https:\/\/uj.adatbank.ro\/lexikon\/wp-json\/wp\/v2\/product_tag?post=14187"}],"curies":[{"name":"wp","href":"https:\/\/api.w.org\/{rel}","templated":true}]}}