{"id":14189,"date":"2025-07-15T12:53:31","date_gmt":"2025-07-15T10:53:31","guid":{"rendered":"https:\/\/uj.adatbank.ro\/lexikon\/termek\/lupu-demetriu\/"},"modified":"2025-07-15T12:53:31","modified_gmt":"2025-07-15T10:53:31","slug":"lupu-demetriu","status":"publish","type":"product","link":"https:\/\/uj.adatbank.ro\/lexikon\/termek\/lupu-demetriu\/","title":{"rendered":"LUPU, Demetriu"},"content":{"rendered":"<p>1865., \u2020 ? : ort. tan\u00edt\u00f3.- 6 gimn.-i oszt. \u00e9s teol\u00f3giai tanfolyamot v\u00e9gzett. Nem engedt\u00e9k tan\u00edt\u00f3i k\u00e9pes\u00edt\u0151 vizsg\u00e1ra, mert nem ment \u00e1t a m. nyelvvizsg\u00e1n (1890). Hod\u00e1kban tan\u00edtott (1891). L\u00f6v\u00e9ren prezsbiterr\u00e9 szentelt\u00e9k (1891. dec. 9.), mag\u00e1ntan\u00e1r 4 \u00e9vig, majd k\u00e1pl\u00e1nnak v\u00e1lasztott\u00e1k. <br \/><strong>Irod.:<\/strong> Dobozi<\/br><\/p>\n","protected":false},"excerpt":{"rendered":"<p>1865., \u2020 ? : ort. tan\u00edt\u00f3.- 6 gimn.-i oszt. \u00e9s teol\u00f3giai tanfolyamot v\u00e9gzett. Nem engedt\u00e9k tan\u00edt\u00f3i k\u00e9pes\u00edt\u0151 vizsg\u00e1ra, mert nem ment \u00e1t a m. nyelvvizsg\u00e1n (1890). Hod\u00e1kban tan\u00edtott (1891). L\u00f6v\u00e9ren prezsbiterr\u00e9 szentelt\u00e9k (1891. dec. 9.), mag\u00e1ntan\u00e1r 4 \u00e9vig, majd k\u00e1pl\u00e1nnak v\u00e1lasztott\u00e1k. Irod.: Dobozi<\/p>\n","protected":false},"featured_media":0,"comment_status":"open","ping_status":"closed","template":"","meta":[],"product_brand":[],"product_cat":[137],"product_tag":[],"class_list":{"0":"post-14189","1":"product","2":"type-product","3":"status-publish","5":"product_cat-maros-megyei-eletrajzi-lexikon","7":"first","8":"instock","9":"shipping-taxable","10":"product-type-simple"},"_links":{"self":[{"href":"https:\/\/uj.adatbank.ro\/lexikon\/wp-json\/wp\/v2\/product\/14189","targetHints":{"allow":["GET"]}}],"collection":[{"href":"https:\/\/uj.adatbank.ro\/lexikon\/wp-json\/wp\/v2\/product"}],"about":[{"href":"https:\/\/uj.adatbank.ro\/lexikon\/wp-json\/wp\/v2\/types\/product"}],"replies":[{"embeddable":true,"href":"https:\/\/uj.adatbank.ro\/lexikon\/wp-json\/wp\/v2\/comments?post=14189"}],"wp:attachment":[{"href":"https:\/\/uj.adatbank.ro\/lexikon\/wp-json\/wp\/v2\/media?parent=14189"}],"wp:term":[{"taxonomy":"product_brand","embeddable":true,"href":"https:\/\/uj.adatbank.ro\/lexikon\/wp-json\/wp\/v2\/product_brand?post=14189"},{"taxonomy":"product_cat","embeddable":true,"href":"https:\/\/uj.adatbank.ro\/lexikon\/wp-json\/wp\/v2\/product_cat?post=14189"},{"taxonomy":"product_tag","embeddable":true,"href":"https:\/\/uj.adatbank.ro\/lexikon\/wp-json\/wp\/v2\/product_tag?post=14189"}],"curies":[{"name":"wp","href":"https:\/\/api.w.org\/{rel}","templated":true}]}}