{"id":14193,"date":"2025-07-15T12:53:38","date_gmt":"2025-07-15T10:53:38","guid":{"rendered":"https:\/\/uj.adatbank.ro\/lexikon\/termek\/lupu-ioan\/"},"modified":"2025-07-15T12:53:38","modified_gmt":"2025-07-15T10:53:38","slug":"lupu-ioan","status":"publish","type":"product","link":"https:\/\/uj.adatbank.ro\/lexikon\/termek\/lupu-ioan\/","title":{"rendered":"LUPU, Ioan"},"content":{"rendered":"<p>G\u00f6rg\u00e9nyhod\u00e1k, 1866. m\u00e1j. 6., \u2020 ?: erd\u00e9szm\u00e9rn\u00f6k. \u2013 Brass\u00f3ban tanult az ortodox gimn.-ban, Erd\u00e9szeti Akad. \u2013 \u00e1t Selmecb\u00e1ny\u00e1n v\u00e9gzett (1892\u201395). <br \/><strong>Irod.:<\/strong> Sigmirean<\/br><\/p>\n","protected":false},"excerpt":{"rendered":"<p>G\u00f6rg\u00e9nyhod\u00e1k, 1866. m\u00e1j. 6., \u2020 ?: erd\u00e9szm\u00e9rn\u00f6k. \u2013 Brass\u00f3ban tanult az ortodox gimn.-ban, Erd\u00e9szeti Akad. \u2013 \u00e1t Selmecb\u00e1ny\u00e1n v\u00e9gzett (1892\u201395). Irod.: Sigmirean<\/p>\n","protected":false},"featured_media":0,"comment_status":"open","ping_status":"closed","template":"","meta":[],"product_brand":[],"product_cat":[137],"product_tag":[],"class_list":{"0":"post-14193","1":"product","2":"type-product","3":"status-publish","5":"product_cat-maros-megyei-eletrajzi-lexikon","7":"first","8":"instock","9":"shipping-taxable","10":"product-type-simple"},"_links":{"self":[{"href":"https:\/\/uj.adatbank.ro\/lexikon\/wp-json\/wp\/v2\/product\/14193","targetHints":{"allow":["GET"]}}],"collection":[{"href":"https:\/\/uj.adatbank.ro\/lexikon\/wp-json\/wp\/v2\/product"}],"about":[{"href":"https:\/\/uj.adatbank.ro\/lexikon\/wp-json\/wp\/v2\/types\/product"}],"replies":[{"embeddable":true,"href":"https:\/\/uj.adatbank.ro\/lexikon\/wp-json\/wp\/v2\/comments?post=14193"}],"wp:attachment":[{"href":"https:\/\/uj.adatbank.ro\/lexikon\/wp-json\/wp\/v2\/media?parent=14193"}],"wp:term":[{"taxonomy":"product_brand","embeddable":true,"href":"https:\/\/uj.adatbank.ro\/lexikon\/wp-json\/wp\/v2\/product_brand?post=14193"},{"taxonomy":"product_cat","embeddable":true,"href":"https:\/\/uj.adatbank.ro\/lexikon\/wp-json\/wp\/v2\/product_cat?post=14193"},{"taxonomy":"product_tag","embeddable":true,"href":"https:\/\/uj.adatbank.ro\/lexikon\/wp-json\/wp\/v2\/product_tag?post=14193"}],"curies":[{"name":"wp","href":"https:\/\/api.w.org\/{rel}","templated":true}]}}