{"id":14195,"date":"2025-07-15T12:53:42","date_gmt":"2025-07-15T10:53:42","guid":{"rendered":"https:\/\/uj.adatbank.ro\/lexikon\/termek\/lupu-mihai\/"},"modified":"2025-07-15T12:53:42","modified_gmt":"2025-07-15T10:53:42","slug":"lupu-mihai","status":"publish","type":"product","link":"https:\/\/uj.adatbank.ro\/lexikon\/termek\/lupu-mihai\/","title":{"rendered":"LUPU, Mihai"},"content":{"rendered":"<p>? \u2020 ?: ort. pap. \u2013 Somostelk\u00e9n volt (1971\u201378). Szolg\u00e1lata ideje alatt Visarion A\u015fteleanu p\u00fcsp\u00f6k szentelte fel az \u00faj Sf.Arhanghelii Mihail \u015fi Gavril ort. k\u0151templomot Somostelk\u00e9n (1973). Ez a templom val\u00f3j\u00e1ban 1894-ben \u00e9p\u00fclt, a h\u00edvek adakoz\u00e1s\u00e1b\u00f3l, de t\u00f6bbsz\u00f6r restaur\u00e1lt\u00e1k, \u00e9s csak k\u00e9s\u0151bb tudt\u00e1k befejezni. Fresk\u00f3it m\u00e9g k\u00e9s\u0151bb festette a mv.-i Miron Tiberiu fest\u0151 (1993). <br \/><strong>Irod.:<\/strong> \u015eincan 2006<\/br><\/p>\n","protected":false},"excerpt":{"rendered":"<p>? \u2020 ?: ort. pap. \u2013 Somostelk\u00e9n volt (1971\u201378). Szolg\u00e1lata ideje alatt Visarion A\u015fteleanu p\u00fcsp\u00f6k szentelte fel az \u00faj Sf.Arhanghelii Mihail \u015fi Gavril ort. k\u0151templomot Somostelk\u00e9n (1973). Ez a templom val\u00f3j\u00e1ban 1894-ben \u00e9p\u00fclt, a h\u00edvek adakoz\u00e1s\u00e1b\u00f3l, de t\u00f6bbsz\u00f6r restaur\u00e1lt\u00e1k, \u00e9s csak k\u00e9s\u0151bb tudt\u00e1k befejezni. Fresk\u00f3it m\u00e9g k\u00e9s\u0151bb festette a mv.-i Miron Tiberiu fest\u0151 (1993). Irod.: [&hellip;]<\/p>\n","protected":false},"featured_media":0,"comment_status":"open","ping_status":"closed","template":"","meta":[],"product_brand":[],"product_cat":[137],"product_tag":[],"class_list":{"0":"post-14195","1":"product","2":"type-product","3":"status-publish","5":"product_cat-maros-megyei-eletrajzi-lexikon","7":"first","8":"instock","9":"shipping-taxable","10":"product-type-simple"},"_links":{"self":[{"href":"https:\/\/uj.adatbank.ro\/lexikon\/wp-json\/wp\/v2\/product\/14195","targetHints":{"allow":["GET"]}}],"collection":[{"href":"https:\/\/uj.adatbank.ro\/lexikon\/wp-json\/wp\/v2\/product"}],"about":[{"href":"https:\/\/uj.adatbank.ro\/lexikon\/wp-json\/wp\/v2\/types\/product"}],"replies":[{"embeddable":true,"href":"https:\/\/uj.adatbank.ro\/lexikon\/wp-json\/wp\/v2\/comments?post=14195"}],"wp:attachment":[{"href":"https:\/\/uj.adatbank.ro\/lexikon\/wp-json\/wp\/v2\/media?parent=14195"}],"wp:term":[{"taxonomy":"product_brand","embeddable":true,"href":"https:\/\/uj.adatbank.ro\/lexikon\/wp-json\/wp\/v2\/product_brand?post=14195"},{"taxonomy":"product_cat","embeddable":true,"href":"https:\/\/uj.adatbank.ro\/lexikon\/wp-json\/wp\/v2\/product_cat?post=14195"},{"taxonomy":"product_tag","embeddable":true,"href":"https:\/\/uj.adatbank.ro\/lexikon\/wp-json\/wp\/v2\/product_tag?post=14195"}],"curies":[{"name":"wp","href":"https:\/\/api.w.org\/{rel}","templated":true}]}}