{"id":14196,"date":"2025-07-15T12:53:46","date_gmt":"2025-07-15T10:53:46","guid":{"rendered":"https:\/\/uj.adatbank.ro\/lexikon\/termek\/lupu-p-mihail\/"},"modified":"2025-07-15T12:53:46","modified_gmt":"2025-07-15T10:53:46","slug":"lupu-p-mihail","status":"publish","type":"product","link":"https:\/\/uj.adatbank.ro\/lexikon\/termek\/lupu-p-mihail\/","title":{"rendered":"LUPU P. Mihail"},"content":{"rendered":"<p>Sz\u0151kefalva, 1857. iul. 24.,\u2020 ?: g. kat. pap. \u2013 Bal\u00e1zsfalv\u00e1n v\u00e9gezte a gimn.-ot (1879) \u00e9s a teol\u00f3gi\u00e1t (1883), Vancea mitropolita szentelte papp\u00e1 (1886. nov. 24.). Marosfelfaluban szolg\u00e1lt, az\u00e9rt, hogy a faluba k\u00f6lt\u00f6zz\u00f6n papi b\u00e9r\u00e9t jelent\u0151sen megemelt\u00e9k (1886\u201396). \u00daj templom \u00e9p\u00edt\u00e9s\u00e9t kezdem\u00e9nyezt\u00e9k (1894\u2013), t\u00e1voz\u00e1sakor m\u00e9g nem volt befejezve. Mez\u0151s\u00e1msondon volt lelk\u00e9sz (1896\u20131926-ban is). <br \/><strong>Irod.:<\/strong> Dobozi<\/br><\/p>\n","protected":false},"excerpt":{"rendered":"<p>Sz\u0151kefalva, 1857. iul. 24.,\u2020 ?: g. kat. pap. \u2013 Bal\u00e1zsfalv\u00e1n v\u00e9gezte a gimn.-ot (1879) \u00e9s a teol\u00f3gi\u00e1t (1883), Vancea mitropolita szentelte papp\u00e1 (1886. nov. 24.). Marosfelfaluban szolg\u00e1lt, az\u00e9rt, hogy a faluba k\u00f6lt\u00f6zz\u00f6n papi b\u00e9r\u00e9t jelent\u0151sen megemelt\u00e9k (1886\u201396). \u00daj templom \u00e9p\u00edt\u00e9s\u00e9t kezdem\u00e9nyezt\u00e9k (1894\u2013), t\u00e1voz\u00e1sakor m\u00e9g nem volt befejezve. Mez\u0151s\u00e1msondon volt lelk\u00e9sz (1896\u20131926-ban is). Irod.: Dobozi<\/p>\n","protected":false},"featured_media":0,"comment_status":"open","ping_status":"closed","template":"","meta":[],"product_brand":[],"product_cat":[137],"product_tag":[],"class_list":{"0":"post-14196","1":"product","2":"type-product","3":"status-publish","5":"product_cat-maros-megyei-eletrajzi-lexikon","7":"first","8":"instock","9":"shipping-taxable","10":"product-type-simple"},"_links":{"self":[{"href":"https:\/\/uj.adatbank.ro\/lexikon\/wp-json\/wp\/v2\/product\/14196","targetHints":{"allow":["GET"]}}],"collection":[{"href":"https:\/\/uj.adatbank.ro\/lexikon\/wp-json\/wp\/v2\/product"}],"about":[{"href":"https:\/\/uj.adatbank.ro\/lexikon\/wp-json\/wp\/v2\/types\/product"}],"replies":[{"embeddable":true,"href":"https:\/\/uj.adatbank.ro\/lexikon\/wp-json\/wp\/v2\/comments?post=14196"}],"wp:attachment":[{"href":"https:\/\/uj.adatbank.ro\/lexikon\/wp-json\/wp\/v2\/media?parent=14196"}],"wp:term":[{"taxonomy":"product_brand","embeddable":true,"href":"https:\/\/uj.adatbank.ro\/lexikon\/wp-json\/wp\/v2\/product_brand?post=14196"},{"taxonomy":"product_cat","embeddable":true,"href":"https:\/\/uj.adatbank.ro\/lexikon\/wp-json\/wp\/v2\/product_cat?post=14196"},{"taxonomy":"product_tag","embeddable":true,"href":"https:\/\/uj.adatbank.ro\/lexikon\/wp-json\/wp\/v2\/product_tag?post=14196"}],"curies":[{"name":"wp","href":"https:\/\/api.w.org\/{rel}","templated":true}]}}