{"id":14197,"date":"2025-07-15T12:53:47","date_gmt":"2025-07-15T10:53:47","guid":{"rendered":"https:\/\/uj.adatbank.ro\/lexikon\/termek\/lupu-roman\/"},"modified":"2025-07-15T12:53:47","modified_gmt":"2025-07-15T10:53:47","slug":"lupu-roman","status":"publish","type":"product","link":"https:\/\/uj.adatbank.ro\/lexikon\/termek\/lupu-roman\/","title":{"rendered":"LUPU Roman"},"content":{"rendered":"<p>? \u2020 Apold ?: igazgat\u00f3tan\u00edt\u00f3. \u2013 Apoldon tan\u00edtott (1926\u201348). A faluban \u00e1llami alapokb\u00f3l, a f\u00f6ldoszt\u00e1skor juttatott f\u00f6ldter\u00fcletre \u00faj rom\u00e1n tannyelv\u0171 iskol\u00e1t \u00e9p\u00edtettek. A faanyagot a falu erdeib\u0151l biztos\u00edtott\u00e1k.(1928). Az iskola \u00e9p\u00fclete (k\u00e9t terem) m\u0171vel\u0151d\u00e9si h\u00e1zk\u00e9nt, b\u00e1lok \u00e9s mulats\u00e1gok helyek\u00e9nt is szolg\u00e1lt. A tanul\u00f3k l\u00e9tsz\u00e1m\u00e1nak n\u00f6veked\u00e9se nyom\u00e1n (89 tanul\u00f3) k\u00e9rt m\u00e9g egy tan\u00edt\u00f3i posztot (1932), ez teljes\u00fclt, amikor az iskol\u00e1hoz m\u00e9g toldottak egy termet (1942\u2013). Iskolakertet is l\u00e9tes\u00edtett, a termesztett z\u00f6lds\u00e9get \u00e9rt\u00e9kes\u00edtette, \u00e9s az iskola jav\u00e1ra ford\u00edtotta. Nyugd\u00edjba vonul\u00e1sa ut\u00e1n is seg\u00edtette az iskol\u00e1t (1948\u2013). <br \/><strong>Irod.:<\/strong> Apold<\/br><\/p>\n","protected":false},"excerpt":{"rendered":"<p>? \u2020 Apold ?: igazgat\u00f3tan\u00edt\u00f3. \u2013 Apoldon tan\u00edtott (1926\u201348). A faluban \u00e1llami alapokb\u00f3l, a f\u00f6ldoszt\u00e1skor juttatott f\u00f6ldter\u00fcletre \u00faj rom\u00e1n tannyelv\u0171 iskol\u00e1t \u00e9p\u00edtettek. A faanyagot a falu erdeib\u0151l biztos\u00edtott\u00e1k.(1928). Az iskola \u00e9p\u00fclete (k\u00e9t terem) m\u0171vel\u0151d\u00e9si h\u00e1zk\u00e9nt, b\u00e1lok \u00e9s mulats\u00e1gok helyek\u00e9nt is szolg\u00e1lt. A tanul\u00f3k l\u00e9tsz\u00e1m\u00e1nak n\u00f6veked\u00e9se nyom\u00e1n (89 tanul\u00f3) k\u00e9rt m\u00e9g egy tan\u00edt\u00f3i posztot (1932), ez [&hellip;]<\/p>\n","protected":false},"featured_media":0,"comment_status":"open","ping_status":"closed","template":"","meta":[],"product_brand":[],"product_cat":[137],"product_tag":[],"class_list":{"0":"post-14197","1":"product","2":"type-product","3":"status-publish","5":"product_cat-maros-megyei-eletrajzi-lexikon","7":"first","8":"instock","9":"shipping-taxable","10":"product-type-simple"},"_links":{"self":[{"href":"https:\/\/uj.adatbank.ro\/lexikon\/wp-json\/wp\/v2\/product\/14197","targetHints":{"allow":["GET"]}}],"collection":[{"href":"https:\/\/uj.adatbank.ro\/lexikon\/wp-json\/wp\/v2\/product"}],"about":[{"href":"https:\/\/uj.adatbank.ro\/lexikon\/wp-json\/wp\/v2\/types\/product"}],"replies":[{"embeddable":true,"href":"https:\/\/uj.adatbank.ro\/lexikon\/wp-json\/wp\/v2\/comments?post=14197"}],"wp:attachment":[{"href":"https:\/\/uj.adatbank.ro\/lexikon\/wp-json\/wp\/v2\/media?parent=14197"}],"wp:term":[{"taxonomy":"product_brand","embeddable":true,"href":"https:\/\/uj.adatbank.ro\/lexikon\/wp-json\/wp\/v2\/product_brand?post=14197"},{"taxonomy":"product_cat","embeddable":true,"href":"https:\/\/uj.adatbank.ro\/lexikon\/wp-json\/wp\/v2\/product_cat?post=14197"},{"taxonomy":"product_tag","embeddable":true,"href":"https:\/\/uj.adatbank.ro\/lexikon\/wp-json\/wp\/v2\/product_tag?post=14197"}],"curies":[{"name":"wp","href":"https:\/\/api.w.org\/{rel}","templated":true}]}}