{"id":14199,"date":"2025-07-15T12:53:50","date_gmt":"2025-07-15T10:53:50","guid":{"rendered":"https:\/\/uj.adatbank.ro\/lexikon\/termek\/lupu-teodor-serban\/"},"modified":"2025-07-15T12:53:50","modified_gmt":"2025-07-15T10:53:50","slug":"lupu-teodor-serban","status":"publish","type":"product","link":"https:\/\/uj.adatbank.ro\/lexikon\/termek\/lupu-teodor-serban\/","title":{"rendered":"LUPU, Teodor \u015eerban"},"content":{"rendered":"<p>1786., \u2020 1861.: hazafi, erd\u00e9lyi templomok \u00e9s iskol\u00e1k alap\u00edt\u00f3ja. \u2013 Segitette a sz\u00e1szr\u00e9geni, g\u00f6rg\u00e9nys\u00f3aknai, g\u00f6rg\u00e9nyoroszfalui rom\u00e1n vall\u00e1sos l\u00e9tes\u00edtm\u00e9nyek alap\u00edt\u00e1s\u00e1t. Sz\u00e1szr\u00e9genben \u00faj iskola \u00e9p\u00fclt jelent\u0151s \u00f6sszeg\u0171 anyagi t\u00e1mogat\u00e1s\u00e1val (1835).  <br \/><strong>Irod.:<\/strong> B\u00edr\u00f3 Don\u00e1t; Gaz. Regh. (1994. dec.)<\/br><\/p>\n","protected":false},"excerpt":{"rendered":"<p>1786., \u2020 1861.: hazafi, erd\u00e9lyi templomok \u00e9s iskol\u00e1k alap\u00edt\u00f3ja. \u2013 Segitette a sz\u00e1szr\u00e9geni, g\u00f6rg\u00e9nys\u00f3aknai, g\u00f6rg\u00e9nyoroszfalui rom\u00e1n vall\u00e1sos l\u00e9tes\u00edtm\u00e9nyek alap\u00edt\u00e1s\u00e1t. Sz\u00e1szr\u00e9genben \u00faj iskola \u00e9p\u00fclt jelent\u0151s \u00f6sszeg\u0171 anyagi t\u00e1mogat\u00e1s\u00e1val (1835). Irod.: B\u00edr\u00f3 Don\u00e1t; Gaz. Regh. (1994. dec.)<\/p>\n","protected":false},"featured_media":0,"comment_status":"open","ping_status":"closed","template":"","meta":[],"product_brand":[],"product_cat":[137],"product_tag":[],"class_list":{"0":"post-14199","1":"product","2":"type-product","3":"status-publish","5":"product_cat-maros-megyei-eletrajzi-lexikon","7":"first","8":"instock","9":"shipping-taxable","10":"product-type-simple"},"_links":{"self":[{"href":"https:\/\/uj.adatbank.ro\/lexikon\/wp-json\/wp\/v2\/product\/14199","targetHints":{"allow":["GET"]}}],"collection":[{"href":"https:\/\/uj.adatbank.ro\/lexikon\/wp-json\/wp\/v2\/product"}],"about":[{"href":"https:\/\/uj.adatbank.ro\/lexikon\/wp-json\/wp\/v2\/types\/product"}],"replies":[{"embeddable":true,"href":"https:\/\/uj.adatbank.ro\/lexikon\/wp-json\/wp\/v2\/comments?post=14199"}],"wp:attachment":[{"href":"https:\/\/uj.adatbank.ro\/lexikon\/wp-json\/wp\/v2\/media?parent=14199"}],"wp:term":[{"taxonomy":"product_brand","embeddable":true,"href":"https:\/\/uj.adatbank.ro\/lexikon\/wp-json\/wp\/v2\/product_brand?post=14199"},{"taxonomy":"product_cat","embeddable":true,"href":"https:\/\/uj.adatbank.ro\/lexikon\/wp-json\/wp\/v2\/product_cat?post=14199"},{"taxonomy":"product_tag","embeddable":true,"href":"https:\/\/uj.adatbank.ro\/lexikon\/wp-json\/wp\/v2\/product_tag?post=14199"}],"curies":[{"name":"wp","href":"https:\/\/api.w.org\/{rel}","templated":true}]}}