{"id":14203,"date":"2025-07-15T12:53:58","date_gmt":"2025-07-15T10:53:58","guid":{"rendered":"https:\/\/uj.adatbank.ro\/lexikon\/termek\/lutman-ivan\/"},"modified":"2025-07-15T12:53:58","modified_gmt":"2025-07-15T10:53:58","slug":"lutman-ivan","status":"publish","type":"product","link":"https:\/\/uj.adatbank.ro\/lexikon\/termek\/lutman-ivan\/","title":{"rendered":"LUTMAN Iv\u00e1n"},"content":{"rendered":"<p>1857.\u2020 Mv., 1920. dec. 13.:h\u00e1ztujlajdonos. \u2013 Testv\u00e9re: L. P\u00e9ter. Feles\u00e9ge: Kerekes Vilma. Gyerekeik: Vilma Wilhelm Frigyesn\u00e9; Mariska M\u00e1ria (1886\u20131960)\/ Marthy P\u00e1ln\u00e9; Ilonka dr. Elmer M\u00e1ty\u00e1sn\u00e9. \u2013 A mv.-i ma Forradalom \/ Szentgy\u00f6rgy u. 28. sz. alatti L alak\u00fa f\u00f6ldszintes h\u00e1z tulajdonosa volt. A h\u00e1z terveit \u00e9s \u00e9p\u00edt\u00e9s\u00e9t Csisz\u00e1r Lajos \u00e9p\u00edt\u00e9szmester v\u00e9gezte (1901. j\u00fan.). <br \/><strong>Irod.:<\/strong> Gy\u00e1szjelent\u0151; Man: Tg. M. 2.inmotmantare<\/br><\/p>\n","protected":false},"excerpt":{"rendered":"<p>1857.\u2020 Mv., 1920. dec. 13.:h\u00e1ztujlajdonos. \u2013 Testv\u00e9re: L. P\u00e9ter. Feles\u00e9ge: Kerekes Vilma. Gyerekeik: Vilma Wilhelm Frigyesn\u00e9; Mariska M\u00e1ria (1886\u20131960)\/ Marthy P\u00e1ln\u00e9; Ilonka dr. Elmer M\u00e1ty\u00e1sn\u00e9. \u2013 A mv.-i ma Forradalom \/ Szentgy\u00f6rgy u. 28. sz. alatti L alak\u00fa f\u00f6ldszintes h\u00e1z tulajdonosa volt. A h\u00e1z terveit \u00e9s \u00e9p\u00edt\u00e9s\u00e9t Csisz\u00e1r Lajos \u00e9p\u00edt\u00e9szmester v\u00e9gezte (1901. j\u00fan.). Irod.: Gy\u00e1szjelent\u0151; [&hellip;]<\/p>\n","protected":false},"featured_media":0,"comment_status":"open","ping_status":"closed","template":"","meta":[],"product_brand":[],"product_cat":[137],"product_tag":[],"class_list":{"0":"post-14203","1":"product","2":"type-product","3":"status-publish","5":"product_cat-maros-megyei-eletrajzi-lexikon","7":"first","8":"instock","9":"shipping-taxable","10":"product-type-simple"},"_links":{"self":[{"href":"https:\/\/uj.adatbank.ro\/lexikon\/wp-json\/wp\/v2\/product\/14203","targetHints":{"allow":["GET"]}}],"collection":[{"href":"https:\/\/uj.adatbank.ro\/lexikon\/wp-json\/wp\/v2\/product"}],"about":[{"href":"https:\/\/uj.adatbank.ro\/lexikon\/wp-json\/wp\/v2\/types\/product"}],"replies":[{"embeddable":true,"href":"https:\/\/uj.adatbank.ro\/lexikon\/wp-json\/wp\/v2\/comments?post=14203"}],"wp:attachment":[{"href":"https:\/\/uj.adatbank.ro\/lexikon\/wp-json\/wp\/v2\/media?parent=14203"}],"wp:term":[{"taxonomy":"product_brand","embeddable":true,"href":"https:\/\/uj.adatbank.ro\/lexikon\/wp-json\/wp\/v2\/product_brand?post=14203"},{"taxonomy":"product_cat","embeddable":true,"href":"https:\/\/uj.adatbank.ro\/lexikon\/wp-json\/wp\/v2\/product_cat?post=14203"},{"taxonomy":"product_tag","embeddable":true,"href":"https:\/\/uj.adatbank.ro\/lexikon\/wp-json\/wp\/v2\/product_tag?post=14203"}],"curies":[{"name":"wp","href":"https:\/\/api.w.org\/{rel}","templated":true}]}}