{"id":14206,"date":"2025-07-15T12:54:05","date_gmt":"2025-07-15T10:54:05","guid":{"rendered":"https:\/\/uj.adatbank.ro\/lexikon\/termek\/lutsch-hugo\/"},"modified":"2025-07-15T12:54:05","modified_gmt":"2025-07-15T10:54:05","slug":"lutsch-hugo","status":"publish","type":"product","link":"https:\/\/uj.adatbank.ro\/lexikon\/termek\/lutsch-hugo\/","title":{"rendered":"LUTSCH, Hugo"},"content":{"rendered":"<p>Sz\u00e1szr\u00e9gen, 1892. szept. 5. \u2020 ?: gy\u00f3gyszer\u00e9sz. -\u00d6nk\u00e9ntesk\u00e9nt vett r\u00e9szt az I. vh.-ban (1914 dec. 1.\u20131915. nov. 15.). B\u00e9csben katonai orvosi tan\u00e1csad\u00f3 a cs. kir. hadsereg igazgat\u00f3s\u00e1g\u00e1n valamint a gy\u00f3gyszerlerakat beosztottja. Hazat\u00e9rt Erd\u00e9lybe, ahol a rom\u00e1n hadsereg \u00e1tvette \u0151t gy\u00f3gyszer\u00e9szk\u00e9nt (1919\u2013). <br \/><strong>Irod.:<\/strong> Reghin, militari<\/br><\/p>\n","protected":false},"excerpt":{"rendered":"<p>Sz\u00e1szr\u00e9gen, 1892. szept. 5. \u2020 ?: gy\u00f3gyszer\u00e9sz. -\u00d6nk\u00e9ntesk\u00e9nt vett r\u00e9szt az I. vh.-ban (1914 dec. 1.\u20131915. nov. 15.). B\u00e9csben katonai orvosi tan\u00e1csad\u00f3 a cs. kir. hadsereg igazgat\u00f3s\u00e1g\u00e1n valamint a gy\u00f3gyszerlerakat beosztottja. Hazat\u00e9rt Erd\u00e9lybe, ahol a rom\u00e1n hadsereg \u00e1tvette \u0151t gy\u00f3gyszer\u00e9szk\u00e9nt (1919\u2013). Irod.: Reghin, militari<\/p>\n","protected":false},"featured_media":0,"comment_status":"open","ping_status":"closed","template":"","meta":[],"product_brand":[],"product_cat":[137],"product_tag":[],"class_list":{"0":"post-14206","1":"product","2":"type-product","3":"status-publish","5":"product_cat-maros-megyei-eletrajzi-lexikon","7":"first","8":"instock","9":"shipping-taxable","10":"product-type-simple"},"_links":{"self":[{"href":"https:\/\/uj.adatbank.ro\/lexikon\/wp-json\/wp\/v2\/product\/14206","targetHints":{"allow":["GET"]}}],"collection":[{"href":"https:\/\/uj.adatbank.ro\/lexikon\/wp-json\/wp\/v2\/product"}],"about":[{"href":"https:\/\/uj.adatbank.ro\/lexikon\/wp-json\/wp\/v2\/types\/product"}],"replies":[{"embeddable":true,"href":"https:\/\/uj.adatbank.ro\/lexikon\/wp-json\/wp\/v2\/comments?post=14206"}],"wp:attachment":[{"href":"https:\/\/uj.adatbank.ro\/lexikon\/wp-json\/wp\/v2\/media?parent=14206"}],"wp:term":[{"taxonomy":"product_brand","embeddable":true,"href":"https:\/\/uj.adatbank.ro\/lexikon\/wp-json\/wp\/v2\/product_brand?post=14206"},{"taxonomy":"product_cat","embeddable":true,"href":"https:\/\/uj.adatbank.ro\/lexikon\/wp-json\/wp\/v2\/product_cat?post=14206"},{"taxonomy":"product_tag","embeddable":true,"href":"https:\/\/uj.adatbank.ro\/lexikon\/wp-json\/wp\/v2\/product_tag?post=14206"}],"curies":[{"name":"wp","href":"https:\/\/api.w.org\/{rel}","templated":true}]}}