{"id":14207,"date":"2025-07-15T12:54:08","date_gmt":"2025-07-15T10:54:08","guid":{"rendered":"https:\/\/uj.adatbank.ro\/lexikon\/termek\/lutsch-johannn\/"},"modified":"2025-07-15T12:54:08","modified_gmt":"2025-07-15T10:54:08","slug":"lutsch-johannn","status":"publish","type":"product","link":"https:\/\/uj.adatbank.ro\/lexikon\/termek\/lutsch-johannn\/","title":{"rendered":"LUTSCH, Johannn"},"content":{"rendered":"<p>? \u2020\u00a0?:?. \u2013 Felaj\u00e1nlotta sz\u00e1szr\u00e9geni h\u00e1z\u00e1t \u00f3voda \u00e9p\u00edt\u00e9s\u00e9re (1886). az els\u0151 \u00f3von\u0151 Maria Mestrovic, sz\u00fcl Jekelius volt. <br \/><strong>Irod.:<\/strong> S\u00e4chsisch-Regen<\/br><\/p>\n","protected":false},"excerpt":{"rendered":"<p>? \u2020\u00a0?:?. \u2013 Felaj\u00e1nlotta sz\u00e1szr\u00e9geni h\u00e1z\u00e1t \u00f3voda \u00e9p\u00edt\u00e9s\u00e9re (1886). az els\u0151 \u00f3von\u0151 Maria Mestrovic, sz\u00fcl Jekelius volt. Irod.: S\u00e4chsisch-Regen<\/p>\n","protected":false},"featured_media":0,"comment_status":"open","ping_status":"closed","template":"","meta":[],"product_brand":[],"product_cat":[137],"product_tag":[],"class_list":{"0":"post-14207","1":"product","2":"type-product","3":"status-publish","5":"product_cat-maros-megyei-eletrajzi-lexikon","7":"first","8":"instock","9":"shipping-taxable","10":"product-type-simple"},"_links":{"self":[{"href":"https:\/\/uj.adatbank.ro\/lexikon\/wp-json\/wp\/v2\/product\/14207","targetHints":{"allow":["GET"]}}],"collection":[{"href":"https:\/\/uj.adatbank.ro\/lexikon\/wp-json\/wp\/v2\/product"}],"about":[{"href":"https:\/\/uj.adatbank.ro\/lexikon\/wp-json\/wp\/v2\/types\/product"}],"replies":[{"embeddable":true,"href":"https:\/\/uj.adatbank.ro\/lexikon\/wp-json\/wp\/v2\/comments?post=14207"}],"wp:attachment":[{"href":"https:\/\/uj.adatbank.ro\/lexikon\/wp-json\/wp\/v2\/media?parent=14207"}],"wp:term":[{"taxonomy":"product_brand","embeddable":true,"href":"https:\/\/uj.adatbank.ro\/lexikon\/wp-json\/wp\/v2\/product_brand?post=14207"},{"taxonomy":"product_cat","embeddable":true,"href":"https:\/\/uj.adatbank.ro\/lexikon\/wp-json\/wp\/v2\/product_cat?post=14207"},{"taxonomy":"product_tag","embeddable":true,"href":"https:\/\/uj.adatbank.ro\/lexikon\/wp-json\/wp\/v2\/product_tag?post=14207"}],"curies":[{"name":"wp","href":"https:\/\/api.w.org\/{rel}","templated":true}]}}