{"id":14208,"date":"2025-07-15T12:54:09","date_gmt":"2025-07-15T10:54:09","guid":{"rendered":"https:\/\/uj.adatbank.ro\/lexikon\/termek\/lutsch-samuel\/"},"modified":"2025-07-15T12:54:09","modified_gmt":"2025-07-15T10:54:09","slug":"lutsch-samuel","status":"publish","type":"product","link":"https:\/\/uj.adatbank.ro\/lexikon\/termek\/lutsch-samuel\/","title":{"rendered":"LUTSCH, Samuel"},"content":{"rendered":"<p>Sz\u00e1szr\u00e9gen,? \u2020 Sz\u00e1szr\u00e9gen, 1751. okt. 14.: lelk\u00e9sz. \u2013 Tanult Kv., Szeben, Wittenberg \u2013ben (1716). Lelkip\u00e1sztor Dedr\u00e1don (1735\u2013), Sz\u00e1szr\u00e9genben (1743\u2013). <br \/><strong>Irod.:<\/strong> Szab\u00f3\u2013Sz\u00f6gi<\/br><\/p>\n","protected":false},"excerpt":{"rendered":"<p>Sz\u00e1szr\u00e9gen,? \u2020 Sz\u00e1szr\u00e9gen, 1751. okt. 14.: lelk\u00e9sz. \u2013 Tanult Kv., Szeben, Wittenberg \u2013ben (1716). Lelkip\u00e1sztor Dedr\u00e1don (1735\u2013), Sz\u00e1szr\u00e9genben (1743\u2013). Irod.: Szab\u00f3\u2013Sz\u00f6gi<\/p>\n","protected":false},"featured_media":0,"comment_status":"open","ping_status":"closed","template":"","meta":[],"product_brand":[],"product_cat":[137],"product_tag":[],"class_list":{"0":"post-14208","1":"product","2":"type-product","3":"status-publish","5":"product_cat-maros-megyei-eletrajzi-lexikon","7":"first","8":"instock","9":"shipping-taxable","10":"product-type-simple"},"_links":{"self":[{"href":"https:\/\/uj.adatbank.ro\/lexikon\/wp-json\/wp\/v2\/product\/14208","targetHints":{"allow":["GET"]}}],"collection":[{"href":"https:\/\/uj.adatbank.ro\/lexikon\/wp-json\/wp\/v2\/product"}],"about":[{"href":"https:\/\/uj.adatbank.ro\/lexikon\/wp-json\/wp\/v2\/types\/product"}],"replies":[{"embeddable":true,"href":"https:\/\/uj.adatbank.ro\/lexikon\/wp-json\/wp\/v2\/comments?post=14208"}],"wp:attachment":[{"href":"https:\/\/uj.adatbank.ro\/lexikon\/wp-json\/wp\/v2\/media?parent=14208"}],"wp:term":[{"taxonomy":"product_brand","embeddable":true,"href":"https:\/\/uj.adatbank.ro\/lexikon\/wp-json\/wp\/v2\/product_brand?post=14208"},{"taxonomy":"product_cat","embeddable":true,"href":"https:\/\/uj.adatbank.ro\/lexikon\/wp-json\/wp\/v2\/product_cat?post=14208"},{"taxonomy":"product_tag","embeddable":true,"href":"https:\/\/uj.adatbank.ro\/lexikon\/wp-json\/wp\/v2\/product_tag?post=14208"}],"curies":[{"name":"wp","href":"https:\/\/api.w.org\/{rel}","templated":true}]}}