{"id":14211,"date":"2025-07-15T12:54:15","date_gmt":"2025-07-15T10:54:15","guid":{"rendered":"https:\/\/uj.adatbank.ro\/lexikon\/termek\/lysthenius-georgius\/"},"modified":"2025-07-15T12:54:15","modified_gmt":"2025-07-15T10:54:15","slug":"lysthenius-georgius","status":"publish","type":"product","link":"https:\/\/uj.adatbank.ro\/lexikon\/termek\/lysthenius-georgius\/","title":{"rendered":"LYSTHENIUS, Georgius"},"content":{"rendered":"<p>1612.: lelkip\u00e1sztor. \u2013 Segesv\u00e1ri sz\u00e1rmaz\u00e1s\u00fa, Wittenbergben tanult. Segesv\u00e1ron \u00e9s Sz\u00e1szbud\u00e1n volt pap. <br \/><strong>Irod.:<\/strong> Szab\u00f3-Tonk; Ver\u00f3k Attila: Erd\u00e9lyi k\u00f6nyves eml\u00e9kek Hall\u00e9ban az 1800 el\u0151tti id\u0151szakb\u00f3l = K\u00f6nyvek \u00e1ltal<\/br><\/p>\n","protected":false},"excerpt":{"rendered":"<p>1612.: lelkip\u00e1sztor. \u2013 Segesv\u00e1ri sz\u00e1rmaz\u00e1s\u00fa, Wittenbergben tanult. Segesv\u00e1ron \u00e9s Sz\u00e1szbud\u00e1n volt pap. Irod.: Szab\u00f3-Tonk; Ver\u00f3k Attila: Erd\u00e9lyi k\u00f6nyves eml\u00e9kek Hall\u00e9ban az 1800 el\u0151tti id\u0151szakb\u00f3l = K\u00f6nyvek \u00e1ltal<\/p>\n","protected":false},"featured_media":0,"comment_status":"open","ping_status":"closed","template":"","meta":[],"product_brand":[],"product_cat":[137],"product_tag":[],"class_list":{"0":"post-14211","1":"product","2":"type-product","3":"status-publish","5":"product_cat-maros-megyei-eletrajzi-lexikon","7":"first","8":"instock","9":"shipping-taxable","10":"product-type-simple"},"_links":{"self":[{"href":"https:\/\/uj.adatbank.ro\/lexikon\/wp-json\/wp\/v2\/product\/14211","targetHints":{"allow":["GET"]}}],"collection":[{"href":"https:\/\/uj.adatbank.ro\/lexikon\/wp-json\/wp\/v2\/product"}],"about":[{"href":"https:\/\/uj.adatbank.ro\/lexikon\/wp-json\/wp\/v2\/types\/product"}],"replies":[{"embeddable":true,"href":"https:\/\/uj.adatbank.ro\/lexikon\/wp-json\/wp\/v2\/comments?post=14211"}],"wp:attachment":[{"href":"https:\/\/uj.adatbank.ro\/lexikon\/wp-json\/wp\/v2\/media?parent=14211"}],"wp:term":[{"taxonomy":"product_brand","embeddable":true,"href":"https:\/\/uj.adatbank.ro\/lexikon\/wp-json\/wp\/v2\/product_brand?post=14211"},{"taxonomy":"product_cat","embeddable":true,"href":"https:\/\/uj.adatbank.ro\/lexikon\/wp-json\/wp\/v2\/product_cat?post=14211"},{"taxonomy":"product_tag","embeddable":true,"href":"https:\/\/uj.adatbank.ro\/lexikon\/wp-json\/wp\/v2\/product_tag?post=14211"}],"curies":[{"name":"wp","href":"https:\/\/api.w.org\/{rel}","templated":true}]}}