{"id":14225,"date":"2025-07-15T12:54:42","date_gmt":"2025-07-15T10:54:42","guid":{"rendered":"https:\/\/uj.adatbank.ro\/lexikon\/termek\/macskasi-lajos-matskassy\/"},"modified":"2025-07-15T12:54:42","modified_gmt":"2025-07-15T10:54:42","slug":"macskasi-lajos-matskassy","status":"publish","type":"product","link":"https:\/\/uj.adatbank.ro\/lexikon\/termek\/macskasi-lajos-matskassy\/","title":{"rendered":"MACSK\u00c1SI Lajos, Matsk\u00e1ssy"},"content":{"rendered":"<p>? \u2020\u00a0?: husz\u00e1rtiszt, birtokos nemes. \u2013 Felk\u00e9rte Forr\u00f3 alezredes, mv.-i f\u0151hadiparancsnok egy mv.-i lovas nemzet\u0151r csapat fel\u00e1ll\u00edt\u00e1s\u00e1ra (1849. febr. 25.). Agyagfalv\u00e1r\u00f3l Mv.-re vezette a sz\u00e9kelyeket. Otthon\u00e1ban tartott \u00e9rtekezletet a Sz\u00ednh\u00e1z\u00e9p\u00edt\u0151 bizotts\u00e1g (1862). <br \/><strong>Irod.:<\/strong> Id\u0151t\u00e1r 2; 1848\u20131849 Marossz\u00e9k; P\u00e1l-Antal 2002<\/br><\/p>\n","protected":false},"excerpt":{"rendered":"<p>? \u2020\u00a0?: husz\u00e1rtiszt, birtokos nemes. \u2013 Felk\u00e9rte Forr\u00f3 alezredes, mv.-i f\u0151hadiparancsnok egy mv.-i lovas nemzet\u0151r csapat fel\u00e1ll\u00edt\u00e1s\u00e1ra (1849. febr. 25.). Agyagfalv\u00e1r\u00f3l Mv.-re vezette a sz\u00e9kelyeket. Otthon\u00e1ban tartott \u00e9rtekezletet a Sz\u00ednh\u00e1z\u00e9p\u00edt\u0151 bizotts\u00e1g (1862). Irod.: Id\u0151t\u00e1r 2; 1848\u20131849 Marossz\u00e9k; P\u00e1l-Antal 2002<\/p>\n","protected":false},"featured_media":0,"comment_status":"open","ping_status":"closed","template":"","meta":[],"product_brand":[],"product_cat":[137],"product_tag":[],"class_list":{"0":"post-14225","1":"product","2":"type-product","3":"status-publish","5":"product_cat-maros-megyei-eletrajzi-lexikon","7":"first","8":"instock","9":"shipping-taxable","10":"product-type-simple"},"_links":{"self":[{"href":"https:\/\/uj.adatbank.ro\/lexikon\/wp-json\/wp\/v2\/product\/14225","targetHints":{"allow":["GET"]}}],"collection":[{"href":"https:\/\/uj.adatbank.ro\/lexikon\/wp-json\/wp\/v2\/product"}],"about":[{"href":"https:\/\/uj.adatbank.ro\/lexikon\/wp-json\/wp\/v2\/types\/product"}],"replies":[{"embeddable":true,"href":"https:\/\/uj.adatbank.ro\/lexikon\/wp-json\/wp\/v2\/comments?post=14225"}],"wp:attachment":[{"href":"https:\/\/uj.adatbank.ro\/lexikon\/wp-json\/wp\/v2\/media?parent=14225"}],"wp:term":[{"taxonomy":"product_brand","embeddable":true,"href":"https:\/\/uj.adatbank.ro\/lexikon\/wp-json\/wp\/v2\/product_brand?post=14225"},{"taxonomy":"product_cat","embeddable":true,"href":"https:\/\/uj.adatbank.ro\/lexikon\/wp-json\/wp\/v2\/product_cat?post=14225"},{"taxonomy":"product_tag","embeddable":true,"href":"https:\/\/uj.adatbank.ro\/lexikon\/wp-json\/wp\/v2\/product_tag?post=14225"}],"curies":[{"name":"wp","href":"https:\/\/api.w.org\/{rel}","templated":true}]}}