{"id":14226,"date":"2025-07-15T12:54:44","date_gmt":"2025-07-15T10:54:44","guid":{"rendered":"https:\/\/uj.adatbank.ro\/lexikon\/termek\/macskasi-lajosne\/"},"modified":"2025-07-15T12:54:44","modified_gmt":"2025-07-15T10:54:44","slug":"macskasi-lajosne","status":"publish","type":"product","link":"https:\/\/uj.adatbank.ro\/lexikon\/termek\/macskasi-lajosne\/","title":{"rendered":"MACSK\u00c1SI Lajosn\u00e9"},"content":{"rendered":"<p>? \u2020\u00a0?: n\u0151mozgalmi tag. \u2013 A mv.-i J\u00f3t\u00e9kony N\u0151egylet tagja. <br \/><strong>Irod.:<\/strong> Sz\u00e1va Farkas: Jelent\u00e9s a mv.-i J\u00f3t\u00e9kony N\u0151egylet 1860\u201361 els\u0151 \u00e9vi munk\u00e1j\u00e1r\u00f3l (Mv., 1862)<\/br><\/p>\n","protected":false},"excerpt":{"rendered":"<p>? \u2020\u00a0?: n\u0151mozgalmi tag. \u2013 A mv.-i J\u00f3t\u00e9kony N\u0151egylet tagja. Irod.: Sz\u00e1va Farkas: Jelent\u00e9s a mv.-i J\u00f3t\u00e9kony N\u0151egylet 1860\u201361 els\u0151 \u00e9vi munk\u00e1j\u00e1r\u00f3l (Mv., 1862)<\/p>\n","protected":false},"featured_media":0,"comment_status":"open","ping_status":"closed","template":"","meta":[],"product_brand":[],"product_cat":[137],"product_tag":[],"class_list":{"0":"post-14226","1":"product","2":"type-product","3":"status-publish","5":"product_cat-maros-megyei-eletrajzi-lexikon","7":"first","8":"instock","9":"shipping-taxable","10":"product-type-simple"},"_links":{"self":[{"href":"https:\/\/uj.adatbank.ro\/lexikon\/wp-json\/wp\/v2\/product\/14226","targetHints":{"allow":["GET"]}}],"collection":[{"href":"https:\/\/uj.adatbank.ro\/lexikon\/wp-json\/wp\/v2\/product"}],"about":[{"href":"https:\/\/uj.adatbank.ro\/lexikon\/wp-json\/wp\/v2\/types\/product"}],"replies":[{"embeddable":true,"href":"https:\/\/uj.adatbank.ro\/lexikon\/wp-json\/wp\/v2\/comments?post=14226"}],"wp:attachment":[{"href":"https:\/\/uj.adatbank.ro\/lexikon\/wp-json\/wp\/v2\/media?parent=14226"}],"wp:term":[{"taxonomy":"product_brand","embeddable":true,"href":"https:\/\/uj.adatbank.ro\/lexikon\/wp-json\/wp\/v2\/product_brand?post=14226"},{"taxonomy":"product_cat","embeddable":true,"href":"https:\/\/uj.adatbank.ro\/lexikon\/wp-json\/wp\/v2\/product_cat?post=14226"},{"taxonomy":"product_tag","embeddable":true,"href":"https:\/\/uj.adatbank.ro\/lexikon\/wp-json\/wp\/v2\/product_tag?post=14226"}],"curies":[{"name":"wp","href":"https:\/\/api.w.org\/{rel}","templated":true}]}}