{"id":14228,"date":"2025-07-15T12:54:47","date_gmt":"2025-07-15T10:54:47","guid":{"rendered":"https:\/\/uj.adatbank.ro\/lexikon\/termek\/macskasi-pal\/"},"modified":"2025-07-15T12:54:47","modified_gmt":"2025-07-15T10:54:47","slug":"macskasi-pal","status":"publish","type":"product","link":"https:\/\/uj.adatbank.ro\/lexikon\/termek\/macskasi-pal\/","title":{"rendered":"MACSK\u00c1SI P\u00e1l"},"content":{"rendered":"<p>? \u2020\u00a0Kv., ? A H\u00e1zsong\u00e1rdi temet\u0151ben van a s\u00edrja.: hadb\u00edr\u00f3. \u2013 Szab\u00f3leg\u00e9nyb\u0151l lett hadb\u00edr\u00f3. Mv.-en volt hadb\u00edr\u00f3, az 1956-os perekben (1957\u201359), az \u00e1ltala eln\u00f6k\u00f6lt tan\u00e1cs a legszigor\u00fabb it\u00e9leteket hozta, hossz\u00fa 20\u201325 \u00e9ves it\u00e9leteket hozott, 12 hal\u00e1losat, amelyet kiv\u00e9gz\u00e9sek k\u00f6vettek (1958). \u0150rnagy, majd ezredes. <br \/><strong>Irod.:<\/strong> Bottoni 2008; Ferenczi S\u00e1ndor 2012; T\u00f3falvi 5.<\/br><\/p>\n","protected":false},"excerpt":{"rendered":"<p>? \u2020\u00a0Kv., ? A H\u00e1zsong\u00e1rdi temet\u0151ben van a s\u00edrja.: hadb\u00edr\u00f3. \u2013 Szab\u00f3leg\u00e9nyb\u0151l lett hadb\u00edr\u00f3. Mv.-en volt hadb\u00edr\u00f3, az 1956-os perekben (1957\u201359), az \u00e1ltala eln\u00f6k\u00f6lt tan\u00e1cs a legszigor\u00fabb it\u00e9leteket hozta, hossz\u00fa 20\u201325 \u00e9ves it\u00e9leteket hozott, 12 hal\u00e1losat, amelyet kiv\u00e9gz\u00e9sek k\u00f6vettek (1958). \u0150rnagy, majd ezredes. Irod.: Bottoni 2008; Ferenczi S\u00e1ndor 2012; T\u00f3falvi 5.<\/p>\n","protected":false},"featured_media":0,"comment_status":"open","ping_status":"closed","template":"","meta":[],"product_brand":[],"product_cat":[137],"product_tag":[],"class_list":{"0":"post-14228","1":"product","2":"type-product","3":"status-publish","5":"product_cat-maros-megyei-eletrajzi-lexikon","7":"first","8":"instock","9":"shipping-taxable","10":"product-type-simple"},"_links":{"self":[{"href":"https:\/\/uj.adatbank.ro\/lexikon\/wp-json\/wp\/v2\/product\/14228","targetHints":{"allow":["GET"]}}],"collection":[{"href":"https:\/\/uj.adatbank.ro\/lexikon\/wp-json\/wp\/v2\/product"}],"about":[{"href":"https:\/\/uj.adatbank.ro\/lexikon\/wp-json\/wp\/v2\/types\/product"}],"replies":[{"embeddable":true,"href":"https:\/\/uj.adatbank.ro\/lexikon\/wp-json\/wp\/v2\/comments?post=14228"}],"wp:attachment":[{"href":"https:\/\/uj.adatbank.ro\/lexikon\/wp-json\/wp\/v2\/media?parent=14228"}],"wp:term":[{"taxonomy":"product_brand","embeddable":true,"href":"https:\/\/uj.adatbank.ro\/lexikon\/wp-json\/wp\/v2\/product_brand?post=14228"},{"taxonomy":"product_cat","embeddable":true,"href":"https:\/\/uj.adatbank.ro\/lexikon\/wp-json\/wp\/v2\/product_cat?post=14228"},{"taxonomy":"product_tag","embeddable":true,"href":"https:\/\/uj.adatbank.ro\/lexikon\/wp-json\/wp\/v2\/product_tag?post=14228"}],"curies":[{"name":"wp","href":"https:\/\/api.w.org\/{rel}","templated":true}]}}