{"id":14233,"date":"2025-07-15T12:54:59","date_gmt":"2025-07-15T10:54:59","guid":{"rendered":"https:\/\/uj.adatbank.ro\/lexikon\/termek\/macskasy-ferenc-2\/"},"modified":"2025-07-15T12:54:59","modified_gmt":"2025-07-15T10:54:59","slug":"macskasy-ferenc-2","status":"publish","type":"product","link":"https:\/\/uj.adatbank.ro\/lexikon\/termek\/macskasy-ferenc-2\/","title":{"rendered":"MACSK\u00c1SY Ferenc"},"content":{"rendered":"<p>? \u2020\u00a0?: birtokos. \u2013 G\u00f6rg\u00e9nyszentimre birtokainak b\u00e9rl\u0151je (1867\u201370). A birtok az osztr.\u2013m. \u00e1llam tulajdona volt. <br \/><strong>Irod.:<\/strong> Bizotm\u00e1nyi jelent\u00e9s az EGE \u00e9s a kv.-i Kereskedelmi \u00e9s Iparkamara \u00e1ltal rendezett gazd\u00e1szati \u00e9s iparki\u00e1ll\u00edt\u00e1sr\u00f3l (Kv., 1858); Reghin, Protopopiat<\/br><\/p>\n","protected":false},"excerpt":{"rendered":"<p>? \u2020\u00a0?: birtokos. \u2013 G\u00f6rg\u00e9nyszentimre birtokainak b\u00e9rl\u0151je (1867\u201370). A birtok az osztr.\u2013m. \u00e1llam tulajdona volt. Irod.: Bizotm\u00e1nyi jelent\u00e9s az EGE \u00e9s a kv.-i Kereskedelmi \u00e9s Iparkamara \u00e1ltal rendezett gazd\u00e1szati \u00e9s iparki\u00e1ll\u00edt\u00e1sr\u00f3l (Kv., 1858); Reghin, Protopopiat<\/p>\n","protected":false},"featured_media":0,"comment_status":"open","ping_status":"closed","template":"","meta":[],"product_brand":[],"product_cat":[137],"product_tag":[],"class_list":{"0":"post-14233","1":"product","2":"type-product","3":"status-publish","5":"product_cat-maros-megyei-eletrajzi-lexikon","7":"first","8":"instock","9":"shipping-taxable","10":"product-type-simple"},"_links":{"self":[{"href":"https:\/\/uj.adatbank.ro\/lexikon\/wp-json\/wp\/v2\/product\/14233","targetHints":{"allow":["GET"]}}],"collection":[{"href":"https:\/\/uj.adatbank.ro\/lexikon\/wp-json\/wp\/v2\/product"}],"about":[{"href":"https:\/\/uj.adatbank.ro\/lexikon\/wp-json\/wp\/v2\/types\/product"}],"replies":[{"embeddable":true,"href":"https:\/\/uj.adatbank.ro\/lexikon\/wp-json\/wp\/v2\/comments?post=14233"}],"wp:attachment":[{"href":"https:\/\/uj.adatbank.ro\/lexikon\/wp-json\/wp\/v2\/media?parent=14233"}],"wp:term":[{"taxonomy":"product_brand","embeddable":true,"href":"https:\/\/uj.adatbank.ro\/lexikon\/wp-json\/wp\/v2\/product_brand?post=14233"},{"taxonomy":"product_cat","embeddable":true,"href":"https:\/\/uj.adatbank.ro\/lexikon\/wp-json\/wp\/v2\/product_cat?post=14233"},{"taxonomy":"product_tag","embeddable":true,"href":"https:\/\/uj.adatbank.ro\/lexikon\/wp-json\/wp\/v2\/product_tag?post=14233"}],"curies":[{"name":"wp","href":"https:\/\/api.w.org\/{rel}","templated":true}]}}