{"id":14234,"date":"2025-07-15T12:55:00","date_gmt":"2025-07-15T10:55:00","guid":{"rendered":"https:\/\/uj.adatbank.ro\/lexikon\/termek\/macskin-karoly\/"},"modified":"2025-07-15T12:55:00","modified_gmt":"2025-07-15T10:55:00","slug":"macskin-karoly","status":"publish","type":"product","link":"https:\/\/uj.adatbank.ro\/lexikon\/termek\/macskin-karoly\/","title":{"rendered":"MACSKIN K\u00e1roly"},"content":{"rendered":"<p>? \u2020\u00a01751 vagy 1752: gy\u00f3gyszer\u00e9sz. \u2013 Mv.-en volt gy\u00f3gyszert\u00e1ra, amit Schwartz Simont\u00f3l vett \u00e1t (1750\u20131752), t\u0151le Bayer J\u00f3zsef nagyszebeni patikus vett \u00e1t (1752\u201354) <br \/><strong>Irod.:<\/strong> P\u00e1l-Antal 2009; P\u00e9ter H. M.; P\u00e9ter H. M. 2013<\/br><\/p>\n","protected":false},"excerpt":{"rendered":"<p>? \u2020\u00a01751 vagy 1752: gy\u00f3gyszer\u00e9sz. \u2013 Mv.-en volt gy\u00f3gyszert\u00e1ra, amit Schwartz Simont\u00f3l vett \u00e1t (1750\u20131752), t\u0151le Bayer J\u00f3zsef nagyszebeni patikus vett \u00e1t (1752\u201354) Irod.: P\u00e1l-Antal 2009; P\u00e9ter H. M.; P\u00e9ter H. M. 2013<\/p>\n","protected":false},"featured_media":0,"comment_status":"open","ping_status":"closed","template":"","meta":[],"product_brand":[],"product_cat":[137],"product_tag":[],"class_list":{"0":"post-14234","1":"product","2":"type-product","3":"status-publish","5":"product_cat-maros-megyei-eletrajzi-lexikon","7":"first","8":"instock","9":"shipping-taxable","10":"product-type-simple"},"_links":{"self":[{"href":"https:\/\/uj.adatbank.ro\/lexikon\/wp-json\/wp\/v2\/product\/14234","targetHints":{"allow":["GET"]}}],"collection":[{"href":"https:\/\/uj.adatbank.ro\/lexikon\/wp-json\/wp\/v2\/product"}],"about":[{"href":"https:\/\/uj.adatbank.ro\/lexikon\/wp-json\/wp\/v2\/types\/product"}],"replies":[{"embeddable":true,"href":"https:\/\/uj.adatbank.ro\/lexikon\/wp-json\/wp\/v2\/comments?post=14234"}],"wp:attachment":[{"href":"https:\/\/uj.adatbank.ro\/lexikon\/wp-json\/wp\/v2\/media?parent=14234"}],"wp:term":[{"taxonomy":"product_brand","embeddable":true,"href":"https:\/\/uj.adatbank.ro\/lexikon\/wp-json\/wp\/v2\/product_brand?post=14234"},{"taxonomy":"product_cat","embeddable":true,"href":"https:\/\/uj.adatbank.ro\/lexikon\/wp-json\/wp\/v2\/product_cat?post=14234"},{"taxonomy":"product_tag","embeddable":true,"href":"https:\/\/uj.adatbank.ro\/lexikon\/wp-json\/wp\/v2\/product_tag?post=14234"}],"curies":[{"name":"wp","href":"https:\/\/api.w.org\/{rel}","templated":true}]}}