{"id":14236,"date":"2025-07-15T12:55:03","date_gmt":"2025-07-15T10:55:03","guid":{"rendered":"https:\/\/uj.adatbank.ro\/lexikon\/termek\/madaras-andras\/"},"modified":"2025-07-15T12:55:03","modified_gmt":"2025-07-15T10:55:03","slug":"madaras-andras","status":"publish","type":"product","link":"https:\/\/uj.adatbank.ro\/lexikon\/termek\/madaras-andras\/","title":{"rendered":"MADARAS Andr\u00e1s"},"content":{"rendered":"<p>S\u00f3v\u00e1rad, 1881., \u2020\u00a0?: gazd\u00e1lkod\u00f3. \u2013 S\u00f3v\u00e1radon gazd\u00e1lkodott 50 hold f\u00f6ldbirtok\u00e1n. A k\u00f6zs\u00e9g tekint\u00e9lyes polg\u00e1ra, a MP tagja, k\u00f6zs\u00e9gi b\u00edr\u00f3, a Hangya ellen\u0151re volt. Az els\u0151 vh.-ban a 21. \u00e9s 22. h. gy. e.-el az orosz fronton harcolt, mint szakaszvezet\u0151. <br \/><strong>Irod.:<\/strong> Sz\u00e9kelyf\u00f6ld \u00ed.k.<\/br><\/p>\n","protected":false},"excerpt":{"rendered":"<p>S\u00f3v\u00e1rad, 1881., \u2020\u00a0?: gazd\u00e1lkod\u00f3. \u2013 S\u00f3v\u00e1radon gazd\u00e1lkodott 50 hold f\u00f6ldbirtok\u00e1n. A k\u00f6zs\u00e9g tekint\u00e9lyes polg\u00e1ra, a MP tagja, k\u00f6zs\u00e9gi b\u00edr\u00f3, a Hangya ellen\u0151re volt. Az els\u0151 vh.-ban a 21. \u00e9s 22. h. gy. e.-el az orosz fronton harcolt, mint szakaszvezet\u0151. Irod.: Sz\u00e9kelyf\u00f6ld \u00ed.k.<\/p>\n","protected":false},"featured_media":0,"comment_status":"open","ping_status":"closed","template":"","meta":[],"product_brand":[],"product_cat":[137],"product_tag":[],"class_list":{"0":"post-14236","1":"product","2":"type-product","3":"status-publish","5":"product_cat-maros-megyei-eletrajzi-lexikon","7":"first","8":"instock","9":"shipping-taxable","10":"product-type-simple"},"_links":{"self":[{"href":"https:\/\/uj.adatbank.ro\/lexikon\/wp-json\/wp\/v2\/product\/14236","targetHints":{"allow":["GET"]}}],"collection":[{"href":"https:\/\/uj.adatbank.ro\/lexikon\/wp-json\/wp\/v2\/product"}],"about":[{"href":"https:\/\/uj.adatbank.ro\/lexikon\/wp-json\/wp\/v2\/types\/product"}],"replies":[{"embeddable":true,"href":"https:\/\/uj.adatbank.ro\/lexikon\/wp-json\/wp\/v2\/comments?post=14236"}],"wp:attachment":[{"href":"https:\/\/uj.adatbank.ro\/lexikon\/wp-json\/wp\/v2\/media?parent=14236"}],"wp:term":[{"taxonomy":"product_brand","embeddable":true,"href":"https:\/\/uj.adatbank.ro\/lexikon\/wp-json\/wp\/v2\/product_brand?post=14236"},{"taxonomy":"product_cat","embeddable":true,"href":"https:\/\/uj.adatbank.ro\/lexikon\/wp-json\/wp\/v2\/product_cat?post=14236"},{"taxonomy":"product_tag","embeddable":true,"href":"https:\/\/uj.adatbank.ro\/lexikon\/wp-json\/wp\/v2\/product_tag?post=14236"}],"curies":[{"name":"wp","href":"https:\/\/api.w.org\/{rel}","templated":true}]}}