{"id":14237,"date":"2025-07-15T12:55:05","date_gmt":"2025-07-15T10:55:05","guid":{"rendered":"https:\/\/uj.adatbank.ro\/lexikon\/termek\/madaras-attila\/"},"modified":"2025-07-15T12:55:05","modified_gmt":"2025-07-15T10:55:05","slug":"madaras-attila","status":"publish","type":"product","link":"https:\/\/uj.adatbank.ro\/lexikon\/termek\/madaras-attila\/","title":{"rendered":"MADARAS Attila"},"content":{"rendered":"<p>Gyergy\u00f3szentmikl\u00f3s, 1929. aug. 2., \u2020\u00a0Eger, 2004.j\u00fal.10.: testnevel\u0151 tan\u00e1r, KOS\u00c1RLABD\u00c1Z\u00d3, kos\u00e1rlabda edz\u0151. \u2013 \u00c9retts\u00e9gizett Gyergy\u00f3szentmikl\u00f3son (1948); a buk.-i Testnevel\u0151 Int\u00e9zetben tan\u00e1ri \u00e9s kos\u00e1rlabda edz\u0151i k\u00e9pes\u00edt\u00e9st nyert (1952). Tan\u00edtott a cs\u00edkszeredai Faipari L\u00edc.-ban (1952\u201353); a mv.-i Bolyai Farkas L\u00edc. Sporttagozat\u00e1nak tan\u00e1ra \u00e9s szakedz\u0151je (1953\u201385; 1989); nyugd\u00edjaz\u00e1s\u00e1ig a mv.-i Iskol\u00e1s Sportklub szakedz\u0151je volt; ezut\u00e1n mint \u00f3raad\u00f3 tan\u00e1r m\u0171k\u00f6d\u00f6tt (1990\u2013). Mint kosaraz\u00f3 \u00e9s mint edz\u0151 sz\u00e9p sikereket \u00e9rt el iskol\u00e1s orsz\u00e1gos bajnoks\u00e1gokon: Kos\u00e1rlabda OB 3. hely (1946, 1947, 1948); Edz\u0151k\u00e9nt: Konsztanca, ISK. OB: I. hely (1955); Mv. ifj.OB: I. hely (1959); Craiova ifj. OB: I. hely (1961); Buk. Sportl\u00edceumok OB: I. hely (1971). Sok neves sportol\u00f3 ker\u00fclt ki a keze al\u00f3l (pl. B\u00e1lint Tibor, Fodor Tibor, Luk\u00e1csi J\u00f3zsef, Nagy L\u00e1szl\u00f3, Sz\u00e9p M\u00e1rton \u00e9s Zolt\u00e1n, T\u00f6r\u00f6k J\u00f3zsef \u00e9s m\u00e1sok.) <br \/><strong>Irod.:<\/strong> EMKK 2000; KKACs; [Nekrol\u00f3g] (N\u00fa., 2004. j\u00fal. 12.); RMKK<\/br><\/p>\n","protected":false},"excerpt":{"rendered":"<p>Gyergy\u00f3szentmikl\u00f3s, 1929. aug. 2., \u2020\u00a0Eger, 2004.j\u00fal.10.: testnevel\u0151 tan\u00e1r, KOS\u00c1RLABD\u00c1Z\u00d3, kos\u00e1rlabda edz\u0151. \u2013 \u00c9retts\u00e9gizett Gyergy\u00f3szentmikl\u00f3son (1948); a buk.-i Testnevel\u0151 Int\u00e9zetben tan\u00e1ri \u00e9s kos\u00e1rlabda edz\u0151i k\u00e9pes\u00edt\u00e9st nyert (1952). Tan\u00edtott a cs\u00edkszeredai Faipari L\u00edc.-ban (1952\u201353); a mv.-i Bolyai Farkas L\u00edc. Sporttagozat\u00e1nak tan\u00e1ra \u00e9s szakedz\u0151je (1953\u201385; 1989); nyugd\u00edjaz\u00e1s\u00e1ig a mv.-i Iskol\u00e1s Sportklub szakedz\u0151je volt; ezut\u00e1n mint \u00f3raad\u00f3 tan\u00e1r m\u0171k\u00f6d\u00f6tt [&hellip;]<\/p>\n","protected":false},"featured_media":0,"comment_status":"open","ping_status":"closed","template":"","meta":[],"product_brand":[],"product_cat":[137],"product_tag":[],"class_list":{"0":"post-14237","1":"product","2":"type-product","3":"status-publish","5":"product_cat-maros-megyei-eletrajzi-lexikon","7":"first","8":"instock","9":"shipping-taxable","10":"product-type-simple"},"_links":{"self":[{"href":"https:\/\/uj.adatbank.ro\/lexikon\/wp-json\/wp\/v2\/product\/14237","targetHints":{"allow":["GET"]}}],"collection":[{"href":"https:\/\/uj.adatbank.ro\/lexikon\/wp-json\/wp\/v2\/product"}],"about":[{"href":"https:\/\/uj.adatbank.ro\/lexikon\/wp-json\/wp\/v2\/types\/product"}],"replies":[{"embeddable":true,"href":"https:\/\/uj.adatbank.ro\/lexikon\/wp-json\/wp\/v2\/comments?post=14237"}],"wp:attachment":[{"href":"https:\/\/uj.adatbank.ro\/lexikon\/wp-json\/wp\/v2\/media?parent=14237"}],"wp:term":[{"taxonomy":"product_brand","embeddable":true,"href":"https:\/\/uj.adatbank.ro\/lexikon\/wp-json\/wp\/v2\/product_brand?post=14237"},{"taxonomy":"product_cat","embeddable":true,"href":"https:\/\/uj.adatbank.ro\/lexikon\/wp-json\/wp\/v2\/product_cat?post=14237"},{"taxonomy":"product_tag","embeddable":true,"href":"https:\/\/uj.adatbank.ro\/lexikon\/wp-json\/wp\/v2\/product_tag?post=14237"}],"curies":[{"name":"wp","href":"https:\/\/api.w.org\/{rel}","templated":true}]}}