{"id":14241,"date":"2025-07-15T12:55:14","date_gmt":"2025-07-15T10:55:14","guid":{"rendered":"https:\/\/uj.adatbank.ro\/lexikon\/termek\/madaras-elek\/"},"modified":"2025-07-15T12:55:14","modified_gmt":"2025-07-15T10:55:14","slug":"madaras-elek","status":"publish","type":"product","link":"https:\/\/uj.adatbank.ro\/lexikon\/termek\/madaras-elek\/","title":{"rendered":"MADARAS Elek"},"content":{"rendered":"<p>Kib\u00e9d, 1882. \u00e1pr. 7.\u2020\u00a0Kib\u00e9d, 1947. aug. 18.: csend\u0151r. \u2013 Feles\u00e9ge: \u00f6zv. Szilvesztern\u00e9 Orb\u00e1n S\u00e1ra. Fi\u00fak:<\/br><\/p>\n","protected":false},"excerpt":{"rendered":"<p>Kib\u00e9d, 1882. \u00e1pr. 7.\u2020\u00a0Kib\u00e9d, 1947. aug. 18.: csend\u0151r. \u2013 Feles\u00e9ge: \u00f6zv. Szilvesztern\u00e9 Orb\u00e1n S\u00e1ra. Fi\u00fak:<\/p>\n","protected":false},"featured_media":0,"comment_status":"open","ping_status":"closed","template":"","meta":[],"product_brand":[],"product_cat":[137],"product_tag":[],"class_list":{"0":"post-14241","1":"product","2":"type-product","3":"status-publish","5":"product_cat-maros-megyei-eletrajzi-lexikon","7":"first","8":"instock","9":"shipping-taxable","10":"product-type-simple"},"_links":{"self":[{"href":"https:\/\/uj.adatbank.ro\/lexikon\/wp-json\/wp\/v2\/product\/14241","targetHints":{"allow":["GET"]}}],"collection":[{"href":"https:\/\/uj.adatbank.ro\/lexikon\/wp-json\/wp\/v2\/product"}],"about":[{"href":"https:\/\/uj.adatbank.ro\/lexikon\/wp-json\/wp\/v2\/types\/product"}],"replies":[{"embeddable":true,"href":"https:\/\/uj.adatbank.ro\/lexikon\/wp-json\/wp\/v2\/comments?post=14241"}],"wp:attachment":[{"href":"https:\/\/uj.adatbank.ro\/lexikon\/wp-json\/wp\/v2\/media?parent=14241"}],"wp:term":[{"taxonomy":"product_brand","embeddable":true,"href":"https:\/\/uj.adatbank.ro\/lexikon\/wp-json\/wp\/v2\/product_brand?post=14241"},{"taxonomy":"product_cat","embeddable":true,"href":"https:\/\/uj.adatbank.ro\/lexikon\/wp-json\/wp\/v2\/product_cat?post=14241"},{"taxonomy":"product_tag","embeddable":true,"href":"https:\/\/uj.adatbank.ro\/lexikon\/wp-json\/wp\/v2\/product_tag?post=14241"}],"curies":[{"name":"wp","href":"https:\/\/api.w.org\/{rel}","templated":true}]}}