{"id":14243,"date":"2025-07-15T12:55:19","date_gmt":"2025-07-15T10:55:19","guid":{"rendered":"https:\/\/uj.adatbank.ro\/lexikon\/termek\/madaras-gabor-kibedi-abodi-beregkereszturi-sovaradi-es-szovatai\/"},"modified":"2025-07-15T12:55:19","modified_gmt":"2025-07-15T10:55:19","slug":"madaras-gabor-kibedi-abodi-beregkereszturi-sovaradi-es-szovatai","status":"publish","type":"product","link":"https:\/\/uj.adatbank.ro\/lexikon\/termek\/madaras-gabor-kibedi-abodi-beregkereszturi-sovaradi-es-szovatai\/","title":{"rendered":"MADARAS G\u00e1bor, kib\u00e9di, abodi, beregkereszt\u00fari, s\u00f3v\u00e1radi \u00e9s szov\u00e1tai"},"content":{"rendered":"<p>H\u00e9derf\u00e1ja, 1871, \u2020\u00a0?: kir. t\u00f6rv\u00e9nysz\u00e9ki b\u00edr\u00f3 Erzs\u00e9betv\u00e1roson. Sz\u00e9kely primor nemesi csal\u00e1d sarja (1585\u2013).<br \/><strong>Irod.:<\/strong> P\u00e1lmay; Sz\u00e9kelyf\u00f6ld \u00ed.k.<\/br><\/p>\n","protected":false},"excerpt":{"rendered":"<p>H\u00e9derf\u00e1ja, 1871, \u2020\u00a0?: kir. t\u00f6rv\u00e9nysz\u00e9ki b\u00edr\u00f3 Erzs\u00e9betv\u00e1roson. Sz\u00e9kely primor nemesi csal\u00e1d sarja (1585\u2013).Irod.: P\u00e1lmay; Sz\u00e9kelyf\u00f6ld \u00ed.k.<\/p>\n","protected":false},"featured_media":0,"comment_status":"open","ping_status":"closed","template":"","meta":[],"product_brand":[],"product_cat":[137],"product_tag":[],"class_list":{"0":"post-14243","1":"product","2":"type-product","3":"status-publish","5":"product_cat-maros-megyei-eletrajzi-lexikon","7":"first","8":"instock","9":"shipping-taxable","10":"product-type-simple"},"_links":{"self":[{"href":"https:\/\/uj.adatbank.ro\/lexikon\/wp-json\/wp\/v2\/product\/14243","targetHints":{"allow":["GET"]}}],"collection":[{"href":"https:\/\/uj.adatbank.ro\/lexikon\/wp-json\/wp\/v2\/product"}],"about":[{"href":"https:\/\/uj.adatbank.ro\/lexikon\/wp-json\/wp\/v2\/types\/product"}],"replies":[{"embeddable":true,"href":"https:\/\/uj.adatbank.ro\/lexikon\/wp-json\/wp\/v2\/comments?post=14243"}],"wp:attachment":[{"href":"https:\/\/uj.adatbank.ro\/lexikon\/wp-json\/wp\/v2\/media?parent=14243"}],"wp:term":[{"taxonomy":"product_brand","embeddable":true,"href":"https:\/\/uj.adatbank.ro\/lexikon\/wp-json\/wp\/v2\/product_brand?post=14243"},{"taxonomy":"product_cat","embeddable":true,"href":"https:\/\/uj.adatbank.ro\/lexikon\/wp-json\/wp\/v2\/product_cat?post=14243"},{"taxonomy":"product_tag","embeddable":true,"href":"https:\/\/uj.adatbank.ro\/lexikon\/wp-json\/wp\/v2\/product_tag?post=14243"}],"curies":[{"name":"wp","href":"https:\/\/api.w.org\/{rel}","templated":true}]}}