{"id":14244,"date":"2025-07-15T12:55:20","date_gmt":"2025-07-15T10:55:20","guid":{"rendered":"https:\/\/uj.adatbank.ro\/lexikon\/termek\/madaras-gergely\/"},"modified":"2025-07-15T12:55:20","modified_gmt":"2025-07-15T10:55:20","slug":"madaras-gergely","status":"publish","type":"product","link":"https:\/\/uj.adatbank.ro\/lexikon\/termek\/madaras-gergely\/","title":{"rendered":"MADARAS Gergely"},"content":{"rendered":"<p>Kib\u00e9d, 1891., \u2020\u00a0Kib\u00e9d, 1943.: \u0151rmester. \u2013 ifj. Madaras Gergely (Kib\u00e9d, 1915. m\u00e1rc.-Kib\u00e9d, 1953. febr. 16.).A cs. \u00e9s kir. 62. gyalogezred tagja. <strong>Kit\u00fcntet\u00e9sei:<\/strong> O1, O2 (x)2, OB, Kcsk, Seb\u00c9 k\u00e9t s\u00e1vval, MHE\u00c9, Bajor \u00c9K, TiroliHE\u00c9, Leg\u00e9nys\u00e9gi Katonai Szolg\u00e1lati jel III.oszt., 1912\u20131913. \u00e9vi ml\u00e9kkereszt, Bajor \u00c9K, Leg\u00e9nys\u00e9gi Katonai Szolg\u00e1lati jel III.oszt., 1912\u20131913. \u00e9vi Eml\u00e9k- kereszt, Bajor \u00c9K, Vit\u00e9z\u00e9 avat\u00e1sa 1941.dec.16. <br \/><strong>Irod.:<\/strong> Berekm\u00e9ri\u2013Nemes<\/br><\/p>\n","protected":false},"excerpt":{"rendered":"<p>Kib\u00e9d, 1891., \u2020\u00a0Kib\u00e9d, 1943.: \u0151rmester. \u2013 ifj. Madaras Gergely (Kib\u00e9d, 1915. m\u00e1rc.-Kib\u00e9d, 1953. febr. 16.).A cs. \u00e9s kir. 62. gyalogezred tagja. Kit\u00fcntet\u00e9sei: O1, O2 (x)2, OB, Kcsk, Seb\u00c9 k\u00e9t s\u00e1vval, MHE\u00c9, Bajor \u00c9K, TiroliHE\u00c9, Leg\u00e9nys\u00e9gi Katonai Szolg\u00e1lati jel III.oszt., 1912\u20131913. \u00e9vi ml\u00e9kkereszt, Bajor \u00c9K, Leg\u00e9nys\u00e9gi Katonai Szolg\u00e1lati jel III.oszt., 1912\u20131913. \u00e9vi Eml\u00e9k- kereszt, Bajor \u00c9K, [&hellip;]<\/p>\n","protected":false},"featured_media":0,"comment_status":"open","ping_status":"closed","template":"","meta":[],"product_brand":[],"product_cat":[137],"product_tag":[],"class_list":{"0":"post-14244","1":"product","2":"type-product","3":"status-publish","5":"product_cat-maros-megyei-eletrajzi-lexikon","7":"first","8":"instock","9":"shipping-taxable","10":"product-type-simple"},"_links":{"self":[{"href":"https:\/\/uj.adatbank.ro\/lexikon\/wp-json\/wp\/v2\/product\/14244","targetHints":{"allow":["GET"]}}],"collection":[{"href":"https:\/\/uj.adatbank.ro\/lexikon\/wp-json\/wp\/v2\/product"}],"about":[{"href":"https:\/\/uj.adatbank.ro\/lexikon\/wp-json\/wp\/v2\/types\/product"}],"replies":[{"embeddable":true,"href":"https:\/\/uj.adatbank.ro\/lexikon\/wp-json\/wp\/v2\/comments?post=14244"}],"wp:attachment":[{"href":"https:\/\/uj.adatbank.ro\/lexikon\/wp-json\/wp\/v2\/media?parent=14244"}],"wp:term":[{"taxonomy":"product_brand","embeddable":true,"href":"https:\/\/uj.adatbank.ro\/lexikon\/wp-json\/wp\/v2\/product_brand?post=14244"},{"taxonomy":"product_cat","embeddable":true,"href":"https:\/\/uj.adatbank.ro\/lexikon\/wp-json\/wp\/v2\/product_cat?post=14244"},{"taxonomy":"product_tag","embeddable":true,"href":"https:\/\/uj.adatbank.ro\/lexikon\/wp-json\/wp\/v2\/product_tag?post=14244"}],"curies":[{"name":"wp","href":"https:\/\/api.w.org\/{rel}","templated":true}]}}