{"id":14246,"date":"2025-07-15T12:55:23","date_gmt":"2025-07-15T10:55:23","guid":{"rendered":"https:\/\/uj.adatbank.ro\/lexikon\/termek\/madaras-istvan-kibedi-abodi\/"},"modified":"2025-07-15T12:55:23","modified_gmt":"2025-07-15T10:55:23","slug":"madaras-istvan-kibedi-abodi","status":"publish","type":"product","link":"https:\/\/uj.adatbank.ro\/lexikon\/termek\/madaras-istvan-kibedi-abodi\/","title":{"rendered":"MADARAS Istv\u00e1n, kib\u00e9di, abodi"},"content":{"rendered":"<p>Mv., 1885., \u2020\u00a0?: mag\u00e1nz\u00f3. \u2013 Iskol\u00e1it Mv.-en \u00e9s Bp.-en v\u00e9gezte. A Haditenger\u00e9szetn\u00e9l katon\u00e1skodott (1905\u2013), a f\u00e9lvil\u00e1got bej\u00e1rta haj\u00f3val 3 \u00e9v alatt. Az els\u0151 vh.-ban sz\u00e1mos \u00fctk\u00f6zetben vett r\u00e9szt az SMS Habsburg haj\u00f3n, h\u00e1romszor sebes\u00fclt \u00e9s mint \u0151rmester szerelt le, t\u00f6bb kit\u00fcntet\u00e9se volt. A h\u00e1bor\u00fa ut\u00e1n huzamosabb id\u0151t Amerik\u00e1ban t\u00f6lt\u00f6tt, hazat\u00e9rt (1935). <br \/><strong>Irod.:<\/strong> Sz\u00e9kelyf\u00f6ld \u00ed.k.<\/br><\/p>\n","protected":false},"excerpt":{"rendered":"<p>Mv., 1885., \u2020\u00a0?: mag\u00e1nz\u00f3. \u2013 Iskol\u00e1it Mv.-en \u00e9s Bp.-en v\u00e9gezte. A Haditenger\u00e9szetn\u00e9l katon\u00e1skodott (1905\u2013), a f\u00e9lvil\u00e1got bej\u00e1rta haj\u00f3val 3 \u00e9v alatt. Az els\u0151 vh.-ban sz\u00e1mos \u00fctk\u00f6zetben vett r\u00e9szt az SMS Habsburg haj\u00f3n, h\u00e1romszor sebes\u00fclt \u00e9s mint \u0151rmester szerelt le, t\u00f6bb kit\u00fcntet\u00e9se volt. A h\u00e1bor\u00fa ut\u00e1n huzamosabb id\u0151t Amerik\u00e1ban t\u00f6lt\u00f6tt, hazat\u00e9rt (1935). Irod.: Sz\u00e9kelyf\u00f6ld \u00ed.k.<\/p>\n","protected":false},"featured_media":0,"comment_status":"open","ping_status":"closed","template":"","meta":[],"product_brand":[],"product_cat":[137],"product_tag":[],"class_list":{"0":"post-14246","1":"product","2":"type-product","3":"status-publish","5":"product_cat-maros-megyei-eletrajzi-lexikon","7":"first","8":"instock","9":"shipping-taxable","10":"product-type-simple"},"_links":{"self":[{"href":"https:\/\/uj.adatbank.ro\/lexikon\/wp-json\/wp\/v2\/product\/14246","targetHints":{"allow":["GET"]}}],"collection":[{"href":"https:\/\/uj.adatbank.ro\/lexikon\/wp-json\/wp\/v2\/product"}],"about":[{"href":"https:\/\/uj.adatbank.ro\/lexikon\/wp-json\/wp\/v2\/types\/product"}],"replies":[{"embeddable":true,"href":"https:\/\/uj.adatbank.ro\/lexikon\/wp-json\/wp\/v2\/comments?post=14246"}],"wp:attachment":[{"href":"https:\/\/uj.adatbank.ro\/lexikon\/wp-json\/wp\/v2\/media?parent=14246"}],"wp:term":[{"taxonomy":"product_brand","embeddable":true,"href":"https:\/\/uj.adatbank.ro\/lexikon\/wp-json\/wp\/v2\/product_brand?post=14246"},{"taxonomy":"product_cat","embeddable":true,"href":"https:\/\/uj.adatbank.ro\/lexikon\/wp-json\/wp\/v2\/product_cat?post=14246"},{"taxonomy":"product_tag","embeddable":true,"href":"https:\/\/uj.adatbank.ro\/lexikon\/wp-json\/wp\/v2\/product_tag?post=14246"}],"curies":[{"name":"wp","href":"https:\/\/api.w.org\/{rel}","templated":true}]}}