{"id":14249,"date":"2025-07-15T12:55:30","date_gmt":"2025-07-15T10:55:30","guid":{"rendered":"https:\/\/uj.adatbank.ro\/lexikon\/termek\/madaras-jozsef\/"},"modified":"2025-07-15T12:55:30","modified_gmt":"2025-07-15T10:55:30","slug":"madaras-jozsef","status":"publish","type":"product","link":"https:\/\/uj.adatbank.ro\/lexikon\/termek\/madaras-jozsef\/","title":{"rendered":"MADARAS J\u00f3zsef"},"content":{"rendered":"<p>Rigm\u00e1ny, 1937. aug.12 v. 16., \u2020\u00a0M\u00e1riahalom, 2007. \u00e1pr. 24 , a Farkasr\u00e9ti temet\u0151ben nyugszik: sz\u00edn\u00e9sz, filmrendez\u0151. \u2013 A lobban\u00e9kony term\u00e9szet\u0171 sz\u00edn\u00e9sztanonc 1958-ban v\u00e9gezte el a Sz\u00ednh\u00e1z \u00e9s Filmm\u0171v\u00e9szeti F\u0151iskol\u00e1t. Ugyanebben az \u00e9vben vend\u00e9gk\u00e9nt szerepelt a J\u00f3zsef Attila Sz\u00ednh\u00e1zban, majd bar\u00e1tj\u00e1val, Somogyi Mikl\u00f3ssal egyik sz\u00ednh\u00e1zt\u00f3l a m\u00e1sikig szerz\u0151d\u00f6tt. A gy\u0151ri Kisfaludy Sz\u00ednh\u00e1zban t\u00f6lt\u00f6tt egy \u00e9vadot; a szegedi Nemzeti Sz\u00ednh\u00e1zban j\u00e1tszott (1959\u201360), az \u00c1llami D\u00e9ryn\u00e9 Sz\u00ednh\u00e1z (1960\u201361), majd a Th\u00e1lia Sz\u00ednh\u00e1z (1961\u201366) tagja volt. A Pann\u00f3nia St\u00fadi\u00f3 szinkront\u00e1rsulata (1966\u2013), az Irodalmi Sz\u00ednpad (1969\u2013), a Nemzeti Sz\u00ednh\u00e1z (1971\u2013), a Mafilm Filmgy\u00e1rt\u00f3 V\u00e1llalat sz\u00ednt\u00e1rsulat\u00e1nak tagja volt (1978\u2013). Rendez\u0151k\u00e9nt is tev\u00e9kenykedett (1982\u2013), filmen 1957 \u00f3ta szerepel. Madaras szerepeinek sora az egyszer\u0171 emberek, a felt\u00f6rekv\u0151 n\u00e9pi h\u0151s\u00f6k igazs\u00e1g\u00e1r\u00f3l \u00e9s neh\u00e9zs\u00e9geir\u0151l sz\u00f3l. Robusztus munk\u00e1s- \u00e9s parasztfigur\u00e1k, sorsukkal el\u00e9gedetlen, kit\u00f6rni v\u00e1gy\u00f3 kisemberek megszem\u00e9lyes\u00edt\u0151jek\u00e9nt v\u00e1lt ismertt\u00e9. Legnagyobb sz\u00ednpadi siker\u00e9t Fejes Endre Rozsdatemet\u0151 c\u00edm\u0171 sz\u00ednm\u0171v\u00e9ben aratta H\u00e1betler Jani szerep\u00e9ben, melyet teljes \u00e1t\u00e9l\u00e9ssel, befoghatatlan igazs\u00e1g\u00e9rzet\u00e9nek \u00e9rv\u00e9nyes\u00edt\u00e9s\u00e9vel j\u00e1tszott el \u201e\u00e9letre-hal\u00e1lra\u201d. Fejes Endre eredetileg k\u00f6nyv-alakban napvil\u00e1got l\u00e1tott dr\u00e1m\u00e1j\u00e1t a Th\u00e1lia Sz\u00ednh\u00e1zban mutatt\u00e1k be (1963) Kazimir K\u00e1roly rendez\u00e9s\u00e9ben. A r\u00e1 eml\u00e9keztet\u0151, \u0151t id\u00e9z\u0151 legjellegzetesebb figur\u00e1kat Jancs\u00f3 Mikl\u00f3s \u00e9s Kov\u00e1cs Andr\u00e1s filmjeiben alak\u00edtotta. Indulatos, er\u0151teljes karakterek megform\u00e1l\u00e1s\u00e1val t\u00f6k\u00e9letesen illeszkedett a Szeg\u00e9nyleg\u00e9nyek (1966) vagy a Csillagosok, katon\u00e1k (1967) komor dr\u00e1mai vil\u00e1g\u00e1ba. Neh\u00e9z feladatot oldott meg a Csend \u00e9s ki\u00e1lt\u00e1s lelki terror alatt deform\u00e1l\u00f3d\u00f3 egykori v\u00f6r\u00f6skaton\u00e1ja, K\u00e1roly alakj\u00e1nak \u00e9letre kelt\u00e9s\u00e9vel is. Fontos szerepl\u0151je volt az \u00c9gi b\u00e1r\u00e1ny (1971) c\u00edm\u0171 filmnek, melyben az eszel\u0151s Vargha p\u00e1tert alak\u00edtotta, a Szerelmem Elektra (1974) c\u00edm\u0171 alkot\u00e1sban pedig a zsarnok uralkod\u00f3t, Aegistost j\u00e1tszotta. Madaras Kov\u00e1cs Andr\u00e1s filmjeiben is v\u00e9gigj\u00e1rta a kis szerepek iskol\u00e1j\u00e1t, m\u00edg v\u00e9g\u00fcl A m\u00e9nesgazda (1978) robban\u00e9kony, de gyan\u00fatlanul j\u00f3hiszem\u0171 \u00e9s trag\u00e9di\u00e1ba zuhan\u00f3 f\u0151h\u0151s\u00e9t elj\u00e1tszhatta. Az orsz\u00e1gos n\u00e9pszer\u0171s\u00e9get egy filmsorozat hozta meg sz\u00e1m\u00e1ra, amelyben K\u00e1ntor, a nyomoz\u00f3kutya rend\u0151r gazd\u00e1j\u00e1t, Csupati \u0151rmestert alak\u00edtotta. Az 1990-es \u00e9vek elej\u00e9n s\u00falyos betegs\u00e9gen esett \u00e1t: \u00e9let \u00e9s hal\u00e1l k\u00f6z\u00f6tt lebegett, k\u00f6zel egy \u00e9vig k\u00f3m\u00e1ban fek\u00fcdt. \u00dajra tanult besz\u00e9lni, j\u00e1rni. Kisebb szerepekben \u00fajra megjelent. Madaras nev\u00e9vel sok magyar filmben tal\u00e1lkozhatunk, szem\u00e9lye megker\u00fclhetetlen a magyar film elm\u00falt k\u00e9t-h\u00e1rom \u00e9vtizedes t\u00f6rt\u00e9net\u00e9ben. Szerepeit mindig konokul komolyan vette filmen \u00e9s sz\u00ednpadon egyar\u00e1nt, \u0151 az, aki \u201emindennap forradalm\u00e1rnak \u00e9rezte mag\u00e1t, nemcsak \u00e1llami \u00fcnnepeken.\u201d. D\u00edjai : Magyar Filmszemle. \u00c9letm\u0171d\u00edj (2000); A locarnoi fesztiv\u00e1l nagyd\u00edja (1978); Bal\u00e1zs B\u00e9la d\u00edj (1976); SZOT d\u00edj (1976); \u00e9rdemes m\u0171v\u00e9sz (1978); Kossuth-d\u00edj (1996). \u2013 F.sz : B\u00fcchner: Woyzeck, Fejes: Von\u00f3 Ign\u00e1c; Kleist: Amphitryon; H\u00e1ber Jani ( Fejes: Rozsdatemet\u0151; Juan ( Calder\u00f3n: A zalameai b\u00edr\u00f3), Laci (Darvas: Kormos \u00e9g), P\u00e9ter kir\u00e1ly (B\u00fcchner: Leonce \u00e9s L\u00e9na), Hajmenek Ign\u00e1c (Odze: Lordok h\u00e1za). \u2013 Filmek; A harangok R\u00f3m\u00e1ba mentek (1958), Pesti h\u00e1ztet\u0151k (1961), Angyalok f\u00f6ldje (1962), B\u00e1lv\u00e1ny (1963), \u00cdgy j\u00f6ttem (1964), Szeg\u00e9nyleg\u00e9nyek (1965), Sik\u00e1tor (1966), Csillagosok, katon\u00e1k (1967), F\u00e9nyes szelek (1968), Csend \u00e9s ki\u00e1lt\u00e1s (1968), Az oroszl\u00e1n ugrani k\u00e9sz\u00fcl (1969), Sirokk\u00f3 (1969), Horizont (1970), A pacifista (1970), \u00c9gi b\u00e1r\u00e1ny (1970), M\u00e9g k\u00e9r a n\u00e9p (1971), Romantika (1972), Hajd\u00fak (1974), Szikr\u00e1z\u00f3 l\u00e1nyok (1974), \u00c1rul\u00f3 (1974), A j\u00e1rv\u00e1ny (1975), Azonos\u00edt\u00e1s (1975), P\u00f3kfoci (1976), Budapesti mes\u00e9k (1976), Ap\u00e1m n\u00e9h\u00e1ny boldog \u00e9ve (1977), 80 husz\u00e1r (1978), A m\u00e9nesgazda (1978), Allegro Barbaro (1979), Az er\u0151d (1979), Magyar rapsz\u00f3dia (1979), K\u00f6sz\u00f6n\u00f6m megvagyunk (1980), A zsarnok sz\u00edve, avagy Boccaccio Magyarorsz\u00e1gon (1981), Gondvisel\u00e9s (1986), Sz\u00f6rnyek \u00e9vadja (1986), Isten h\u00e1trafel\u00e9 megy (1991), K\u00f6ny\u00f6rtelen id\u0151k (1991), K\u00e9k Duna kering\u0151 (1992), A nyaral\u00f3 (1992), Film&#8230;. (2000), A m\u00e1sik ember ir\u00e1nti f\u00e9lt\u00e9s diadala (2000), \u00c9letbev\u00e1g\u00f3 (2000), Rokonok (2006); T\u00e9v\u00e9filmek: Legenda a vonaton (1962), Othello Gyulah\u00e1z\u00e1n (1966), Princ, a katona (1966), Bors (1968), Hal\u00e1sz doktor (1968), 7 k\u00e9rd\u00e9s a szerelemr\u0151l (1969), Technika \u00e9s r\u00edtus (1971), Egy \u00f3ra m\u00falva itt vagyok (1971 \u2013 t\u00e9v\u00e9sorozat), Fekete macska (1972), Aranyliba (1972), A M\u00fcller csal\u00e1d hal\u00e1la (1972), Plusz-m\u00ednusz egy nap (1972), A dunai haj\u00f3s (1974), A farkasok (1974) Tornyot v\u00e1lasztok (1975), Strogoff Mih\u00e1ly (1975), Szerelmem, Elektra (1974), K\u00e1ntor (1976 \u2013 t\u00e9v\u00e9sorozat), Karancsfalvi sz\u00f6kev\u00e9nyek (1976), A csillagszem\u0171 (1977), A l\u0151csei feh\u00e9r asszony (1977), Zokog\u00f3 Majom (1978 \u2013 t\u00e9v\u00e9sorozat), L\u00e9lekv\u00e1ndorl\u00e1s (1983), D\u00f3zsa Gy\u00f6rgy (1984), Az elt\u00fcsszentett birodalom (1985), A v\u00e9delem\u00e9 a sz\u00f3 (1988), Kisv\u00e1ros (1995). \u2013 <strong>rendez\u00e9sei:<\/strong> Hern\u00e1di: Kir\u00e1lyi vad\u00e1szat, Kal\u00f3: Egyed\u00fcl, L\u00e9lekv\u00e1ndorl\u00e1s (1982, tv), Az elt\u00fcsszentett birodalom (1984, tv), Eszm\u00e9let (1988 tv); A nyaral\u00f3 (1991 tv). <br \/><strong>Irod.:<\/strong> Csif\u00f3; MNL; Wikipedia<\/br><\/p>\n","protected":false},"excerpt":{"rendered":"<p>Rigm\u00e1ny, 1937. aug.12 v. 16., \u2020\u00a0M\u00e1riahalom, 2007. \u00e1pr. 24 , a Farkasr\u00e9ti temet\u0151ben nyugszik: sz\u00edn\u00e9sz, filmrendez\u0151. \u2013 A lobban\u00e9kony term\u00e9szet\u0171 sz\u00edn\u00e9sztanonc 1958-ban v\u00e9gezte el a Sz\u00ednh\u00e1z \u00e9s Filmm\u0171v\u00e9szeti F\u0151iskol\u00e1t. Ugyanebben az \u00e9vben vend\u00e9gk\u00e9nt szerepelt a J\u00f3zsef Attila Sz\u00ednh\u00e1zban, majd bar\u00e1tj\u00e1val, Somogyi Mikl\u00f3ssal egyik sz\u00ednh\u00e1zt\u00f3l a m\u00e1sikig szerz\u0151d\u00f6tt. A gy\u0151ri Kisfaludy Sz\u00ednh\u00e1zban t\u00f6lt\u00f6tt egy \u00e9vadot; a [&hellip;]<\/p>\n","protected":false},"featured_media":0,"comment_status":"open","ping_status":"closed","template":"","meta":[],"product_brand":[],"product_cat":[137],"product_tag":[],"class_list":{"0":"post-14249","1":"product","2":"type-product","3":"status-publish","5":"product_cat-maros-megyei-eletrajzi-lexikon","7":"first","8":"instock","9":"shipping-taxable","10":"product-type-simple"},"_links":{"self":[{"href":"https:\/\/uj.adatbank.ro\/lexikon\/wp-json\/wp\/v2\/product\/14249","targetHints":{"allow":["GET"]}}],"collection":[{"href":"https:\/\/uj.adatbank.ro\/lexikon\/wp-json\/wp\/v2\/product"}],"about":[{"href":"https:\/\/uj.adatbank.ro\/lexikon\/wp-json\/wp\/v2\/types\/product"}],"replies":[{"embeddable":true,"href":"https:\/\/uj.adatbank.ro\/lexikon\/wp-json\/wp\/v2\/comments?post=14249"}],"wp:attachment":[{"href":"https:\/\/uj.adatbank.ro\/lexikon\/wp-json\/wp\/v2\/media?parent=14249"}],"wp:term":[{"taxonomy":"product_brand","embeddable":true,"href":"https:\/\/uj.adatbank.ro\/lexikon\/wp-json\/wp\/v2\/product_brand?post=14249"},{"taxonomy":"product_cat","embeddable":true,"href":"https:\/\/uj.adatbank.ro\/lexikon\/wp-json\/wp\/v2\/product_cat?post=14249"},{"taxonomy":"product_tag","embeddable":true,"href":"https:\/\/uj.adatbank.ro\/lexikon\/wp-json\/wp\/v2\/product_tag?post=14249"}],"curies":[{"name":"wp","href":"https:\/\/api.w.org\/{rel}","templated":true}]}}