{"id":14250,"date":"2025-07-15T12:55:31","date_gmt":"2025-07-15T10:55:31","guid":{"rendered":"https:\/\/uj.adatbank.ro\/lexikon\/termek\/madaras-jozsef-kibedi\/"},"modified":"2025-07-15T12:55:31","modified_gmt":"2025-07-15T10:55:31","slug":"madaras-jozsef-kibedi","status":"publish","type":"product","link":"https:\/\/uj.adatbank.ro\/lexikon\/termek\/madaras-jozsef-kibedi\/","title":{"rendered":"MADARAS J\u00f3zsef, kib\u00e9di"},"content":{"rendered":"<p>H\u00e9derf\u00e1ja, 1876, \u2020\u00a0?: dr. \u00fcgyv\u00e9d, j\u00f3sz\u00e1gigazgat\u00f3. \u2013 Mv.-en \u00fcgyv\u00e9d volt, majd a Magyar Nemzeti Bank jogtan\u00e1csosa Bp.-en. A Mv.-i Kaszin\u00f3 alelm\u00f6ke (1919). Eredm\u00e9nyes gy\u0171jt\u00e9st szervezett a Kaszin\u00f3 megment\u00e9se \u00e9rdek\u00e9ben. <br \/><strong>Irod.:<\/strong> Bi\u00e1s Istv\u00e1n; MNL; P\u00e1lmay; Sz\u00e9kelyf\u00f6ld \u00ed.k.<\/br><\/p>\n","protected":false},"excerpt":{"rendered":"<p>H\u00e9derf\u00e1ja, 1876, \u2020\u00a0?: dr. \u00fcgyv\u00e9d, j\u00f3sz\u00e1gigazgat\u00f3. \u2013 Mv.-en \u00fcgyv\u00e9d volt, majd a Magyar Nemzeti Bank jogtan\u00e1csosa Bp.-en. A Mv.-i Kaszin\u00f3 alelm\u00f6ke (1919). Eredm\u00e9nyes gy\u0171jt\u00e9st szervezett a Kaszin\u00f3 megment\u00e9se \u00e9rdek\u00e9ben. Irod.: Bi\u00e1s Istv\u00e1n; MNL; P\u00e1lmay; Sz\u00e9kelyf\u00f6ld \u00ed.k.<\/p>\n","protected":false},"featured_media":0,"comment_status":"open","ping_status":"closed","template":"","meta":[],"product_brand":[],"product_cat":[137],"product_tag":[],"class_list":{"0":"post-14250","1":"product","2":"type-product","3":"status-publish","5":"product_cat-maros-megyei-eletrajzi-lexikon","7":"first","8":"instock","9":"shipping-taxable","10":"product-type-simple"},"_links":{"self":[{"href":"https:\/\/uj.adatbank.ro\/lexikon\/wp-json\/wp\/v2\/product\/14250","targetHints":{"allow":["GET"]}}],"collection":[{"href":"https:\/\/uj.adatbank.ro\/lexikon\/wp-json\/wp\/v2\/product"}],"about":[{"href":"https:\/\/uj.adatbank.ro\/lexikon\/wp-json\/wp\/v2\/types\/product"}],"replies":[{"embeddable":true,"href":"https:\/\/uj.adatbank.ro\/lexikon\/wp-json\/wp\/v2\/comments?post=14250"}],"wp:attachment":[{"href":"https:\/\/uj.adatbank.ro\/lexikon\/wp-json\/wp\/v2\/media?parent=14250"}],"wp:term":[{"taxonomy":"product_brand","embeddable":true,"href":"https:\/\/uj.adatbank.ro\/lexikon\/wp-json\/wp\/v2\/product_brand?post=14250"},{"taxonomy":"product_cat","embeddable":true,"href":"https:\/\/uj.adatbank.ro\/lexikon\/wp-json\/wp\/v2\/product_cat?post=14250"},{"taxonomy":"product_tag","embeddable":true,"href":"https:\/\/uj.adatbank.ro\/lexikon\/wp-json\/wp\/v2\/product_tag?post=14250"}],"curies":[{"name":"wp","href":"https:\/\/api.w.org\/{rel}","templated":true}]}}