{"id":14251,"date":"2025-07-15T12:55:34","date_gmt":"2025-07-15T10:55:34","guid":{"rendered":"https:\/\/uj.adatbank.ro\/lexikon\/termek\/madaras-kalman\/"},"modified":"2025-07-15T12:55:34","modified_gmt":"2025-07-15T10:55:34","slug":"madaras-kalman","status":"publish","type":"product","link":"https:\/\/uj.adatbank.ro\/lexikon\/termek\/madaras-kalman\/","title":{"rendered":"MADARAS K\u00e1lm\u00e1n"},"content":{"rendered":"<p>Vadasd, 1904., \u2020\u00a0?: gazd\u00e1lkod\u00f3. \u2013 Vadasdon 20 hold f\u00f6ldj\u00e9n gazd\u00e1lkodott. A MP tagja, a k\u00f6zs\u00e9g b\u00edr\u00f3ja volt. <br \/><strong>Irod.:<\/strong> Sz\u00e9kelyf\u00f6ld \u00ed.k.<\/br><\/p>\n","protected":false},"excerpt":{"rendered":"<p>Vadasd, 1904., \u2020\u00a0?: gazd\u00e1lkod\u00f3. \u2013 Vadasdon 20 hold f\u00f6ldj\u00e9n gazd\u00e1lkodott. A MP tagja, a k\u00f6zs\u00e9g b\u00edr\u00f3ja volt. Irod.: Sz\u00e9kelyf\u00f6ld \u00ed.k.<\/p>\n","protected":false},"featured_media":0,"comment_status":"open","ping_status":"closed","template":"","meta":[],"product_brand":[],"product_cat":[137],"product_tag":[],"class_list":{"0":"post-14251","1":"product","2":"type-product","3":"status-publish","5":"product_cat-maros-megyei-eletrajzi-lexikon","7":"first","8":"instock","9":"shipping-taxable","10":"product-type-simple"},"_links":{"self":[{"href":"https:\/\/uj.adatbank.ro\/lexikon\/wp-json\/wp\/v2\/product\/14251","targetHints":{"allow":["GET"]}}],"collection":[{"href":"https:\/\/uj.adatbank.ro\/lexikon\/wp-json\/wp\/v2\/product"}],"about":[{"href":"https:\/\/uj.adatbank.ro\/lexikon\/wp-json\/wp\/v2\/types\/product"}],"replies":[{"embeddable":true,"href":"https:\/\/uj.adatbank.ro\/lexikon\/wp-json\/wp\/v2\/comments?post=14251"}],"wp:attachment":[{"href":"https:\/\/uj.adatbank.ro\/lexikon\/wp-json\/wp\/v2\/media?parent=14251"}],"wp:term":[{"taxonomy":"product_brand","embeddable":true,"href":"https:\/\/uj.adatbank.ro\/lexikon\/wp-json\/wp\/v2\/product_brand?post=14251"},{"taxonomy":"product_cat","embeddable":true,"href":"https:\/\/uj.adatbank.ro\/lexikon\/wp-json\/wp\/v2\/product_cat?post=14251"},{"taxonomy":"product_tag","embeddable":true,"href":"https:\/\/uj.adatbank.ro\/lexikon\/wp-json\/wp\/v2\/product_tag?post=14251"}],"curies":[{"name":"wp","href":"https:\/\/api.w.org\/{rel}","templated":true}]}}