{"id":14255,"date":"2025-07-15T12:55:42","date_gmt":"2025-07-15T10:55:42","guid":{"rendered":"https:\/\/uj.adatbank.ro\/lexikon\/termek\/madarasi-barabas\/"},"modified":"2025-07-15T12:55:42","modified_gmt":"2025-07-15T10:55:42","slug":"madarasi-barabas","status":"publish","type":"product","link":"https:\/\/uj.adatbank.ro\/lexikon\/termek\/madarasi-barabas\/","title":{"rendered":"MADARASI Barab\u00e1s"},"content":{"rendered":"<p>? \u2020\u00a0?: f\u00f6ldbirtokos. \u2013 N\u00e1dasi Mih\u00e1ly sz\u00e9kely isp\u00e1n it\u00e9letlevele a Szengyel Tam\u00e1s \u00e9s a S\u00f3lyom M\u00e1ty\u00e1s fiai P\u00e1l \u00e9s Bal\u00e1zs ellen Madarasi Barab\u00e1s \u00e9s Jakab \u00e1ltal ny\u00e1r\u00e1dt\u0151i \u00e9s lukafalvi \u00f6r\u00f6ks\u00e9g\u00f6k fele r\u00e9sz\u00e9nek letart\u00f3ztat\u00e1sa miatt folytatott perben, amely bar\u00e1ts\u00e1gos kiegyez\u00e9ssel v\u00e9gz\u0151d\u00f6tt (Kelt Marossz\u00e9k k\u00f6zgy\u0171l\u00e9s\u00e9n 1409. dec. 10). <br \/><strong>Irod.:<\/strong> SzOkl, 1<\/br><\/p>\n","protected":false},"excerpt":{"rendered":"<p>? \u2020\u00a0?: f\u00f6ldbirtokos. \u2013 N\u00e1dasi Mih\u00e1ly sz\u00e9kely isp\u00e1n it\u00e9letlevele a Szengyel Tam\u00e1s \u00e9s a S\u00f3lyom M\u00e1ty\u00e1s fiai P\u00e1l \u00e9s Bal\u00e1zs ellen Madarasi Barab\u00e1s \u00e9s Jakab \u00e1ltal ny\u00e1r\u00e1dt\u0151i \u00e9s lukafalvi \u00f6r\u00f6ks\u00e9g\u00f6k fele r\u00e9sz\u00e9nek letart\u00f3ztat\u00e1sa miatt folytatott perben, amely bar\u00e1ts\u00e1gos kiegyez\u00e9ssel v\u00e9gz\u0151d\u00f6tt (Kelt Marossz\u00e9k k\u00f6zgy\u0171l\u00e9s\u00e9n 1409. dec. 10). Irod.: SzOkl, 1<\/p>\n","protected":false},"featured_media":0,"comment_status":"open","ping_status":"closed","template":"","meta":[],"product_brand":[],"product_cat":[137],"product_tag":[],"class_list":{"0":"post-14255","1":"product","2":"type-product","3":"status-publish","5":"product_cat-maros-megyei-eletrajzi-lexikon","7":"first","8":"instock","9":"shipping-taxable","10":"product-type-simple"},"_links":{"self":[{"href":"https:\/\/uj.adatbank.ro\/lexikon\/wp-json\/wp\/v2\/product\/14255","targetHints":{"allow":["GET"]}}],"collection":[{"href":"https:\/\/uj.adatbank.ro\/lexikon\/wp-json\/wp\/v2\/product"}],"about":[{"href":"https:\/\/uj.adatbank.ro\/lexikon\/wp-json\/wp\/v2\/types\/product"}],"replies":[{"embeddable":true,"href":"https:\/\/uj.adatbank.ro\/lexikon\/wp-json\/wp\/v2\/comments?post=14255"}],"wp:attachment":[{"href":"https:\/\/uj.adatbank.ro\/lexikon\/wp-json\/wp\/v2\/media?parent=14255"}],"wp:term":[{"taxonomy":"product_brand","embeddable":true,"href":"https:\/\/uj.adatbank.ro\/lexikon\/wp-json\/wp\/v2\/product_brand?post=14255"},{"taxonomy":"product_cat","embeddable":true,"href":"https:\/\/uj.adatbank.ro\/lexikon\/wp-json\/wp\/v2\/product_cat?post=14255"},{"taxonomy":"product_tag","embeddable":true,"href":"https:\/\/uj.adatbank.ro\/lexikon\/wp-json\/wp\/v2\/product_tag?post=14255"}],"curies":[{"name":"wp","href":"https:\/\/api.w.org\/{rel}","templated":true}]}}