{"id":14256,"date":"2025-07-15T12:55:44","date_gmt":"2025-07-15T10:55:44","guid":{"rendered":"https:\/\/uj.adatbank.ro\/lexikon\/termek\/madarasi-bertalan\/"},"modified":"2025-07-15T12:55:44","modified_gmt":"2025-07-15T10:55:44","slug":"madarasi-bertalan","status":"publish","type":"product","link":"https:\/\/uj.adatbank.ro\/lexikon\/termek\/madarasi-bertalan\/","title":{"rendered":"MADARASI Bertalan"},"content":{"rendered":"<p>? \u2020\u00a0?: f\u00f6ldbirtokos. \u2013 A Kar\u00e1csonfalvi Mih\u00e1lyfi Tam\u00e1s ellen N\u00e1zn\u00e1nfalvi Tam\u00e1si P\u00e9ter \u00e9s Kerelei P\u00e1l v\u00e1lasztolt bir\u00e1k el\u0151tt folyt per\u00e9ben 100 arany forint k\u00f6tb\u00e9rben elmarasztalj\u00e1k, melynek fele \u0151ket mint bir\u00e1kat, egy negyede az emlitett k\u00e9t v\u00e1lasztott bir\u00f3t s m\u00e1sik negyede Mih\u00e1lyfi Tam\u00e1st illesse (Marossz\u00e9k k\u00f6zgy\u0171l\u00e9se, 1409. dec. 10). <br \/><strong>Irod.:<\/strong> SzOkl, 3<\/br><\/p>\n","protected":false},"excerpt":{"rendered":"<p>? \u2020\u00a0?: f\u00f6ldbirtokos. \u2013 A Kar\u00e1csonfalvi Mih\u00e1lyfi Tam\u00e1s ellen N\u00e1zn\u00e1nfalvi Tam\u00e1si P\u00e9ter \u00e9s Kerelei P\u00e1l v\u00e1lasztolt bir\u00e1k el\u0151tt folyt per\u00e9ben 100 arany forint k\u00f6tb\u00e9rben elmarasztalj\u00e1k, melynek fele \u0151ket mint bir\u00e1kat, egy negyede az emlitett k\u00e9t v\u00e1lasztott bir\u00f3t s m\u00e1sik negyede Mih\u00e1lyfi Tam\u00e1st illesse (Marossz\u00e9k k\u00f6zgy\u0171l\u00e9se, 1409. dec. 10). Irod.: SzOkl, 3<\/p>\n","protected":false},"featured_media":0,"comment_status":"open","ping_status":"closed","template":"","meta":[],"product_brand":[],"product_cat":[137],"product_tag":[],"class_list":{"0":"post-14256","1":"product","2":"type-product","3":"status-publish","5":"product_cat-maros-megyei-eletrajzi-lexikon","7":"first","8":"instock","9":"shipping-taxable","10":"product-type-simple"},"_links":{"self":[{"href":"https:\/\/uj.adatbank.ro\/lexikon\/wp-json\/wp\/v2\/product\/14256","targetHints":{"allow":["GET"]}}],"collection":[{"href":"https:\/\/uj.adatbank.ro\/lexikon\/wp-json\/wp\/v2\/product"}],"about":[{"href":"https:\/\/uj.adatbank.ro\/lexikon\/wp-json\/wp\/v2\/types\/product"}],"replies":[{"embeddable":true,"href":"https:\/\/uj.adatbank.ro\/lexikon\/wp-json\/wp\/v2\/comments?post=14256"}],"wp:attachment":[{"href":"https:\/\/uj.adatbank.ro\/lexikon\/wp-json\/wp\/v2\/media?parent=14256"}],"wp:term":[{"taxonomy":"product_brand","embeddable":true,"href":"https:\/\/uj.adatbank.ro\/lexikon\/wp-json\/wp\/v2\/product_brand?post=14256"},{"taxonomy":"product_cat","embeddable":true,"href":"https:\/\/uj.adatbank.ro\/lexikon\/wp-json\/wp\/v2\/product_cat?post=14256"},{"taxonomy":"product_tag","embeddable":true,"href":"https:\/\/uj.adatbank.ro\/lexikon\/wp-json\/wp\/v2\/product_tag?post=14256"}],"curies":[{"name":"wp","href":"https:\/\/api.w.org\/{rel}","templated":true}]}}