{"id":14261,"date":"2025-07-15T12:55:56","date_gmt":"2025-07-15T10:55:56","guid":{"rendered":"https:\/\/uj.adatbank.ro\/lexikon\/termek\/madarassyne-vincze-edit\/"},"modified":"2025-07-15T12:55:56","modified_gmt":"2025-07-15T10:55:56","slug":"madarassyne-vincze-edit","status":"publish","type":"product","link":"https:\/\/uj.adatbank.ro\/lexikon\/termek\/madarassyne-vincze-edit\/","title":{"rendered":"MADARASSYN\u00c9 VINCZE Edit"},"content":{"rendered":"<p>J\u00e1ra, 1948.\u2020 ? : fest\u0151.. Tanulm\u00e1nyait a kv.-i K\u00e9pm\u0171v\u00e9szeti F\u0151iskol\u00e1n v\u00e9gezte. Festm\u00e9nyei t\u00fckr\u00f6zik a k\u00f6rny\u00e9kbeli n\u00e9pi szok\u00e1sokat. <br \/><strong>Irod.:<\/strong> Szab\u00f3 \u2013 K\u00e1llai<\/br><\/p>\n","protected":false},"excerpt":{"rendered":"<p>J\u00e1ra, 1948.\u2020 ? : fest\u0151.. Tanulm\u00e1nyait a kv.-i K\u00e9pm\u0171v\u00e9szeti F\u0151iskol\u00e1n v\u00e9gezte. Festm\u00e9nyei t\u00fckr\u00f6zik a k\u00f6rny\u00e9kbeli n\u00e9pi szok\u00e1sokat. Irod.: Szab\u00f3 \u2013 K\u00e1llai<\/p>\n","protected":false},"featured_media":0,"comment_status":"open","ping_status":"closed","template":"","meta":[],"product_brand":[],"product_cat":[137],"product_tag":[],"class_list":{"0":"post-14261","1":"product","2":"type-product","3":"status-publish","5":"product_cat-maros-megyei-eletrajzi-lexikon","7":"first","8":"instock","9":"shipping-taxable","10":"product-type-simple"},"_links":{"self":[{"href":"https:\/\/uj.adatbank.ro\/lexikon\/wp-json\/wp\/v2\/product\/14261","targetHints":{"allow":["GET"]}}],"collection":[{"href":"https:\/\/uj.adatbank.ro\/lexikon\/wp-json\/wp\/v2\/product"}],"about":[{"href":"https:\/\/uj.adatbank.ro\/lexikon\/wp-json\/wp\/v2\/types\/product"}],"replies":[{"embeddable":true,"href":"https:\/\/uj.adatbank.ro\/lexikon\/wp-json\/wp\/v2\/comments?post=14261"}],"wp:attachment":[{"href":"https:\/\/uj.adatbank.ro\/lexikon\/wp-json\/wp\/v2\/media?parent=14261"}],"wp:term":[{"taxonomy":"product_brand","embeddable":true,"href":"https:\/\/uj.adatbank.ro\/lexikon\/wp-json\/wp\/v2\/product_brand?post=14261"},{"taxonomy":"product_cat","embeddable":true,"href":"https:\/\/uj.adatbank.ro\/lexikon\/wp-json\/wp\/v2\/product_cat?post=14261"},{"taxonomy":"product_tag","embeddable":true,"href":"https:\/\/uj.adatbank.ro\/lexikon\/wp-json\/wp\/v2\/product_tag?post=14261"}],"curies":[{"name":"wp","href":"https:\/\/api.w.org\/{rel}","templated":true}]}}