{"id":14264,"date":"2025-07-15T12:56:01","date_gmt":"2025-07-15T10:56:01","guid":{"rendered":"https:\/\/uj.adatbank.ro\/lexikon\/termek\/madarasz-ferenc\/"},"modified":"2025-07-15T12:56:01","modified_gmt":"2025-07-15T10:56:01","slug":"madarasz-ferenc","status":"publish","type":"product","link":"https:\/\/uj.adatbank.ro\/lexikon\/termek\/madarasz-ferenc\/","title":{"rendered":"MADAR\u00c1SZ Ferenc"},"content":{"rendered":"<p>Gyergy\u00f3alfalu, 1921. aug. 31., \u2020\u00a0Ny\u00e1r\u00e1dt\u0151, 1983. j\u00fal. 1.: r. k. pap. \u2013 Tanult Cs\u00edkszered\u00e1ban, Kv.-on, Gyulafeh\u00e9rv\u00e1ron, ahol papp\u00e1 szentelt\u00e9k (1948.j\u00fan. 20.). K\u00e1pl\u00e1n Cs\u00edkszentdomokoson, b\u00f6rt\u00f6nbe z\u00e1rt\u00e1k (1952\u201353).Lelkip\u00e1sztor Mez\u0151szengyelen (1956), Cs\u00edkszentgy\u00f6rgy\u00f6n (1964), Cs\u00edkszentl\u00e9leken (1973\u2013). <br \/><strong>Irod.:<\/strong> Ferenczi S\u00e1ndor 2009<\/br><\/p>\n","protected":false},"excerpt":{"rendered":"<p>Gyergy\u00f3alfalu, 1921. aug. 31., \u2020\u00a0Ny\u00e1r\u00e1dt\u0151, 1983. j\u00fal. 1.: r. k. pap. \u2013 Tanult Cs\u00edkszered\u00e1ban, Kv.-on, Gyulafeh\u00e9rv\u00e1ron, ahol papp\u00e1 szentelt\u00e9k (1948.j\u00fan. 20.). K\u00e1pl\u00e1n Cs\u00edkszentdomokoson, b\u00f6rt\u00f6nbe z\u00e1rt\u00e1k (1952\u201353).Lelkip\u00e1sztor Mez\u0151szengyelen (1956), Cs\u00edkszentgy\u00f6rgy\u00f6n (1964), Cs\u00edkszentl\u00e9leken (1973\u2013). Irod.: Ferenczi S\u00e1ndor 2009<\/p>\n","protected":false},"featured_media":0,"comment_status":"open","ping_status":"closed","template":"","meta":[],"product_brand":[],"product_cat":[137],"product_tag":[],"class_list":{"0":"post-14264","1":"product","2":"type-product","3":"status-publish","5":"product_cat-maros-megyei-eletrajzi-lexikon","7":"first","8":"instock","9":"shipping-taxable","10":"product-type-simple"},"_links":{"self":[{"href":"https:\/\/uj.adatbank.ro\/lexikon\/wp-json\/wp\/v2\/product\/14264","targetHints":{"allow":["GET"]}}],"collection":[{"href":"https:\/\/uj.adatbank.ro\/lexikon\/wp-json\/wp\/v2\/product"}],"about":[{"href":"https:\/\/uj.adatbank.ro\/lexikon\/wp-json\/wp\/v2\/types\/product"}],"replies":[{"embeddable":true,"href":"https:\/\/uj.adatbank.ro\/lexikon\/wp-json\/wp\/v2\/comments?post=14264"}],"wp:attachment":[{"href":"https:\/\/uj.adatbank.ro\/lexikon\/wp-json\/wp\/v2\/media?parent=14264"}],"wp:term":[{"taxonomy":"product_brand","embeddable":true,"href":"https:\/\/uj.adatbank.ro\/lexikon\/wp-json\/wp\/v2\/product_brand?post=14264"},{"taxonomy":"product_cat","embeddable":true,"href":"https:\/\/uj.adatbank.ro\/lexikon\/wp-json\/wp\/v2\/product_cat?post=14264"},{"taxonomy":"product_tag","embeddable":true,"href":"https:\/\/uj.adatbank.ro\/lexikon\/wp-json\/wp\/v2\/product_tag?post=14264"}],"curies":[{"name":"wp","href":"https:\/\/api.w.org\/{rel}","templated":true}]}}