{"id":14265,"date":"2025-07-15T12:56:02","date_gmt":"2025-07-15T10:56:02","guid":{"rendered":"https:\/\/uj.adatbank.ro\/lexikon\/termek\/madarasz-janos\/"},"modified":"2025-07-15T12:56:02","modified_gmt":"2025-07-15T10:56:02","slug":"madarasz-janos","status":"publish","type":"product","link":"https:\/\/uj.adatbank.ro\/lexikon\/termek\/madarasz-janos\/","title":{"rendered":"MADAR\u00c1SZ J\u00e1nos"},"content":{"rendered":"<p>Madaras, ? \u2020\u00a0?: orvostanhallgat\u00f3. -. R\u00e9szt vett az I. vh.-ban z\u00e1szl\u00f3s, a bp.-i K.M.TE orvostanhallgat\u00f3jak\u00e9nt. Kit\u00fcntet\u00e9se: I. o. Ez\u00fcst vit. \u00e9rem. <br \/><strong>Irod.:<\/strong> Pro patria<\/br><\/p>\n","protected":false},"excerpt":{"rendered":"<p>Madaras, ? \u2020\u00a0?: orvostanhallgat\u00f3. -. R\u00e9szt vett az I. vh.-ban z\u00e1szl\u00f3s, a bp.-i K.M.TE orvostanhallgat\u00f3jak\u00e9nt. Kit\u00fcntet\u00e9se: I. o. Ez\u00fcst vit. \u00e9rem. Irod.: Pro patria<\/p>\n","protected":false},"featured_media":0,"comment_status":"open","ping_status":"closed","template":"","meta":[],"product_brand":[],"product_cat":[137],"product_tag":[],"class_list":{"0":"post-14265","1":"product","2":"type-product","3":"status-publish","5":"product_cat-maros-megyei-eletrajzi-lexikon","7":"first","8":"instock","9":"shipping-taxable","10":"product-type-simple"},"_links":{"self":[{"href":"https:\/\/uj.adatbank.ro\/lexikon\/wp-json\/wp\/v2\/product\/14265","targetHints":{"allow":["GET"]}}],"collection":[{"href":"https:\/\/uj.adatbank.ro\/lexikon\/wp-json\/wp\/v2\/product"}],"about":[{"href":"https:\/\/uj.adatbank.ro\/lexikon\/wp-json\/wp\/v2\/types\/product"}],"replies":[{"embeddable":true,"href":"https:\/\/uj.adatbank.ro\/lexikon\/wp-json\/wp\/v2\/comments?post=14265"}],"wp:attachment":[{"href":"https:\/\/uj.adatbank.ro\/lexikon\/wp-json\/wp\/v2\/media?parent=14265"}],"wp:term":[{"taxonomy":"product_brand","embeddable":true,"href":"https:\/\/uj.adatbank.ro\/lexikon\/wp-json\/wp\/v2\/product_brand?post=14265"},{"taxonomy":"product_cat","embeddable":true,"href":"https:\/\/uj.adatbank.ro\/lexikon\/wp-json\/wp\/v2\/product_cat?post=14265"},{"taxonomy":"product_tag","embeddable":true,"href":"https:\/\/uj.adatbank.ro\/lexikon\/wp-json\/wp\/v2\/product_tag?post=14265"}],"curies":[{"name":"wp","href":"https:\/\/api.w.org\/{rel}","templated":true}]}}