{"id":14266,"date":"2025-07-15T12:56:05","date_gmt":"2025-07-15T10:56:05","guid":{"rendered":"https:\/\/uj.adatbank.ro\/lexikon\/termek\/madarasz-peter\/"},"modified":"2025-07-15T12:56:05","modified_gmt":"2025-07-15T10:56:05","slug":"madarasz-peter","status":"publish","type":"product","link":"https:\/\/uj.adatbank.ro\/lexikon\/termek\/madarasz-peter\/","title":{"rendered":"MADARASZ P\u00e9ter"},"content":{"rendered":"<p>? \u2020\u00a0?: madar\u00e1sz. \u2013 B\u00e1thory G\u00e1bort\u00f3l nemess\u00e9get kapott a g\u00f6rg\u00e9nyi uradalomban madar\u00e1szk\u00e9nt szerzett \u00e9rdemei\u00e9rt. C\u00edmere is \u0151t \u00e1br\u00e1zolja szakfoglalkoz\u00e1sa k\u00f6zben. <br \/><strong>Irod.:<\/strong> Sikl\u00f3ssy<\/br><\/p>\n","protected":false},"excerpt":{"rendered":"<p>? \u2020\u00a0?: madar\u00e1sz. \u2013 B\u00e1thory G\u00e1bort\u00f3l nemess\u00e9get kapott a g\u00f6rg\u00e9nyi uradalomban madar\u00e1szk\u00e9nt szerzett \u00e9rdemei\u00e9rt. C\u00edmere is \u0151t \u00e1br\u00e1zolja szakfoglalkoz\u00e1sa k\u00f6zben. Irod.: Sikl\u00f3ssy<\/p>\n","protected":false},"featured_media":0,"comment_status":"open","ping_status":"closed","template":"","meta":[],"product_brand":[],"product_cat":[137],"product_tag":[],"class_list":{"0":"post-14266","1":"product","2":"type-product","3":"status-publish","5":"product_cat-maros-megyei-eletrajzi-lexikon","7":"first","8":"instock","9":"shipping-taxable","10":"product-type-simple"},"_links":{"self":[{"href":"https:\/\/uj.adatbank.ro\/lexikon\/wp-json\/wp\/v2\/product\/14266","targetHints":{"allow":["GET"]}}],"collection":[{"href":"https:\/\/uj.adatbank.ro\/lexikon\/wp-json\/wp\/v2\/product"}],"about":[{"href":"https:\/\/uj.adatbank.ro\/lexikon\/wp-json\/wp\/v2\/types\/product"}],"replies":[{"embeddable":true,"href":"https:\/\/uj.adatbank.ro\/lexikon\/wp-json\/wp\/v2\/comments?post=14266"}],"wp:attachment":[{"href":"https:\/\/uj.adatbank.ro\/lexikon\/wp-json\/wp\/v2\/media?parent=14266"}],"wp:term":[{"taxonomy":"product_brand","embeddable":true,"href":"https:\/\/uj.adatbank.ro\/lexikon\/wp-json\/wp\/v2\/product_brand?post=14266"},{"taxonomy":"product_cat","embeddable":true,"href":"https:\/\/uj.adatbank.ro\/lexikon\/wp-json\/wp\/v2\/product_cat?post=14266"},{"taxonomy":"product_tag","embeddable":true,"href":"https:\/\/uj.adatbank.ro\/lexikon\/wp-json\/wp\/v2\/product_tag?post=14266"}],"curies":[{"name":"wp","href":"https:\/\/api.w.org\/{rel}","templated":true}]}}