{"id":14274,"date":"2025-07-15T12:56:20","date_gmt":"2025-07-15T10:56:20","guid":{"rendered":"https:\/\/uj.adatbank.ro\/lexikon\/termek\/maetz-frigyes\/"},"modified":"2025-07-15T12:56:20","modified_gmt":"2025-07-15T10:56:20","slug":"maetz-frigyes","status":"publish","type":"product","link":"https:\/\/uj.adatbank.ro\/lexikon\/termek\/maetz-frigyes\/","title":{"rendered":"MAETZ Frigyes"},"content":{"rendered":"<p>? \u2020 ?: m\u0171\u00e9p\u00edt\u00e9sz, topogr\u00e1fus. \u2013 Sz\u0151cs M\u00f3zes \u00e9p\u00edt\u00e9sszel k\u00f6z\u00f6sen tervezt\u00e9k \u00e9s \u00e9p\u00edtett\u00e9k fel Dics\u0151szentm\u00e1rtonban a v\u00e1rmegyei k\u00f6zk\u00f3rh\u00e1zat (1897), amely a mai napig m\u0171k\u00f6dik. Topogr\u00e1fus Mv.-en (1924 k.). <br \/><strong>Irod.:<\/strong> Almanah Tg.M.; Ily\u00e9s Tibor: Dics\u0151szentm\u00e1rton 90 \u00e9ve v\u00e1ros (N\u00fa., 2002. \u00e1pr. 25.)<\/br><\/p>\n","protected":false},"excerpt":{"rendered":"<p>? \u2020 ?: m\u0171\u00e9p\u00edt\u00e9sz, topogr\u00e1fus. \u2013 Sz\u0151cs M\u00f3zes \u00e9p\u00edt\u00e9sszel k\u00f6z\u00f6sen tervezt\u00e9k \u00e9s \u00e9p\u00edtett\u00e9k fel Dics\u0151szentm\u00e1rtonban a v\u00e1rmegyei k\u00f6zk\u00f3rh\u00e1zat (1897), amely a mai napig m\u0171k\u00f6dik. Topogr\u00e1fus Mv.-en (1924 k.). Irod.: Almanah Tg.M.; Ily\u00e9s Tibor: Dics\u0151szentm\u00e1rton 90 \u00e9ve v\u00e1ros (N\u00fa., 2002. \u00e1pr. 25.)<\/p>\n","protected":false},"featured_media":0,"comment_status":"open","ping_status":"closed","template":"","meta":[],"product_brand":[],"product_cat":[137],"product_tag":[],"class_list":{"0":"post-14274","1":"product","2":"type-product","3":"status-publish","5":"product_cat-maros-megyei-eletrajzi-lexikon","7":"first","8":"instock","9":"shipping-taxable","10":"product-type-simple"},"_links":{"self":[{"href":"https:\/\/uj.adatbank.ro\/lexikon\/wp-json\/wp\/v2\/product\/14274","targetHints":{"allow":["GET"]}}],"collection":[{"href":"https:\/\/uj.adatbank.ro\/lexikon\/wp-json\/wp\/v2\/product"}],"about":[{"href":"https:\/\/uj.adatbank.ro\/lexikon\/wp-json\/wp\/v2\/types\/product"}],"replies":[{"embeddable":true,"href":"https:\/\/uj.adatbank.ro\/lexikon\/wp-json\/wp\/v2\/comments?post=14274"}],"wp:attachment":[{"href":"https:\/\/uj.adatbank.ro\/lexikon\/wp-json\/wp\/v2\/media?parent=14274"}],"wp:term":[{"taxonomy":"product_brand","embeddable":true,"href":"https:\/\/uj.adatbank.ro\/lexikon\/wp-json\/wp\/v2\/product_brand?post=14274"},{"taxonomy":"product_cat","embeddable":true,"href":"https:\/\/uj.adatbank.ro\/lexikon\/wp-json\/wp\/v2\/product_cat?post=14274"},{"taxonomy":"product_tag","embeddable":true,"href":"https:\/\/uj.adatbank.ro\/lexikon\/wp-json\/wp\/v2\/product_tag?post=14274"}],"curies":[{"name":"wp","href":"https:\/\/api.w.org\/{rel}","templated":true}]}}